{"id":8856,"date":"2026-04-01T02:10:07","date_gmt":"2026-04-01T02:10:07","guid":{"rendered":"https:\/\/orchestrenouvellegeneration.com\/?page_id=8856"},"modified":"2026-04-01T22:32:15","modified_gmt":"2026-04-01T22:32:15","slug":"un-lundi-avec-rachmaninov","status":"publish","type":"page","link":"https:\/\/orchestrenouvellegeneration.com\/fr\/un-lundi-avec-rachmaninov\/","title":{"rendered":"UN LUNDI AVEC RACHMANINOV"},"content":{"rendered":"<div class=\"wpb-content-wrapper\"><p>[vc_row][vc_column width=\u00a0\u00bb2\/3&Prime;][vc_column_text css=\u00a0\u00bb\u00a0\u00bb]<\/p>\n<h2 style=\"font-weight: 700!important;\">UN LUNDI AVEC RACHMANINOV<\/h2>\n<p>LES PRINTEMPS SLAVES 2026<br \/>\n<strong>Festival international de la musique et des cultures slaves<br \/>\n<a href=\"https:\/\/www.mattherskowitzpiano.com\/copy-of-bio\" target=\"_blank\" rel=\"noopener\">Matt Herskowitz<\/a><\/strong>, piano[\/vc_column_text][vc_column_text css=\u00a0\u00bb\u00a0\u00bb]Et si un lundi ne ressemblait pas aux autres.<br \/>\nUn lundi avec Rachmaninov \u2014 comme une rencontre.<br \/>\nIntime, lyrique, parfois malicieuse, ouverte \u00e0 l\u2019inattendu.<\/p>\n<p>Une soir\u00e9e \u00e0 travers diff\u00e9rentes facettes de l\u2019univers de Sergei Rachmaninoff.<br \/>\nDe la m\u00e9ditation suspendue de l\u2019<em>Adagio<\/em> du Deuxi\u00e8me Quatuor \u00e0 la l\u00e9g\u00e8ret\u00e9 espi\u00e8gle de la <em>Polka italienne<\/em> \u2014 des \u0153uvres pour piano et musique de chambre, repens\u00e9es pour orchestre \u00e0 cordes, traversent une large palette d\u2019\u00e9motions.<\/p>\n<p>Elles y trouvent des couleurs et des textures qui semblent leur appartenir \u2014 comme si elles avaient \u00e9t\u00e9 imagin\u00e9es pour l\u2019orchestre \u00e0 cordes.<\/p>\n<p>La <em>Rhapsodie sur un th\u00e8me de Paganini<\/em> ouvre un autre espace : une relecture sign\u00e9e et interpr\u00e9t\u00e9e par le pianiste Matt Herskowitz, figure singuli\u00e8re et marquante au croisement du classique et du jazz, o\u00f9 les variations originales alternent avec des variations revisit\u00e9es dans un esprit jazz.<\/p>\n<p>Dans une structure en spirale, les formes apparaissent, se transforment, se rejoignent \u2014 laissant \u00e9merger un langage \u00e0 la fois familier et inattendu.<\/p>\n<p>Un lundi.<br \/>\nAutrement.[\/vc_column_text][vc_column_text css=\u00a0\u00bb\u00a0\u00bb]<\/p>\n<h5>Programme<\/h5>\n<p>Une s\u00e9lection d\u2019\u0153uvres de\u00a0<em>Rachmaninov<\/em> arrang\u00e9es pour orchestre \u00e0 cordes<\/p>\n<p><em>Rhapsodie sur un th\u00e8me de Paganini<\/em>, op. 43, pour piano et cordes<br \/>\n(Arr. Louis Sauter \u2013 Matt Herskowitz)<\/p>\n<p><strong><a href=\"https:\/\/www.mattherskowitzpiano.com\/copy-of-bio\" target=\"_blank\" rel=\"noopener\"><strong>Matt Herskowitz<\/strong><\/a><\/strong>, piano[\/vc_column_text][\/vc_column][vc_column width=\u00a0\u00bb1\/3&Prime;][vc_column_text css=\u00a0\u00bb\u00a0\u00bb]<strong>Lundi 1er juin 2026, 20h<\/strong><br \/>\n<strong>Salle de concert\u00a0du Conservatoire de Montr\u00e9al<\/strong>[\/vc_column_text][vc_single_image image=\u00a0\u00bb8853&Prime; img_size=\u00a0\u00bbmedium\u00a0\u00bb add_caption=\u00a0\u00bbyes\u00a0\u00bb onclick=\u00a0\u00bbcustom_link\u00a0\u00bb img_link_target=\u00a0\u00bb_blank\u00a0\u00bb css=\u00a0\u00bb\u00a0\u00bb link=\u00a0\u00bbhttps:\/\/www.mattherskowitzpiano.com\/copy-of-bio\u00a0\u00bb][vc_raw_html]JTNDZGl2JTIwY2xhc3MlM0QlMjJ2Y19idG4zLWNvbnRhaW5lciUyMHZjX2J0bjMtaW5saW5lJTIwdmNfZG9fYnRuJTIyJTIwJTNFJTNDYSUyMHN0eWxlJTNEJTIyYmFja2dyb3VuZC1jb2xvciUzQSUyMzg2MTIxNSUzQiUyMGNvbG9yJTNBJTIzZmZmZmZmJTNCJTIyJTIwY2xhc3MlM0QlMjJ2Y19nZW5lcmFsJTIwdmNfYnRuMyUyMHZjX2J0bjMtc2l6ZS1tZCUyMHZjX2J0bjMtc2hhcGUtcm91bmRlZCUyMHZjX2J0bjMtc3R5bGUtY3VzdG9tJTIyJTIwaHJlZiUzRCUyMmh0dHBzJTNBJTJGJTJGY29uc2VydmF0b2lyZS1tb250cmVhbC50dXhlZG9iaWxsZXQuY29tJTJGQ29uc2VydmF0b2lyZSUyNTIwTW9udHIlMjVDMyUyNUE5YWwlMkZtYXR0LWhlcnNrb3dpdHotZXQtb3JjaGVzdHJlLW5vdXZlbGxlLWdlbmVyYXRpb24lMjIlMjB0aXRsZSUzRCUyMiUyMiUyMHRhcmdldCUzRCUyMl9ibGFuayUyMiUzRUFDSEVURVolMjBCSUxMRVRTJTNDJTJGYSUzRSUzQyUyRmRpdiUzRQ==[\/vc_raw_html][\/vc_column][\/vc_row]<\/p>\n<\/div>","protected":false},"excerpt":{"rendered":"<p>[vc_row][vc_column width=\u00a0\u00bb2\/3&Prime;][vc_column_text css=\u00a0\u00bb\u00a0\u00bb] UN LUNDI AVEC RACHMANINOV LES PRINTEMPS SLAVES 2026 Festival international de la musique et des cultures slaves Matt Herskowitz, piano[\/vc_column_text][vc_column_text css=\u00a0\u00bb\u00a0\u00bb]Et si un<span class=\"excerpt-hellip\"> [\u2026]<\/span><\/p>\n","protected":false},"author":9,"featured_media":-1,"parent":0,"menu_order":0,"comment_status":"closed","ping_status":"closed","template":"","meta":{"footnotes":""},"class_list":["post-8856","page","type-page","status-publish","has-post-thumbnail","hentry"],"_links":{"self":[{"href":"https:\/\/orchestrenouvellegeneration.com\/fr\/wp-json\/wp\/v2\/pages\/8856","targetHints":{"allow":["GET"]}}],"collection":[{"href":"https:\/\/orchestrenouvellegeneration.com\/fr\/wp-json\/wp\/v2\/pages"}],"about":[{"href":"https:\/\/orchestrenouvellegeneration.com\/fr\/wp-json\/wp\/v2\/types\/page"}],"author":[{"embeddable":true,"href":"https:\/\/orchestrenouvellegeneration.com\/fr\/wp-json\/wp\/v2\/users\/9"}],"replies":[{"embeddable":true,"href":"https:\/\/orchestrenouvellegeneration.com\/fr\/wp-json\/wp\/v2\/comments?post=8856"}],"version-history":[{"count":5,"href":"https:\/\/orchestrenouvellegeneration.com\/fr\/wp-json\/wp\/v2\/pages\/8856\/revisions"}],"predecessor-version":[{"id":8879,"href":"https:\/\/orchestrenouvellegeneration.com\/fr\/wp-json\/wp\/v2\/pages\/8856\/revisions\/8879"}],"wp:featuredmedia":[{"embeddable":true,"href":"https:\/\/orchestrenouvellegeneration.com\/fr\/wp-json\/"}],"wp:attachment":[{"href":"https:\/\/orchestrenouvellegeneration.com\/fr\/wp-json\/wp\/v2\/media?parent=8856"}],"curies":[{"name":"wp","href":"https:\/\/api.w.org\/{rel}","templated":true}]}}