{"id":8771,"date":"2026-02-11T03:58:37","date_gmt":"2026-02-11T03:58:37","guid":{"rendered":"https:\/\/orchestrenouvellegeneration.com\/?page_id=8771"},"modified":"2026-02-25T14:01:00","modified_gmt":"2026-02-25T14:01:00","slug":"cache-cache-avec-mozart","status":"publish","type":"page","link":"https:\/\/orchestrenouvellegeneration.com\/fr\/cache-cache-avec-mozart\/","title":{"rendered":"CACHE-CACHE AVEC MOZART"},"content":{"rendered":"<div class=\"wpb-content-wrapper\"><p>[vc_row][vc_column width=\u00a0\u00bb2\/3&Prime;][vc_column_text css=\u00a0\u00bb\u00a0\u00bb]<\/p>\n<h2 style=\"font-weight: 700!important;\">CACHE-CACHE AVEC MOZART<\/h2>\n<p><em>Mozart D\u00e9brid\u00e9<\/em>[\/vc_column_text][vc_column_text css=\u00a0\u00bb\u00a0\u00bb]Un Mozart intense.<br \/>\nUn Mozart joueur.<\/p>\n<p>Un chef-d\u2019\u0153uvre en r\u00e9 mineur, profond et touchant. Un autre en mode jeu, libre et inattendu.<\/p>\n<p>Cache-cache avec Mozart r\u00e9unit un arrangement du Quatuor no 15 et une cr\u00e9ation de <a href=\"https:\/\/orchestrenouvellegeneration.com\/wp-content\/uploads\/2026\/02\/Yuliya-Zakharava-2026-FR.pdf\" target=\"_blank\" rel=\"noopener\"><strong>Yuliya Zakharava<\/strong><\/a> \u00e0 partir de Une petite musique de nuit, dans un hommage libre et d\u00e9brid\u00e9.[\/vc_column_text][vc_column_text css=\u00a0\u00bb\u00a0\u00bb]<\/p>\n<h5>Programme<\/h5>\n<p><a href=\"https:\/\/fr.wikipedia.org\/wiki\/Effet_Mozart\" target=\"_blank\" rel=\"noopener\"><strong>Wolfgang Amadeus Mozart<\/strong><\/a><br \/>\nQuatuor \u00e0 cordes no 15 en <em>r\u00e9 mineur<\/em>, K. 421<br \/>\n(arr. N.Turovsky)<\/p>\n<p><a href=\"https:\/\/orchestrenouvellegeneration.com\/wp-content\/uploads\/2026\/02\/Yuliya-Zakharava-2026-FR.pdf\" target=\"_blank\" rel=\"noopener\"><strong>Yuliya Zakharava<\/strong><\/a><br \/>\nJouer \u00e0 cache-cache avec Mozart (cr\u00e9ation)[\/vc_column_text][\/vc_column][vc_column width=\u00a0\u00bb1\/3&Prime;][vc_column_text]<strong>Jeudi, 5 mars 2026 \u2013 20 h<\/strong><br \/>\n<strong>Espace JAX, Montr\u00e9al (QC)<\/strong>[\/vc_column_text][vc_single_image image=\u00a0\u00bb8831&Prime; img_size=\u00a0\u00bbmedium\u00a0\u00bb add_caption=\u00a0\u00bbyes\u00a0\u00bb onclick=\u00a0\u00bbcustom_link\u00a0\u00bb img_link_target=\u00a0\u00bb_blank\u00a0\u00bb css=\u00a0\u00bb\u00a0\u00bb link=\u00a0\u00bbchttps:\/\/orchestrenouvellegeneration.com\/wp-content\/uploads\/2026\/02\/Yuliya-Zakharava-2026-FR.pdf\u00a0\u00bb][vc_single_image image=\u00a0\u00bb8756&Prime; img_size=\u00a0\u00bbmedium\u00a0\u00bb add_caption=\u00a0\u00bbyes\u00a0\u00bb onclick=\u00a0\u00bbcustom_link\u00a0\u00bb img_link_target=\u00a0\u00bb_blank\u00a0\u00bb css=\u00a0\u00bb\u00a0\u00bb link=\u00a0\u00bbchttps:\/\/orchestrenouvellegeneration.com\/wp-content\/uploads\/2026\/02\/Yuliya-Zakharava-2026-FR.pdf\u00a0\u00bb][\/vc_column][\/vc_row]<\/p>\n<\/div>","protected":false},"excerpt":{"rendered":"<p>[vc_row][vc_column width=\u00a0\u00bb2\/3&Prime;][vc_column_text css=\u00a0\u00bb\u00a0\u00bb] CACHE-CACHE AVEC MOZART Mozart D\u00e9brid\u00e9[\/vc_column_text][vc_column_text css=\u00a0\u00bb\u00a0\u00bb]Un Mozart intense. Un Mozart joueur. Un chef-d\u2019\u0153uvre en r\u00e9 mineur, profond et touchant. Un autre en mode<span class=\"excerpt-hellip\"> [\u2026]<\/span><\/p>\n","protected":false},"author":9,"featured_media":-1,"parent":0,"menu_order":0,"comment_status":"closed","ping_status":"closed","template":"","meta":{"footnotes":""},"class_list":["post-8771","page","type-page","status-publish","has-post-thumbnail","hentry"],"_links":{"self":[{"href":"https:\/\/orchestrenouvellegeneration.com\/fr\/wp-json\/wp\/v2\/pages\/8771","targetHints":{"allow":["GET"]}}],"collection":[{"href":"https:\/\/orchestrenouvellegeneration.com\/fr\/wp-json\/wp\/v2\/pages"}],"about":[{"href":"https:\/\/orchestrenouvellegeneration.com\/fr\/wp-json\/wp\/v2\/types\/page"}],"author":[{"embeddable":true,"href":"https:\/\/orchestrenouvellegeneration.com\/fr\/wp-json\/wp\/v2\/users\/9"}],"replies":[{"embeddable":true,"href":"https:\/\/orchestrenouvellegeneration.com\/fr\/wp-json\/wp\/v2\/comments?post=8771"}],"version-history":[{"count":16,"href":"https:\/\/orchestrenouvellegeneration.com\/fr\/wp-json\/wp\/v2\/pages\/8771\/revisions"}],"predecessor-version":[{"id":8846,"href":"https:\/\/orchestrenouvellegeneration.com\/fr\/wp-json\/wp\/v2\/pages\/8771\/revisions\/8846"}],"wp:featuredmedia":[{"embeddable":true,"href":"https:\/\/orchestrenouvellegeneration.com\/fr\/wp-json\/"}],"wp:attachment":[{"href":"https:\/\/orchestrenouvellegeneration.com\/fr\/wp-json\/wp\/v2\/media?parent=8771"}],"curies":[{"name":"wp","href":"https:\/\/api.w.org\/{rel}","templated":true}]}}