{"id":8755,"date":"2025-10-27T21:38:55","date_gmt":"2025-10-27T21:38:55","guid":{"rendered":"https:\/\/orchestrenouvellegeneration.com\/?page_id=8755"},"modified":"2025-10-31T13:25:24","modified_gmt":"2025-10-31T13:25:24","slug":"artistes-en-residence","status":"publish","type":"page","link":"https:\/\/orchestrenouvellegeneration.com\/fr\/artistes-en-residence\/","title":{"rendered":"Artistes en r\u00e9sidence"},"content":{"rendered":"<div class=\"wpb-content-wrapper\"><p>[vc_row][vc_column width=\u00a0\u00bb1\/4&Prime;][vc_single_image image=\u00a0\u00bb8756&Prime; img_size=\u00a0\u00bbfull\u00a0\u00bb add_caption=\u00a0\u00bbyes\u00a0\u00bb alignment=\u00a0\u00bbcenter\u00a0\u00bb onclick=\u00a0\u00bblink_image\u00a0\u00bb css=\u00a0\u00bb\u00a0\u00bb][\/vc_column][vc_column width=\u00a0\u00bb1\/2&Prime;][vc_column_text css=\u00a0\u00bb\u00a0\u00bb]Au fil des ans, l\u2019Orchestre Nouvelle G\u00e9n\u00e9ration a eu la chance de collaborer avec de nombreux artistes d\u2019exception. Parmi eux, la compositrice <a href=\"https:\/\/orchestrenouvellegeneration.com\/wp-content\/uploads\/2025\/10\/Yuliya-Zakharava-FR.pdf\" target=\"_blank\" rel=\"noopener\"><strong>Yuliya Zakharava<\/strong><\/a>\u00a0et l\u2019autrice-actrice <a href=\"https:\/\/orchestrenouvellegeneration.com\/wp-content\/uploads\/2025\/10\/Alina-Ichmouratov-bio-FR.pdf\" target=\"_blank\" rel=\"noopener\"><strong>Alina Ichmouratov<\/strong><\/a> occupent une place toute particuli\u00e8re.<\/p>\n<p>Leur pr\u00e9sence a transform\u00e9 la collaboration en un v\u00e9ritable dialogue cr\u00e9atif, o\u00f9 musique, parole et geste se r\u00e9pondent dans un m\u00eame \u00e9lan d\u2019imagination et de curiosit\u00e9.<\/p>\n<p>Ces rencontres ont fait na\u00eetre une affinit\u00e9 artistique profonde et un d\u00e9sir commun d\u2019aller plus loin. Ainsi, accueillir Yuliya et Alina <strong>en r\u00e9sidence<\/strong> s\u2019est impos\u00e9 tout naturellement : leurs \u0153uvres, con\u00e7ues sur mesure pour notre ensemble, <strong>deviennent \u2014 \u00e0 la joie de tous \u2014 le fruit d\u2019une cr\u00e9ation partag\u00e9e<\/strong>.[\/vc_column_text][\/vc_column][vc_column width=\u00a0\u00bb1\/4&Prime;][vc_single_image image=\u00a0\u00bb8758&Prime; img_size=\u00a0\u00bbfull\u00a0\u00bb add_caption=\u00a0\u00bbyes\u00a0\u00bb alignment=\u00a0\u00bbcenter\u00a0\u00bb onclick=\u00a0\u00bblink_image\u00a0\u00bb css=\u00a0\u00bb\u00a0\u00bb][\/vc_column][\/vc_row]<\/p>\n<\/div>","protected":false},"excerpt":{"rendered":"<p>[vc_row][vc_column width=\u00a0\u00bb1\/4&Prime;][vc_single_image image=\u00a0\u00bb8756&Prime; img_size=\u00a0\u00bbfull\u00a0\u00bb add_caption=\u00a0\u00bbyes\u00a0\u00bb alignment=\u00a0\u00bbcenter\u00a0\u00bb onclick=\u00a0\u00bblink_image\u00a0\u00bb css=\u00a0\u00bb\u00a0\u00bb][\/vc_column][vc_column width=\u00a0\u00bb1\/2&Prime;][vc_column_text css=\u00a0\u00bb\u00a0\u00bb]Au fil des ans, l\u2019Orchestre Nouvelle G\u00e9n\u00e9ration a eu la chance de collaborer avec de nombreux artistes<span class=\"excerpt-hellip\"> [\u2026]<\/span><\/p>\n","protected":false},"author":9,"featured_media":-1,"parent":0,"menu_order":0,"comment_status":"closed","ping_status":"closed","template":"","meta":{"footnotes":""},"class_list":["post-8755","page","type-page","status-publish","has-post-thumbnail","hentry"],"_links":{"self":[{"href":"https:\/\/orchestrenouvellegeneration.com\/fr\/wp-json\/wp\/v2\/pages\/8755","targetHints":{"allow":["GET"]}}],"collection":[{"href":"https:\/\/orchestrenouvellegeneration.com\/fr\/wp-json\/wp\/v2\/pages"}],"about":[{"href":"https:\/\/orchestrenouvellegeneration.com\/fr\/wp-json\/wp\/v2\/types\/page"}],"author":[{"embeddable":true,"href":"https:\/\/orchestrenouvellegeneration.com\/fr\/wp-json\/wp\/v2\/users\/9"}],"replies":[{"embeddable":true,"href":"https:\/\/orchestrenouvellegeneration.com\/fr\/wp-json\/wp\/v2\/comments?post=8755"}],"version-history":[{"count":2,"href":"https:\/\/orchestrenouvellegeneration.com\/fr\/wp-json\/wp\/v2\/pages\/8755\/revisions"}],"predecessor-version":[{"id":8769,"href":"https:\/\/orchestrenouvellegeneration.com\/fr\/wp-json\/wp\/v2\/pages\/8755\/revisions\/8769"}],"wp:featuredmedia":[{"embeddable":true,"href":"https:\/\/orchestrenouvellegeneration.com\/fr\/wp-json\/"}],"wp:attachment":[{"href":"https:\/\/orchestrenouvellegeneration.com\/fr\/wp-json\/wp\/v2\/media?parent=8755"}],"curies":[{"name":"wp","href":"https:\/\/api.w.org\/{rel}","templated":true}]}}