{"id":8693,"date":"2025-10-17T20:38:11","date_gmt":"2025-10-17T20:38:11","guid":{"rendered":"https:\/\/orchestrenouvellegeneration.com\/?page_id=8693"},"modified":"2025-10-21T15:07:07","modified_gmt":"2025-10-21T15:07:07","slug":"themes-variations","status":"publish","type":"page","link":"https:\/\/orchestrenouvellegeneration.com\/fr\/themes-variations\/","title":{"rendered":"Th\u00e8meS &#038; VariationS"},"content":{"rendered":"<div class=\"wpb-content-wrapper\"><p>[vc_row][vc_column width=\u00a0\u00bb2\/3&Prime;][vc_column_text css=\u00a0\u00bb\u00a0\u00bb]<\/p>\n<h2 style=\"font-weight: 700!important;\">Th\u00e8me<span style=\"color: red;\">S<\/span> &amp; Variation<span style=\"color: red;\">S<\/span><br \/>\nConcert-racont\u00e9 \/ Concertale<\/h2>\n<p>Avec <a href=\"https:\/\/orchestrenouvellegeneration.com\/wp-content\/uploads\/2025\/10\/Alina-Ichmouratov-bio-FR.pdf\" target=\"_blank\" rel=\"noopener\"><strong>Alina Ichmouratov<\/strong><\/a>, autrice et com\u00e9dienne[\/vc_column_text][vc_column_text css=\u00a0\u00bb\u00a0\u00bb]De la musique baroque au rock \u2014 un fascinant voyage \u00e0 travers les si\u00e8cles et les styles musicaux, o\u00f9 chaque \u0153uvre explore \u00e0 sa mani\u00e8re l\u2019art de la <a href=\"https:\/\/www.facebook.com\/photo?fbid=1375724007886015&amp;set=a.501216918670066\" target=\"_blank\" rel=\"noopener\"><em>Variation<\/em><\/a>.<\/p>\n<h3>Concert-racont\u00e9<\/h3>\n<p>Un concert ? Pas seulement.<br \/>\nUne histoire ? Pas tout \u00e0 fait.<br \/>\nCe concert-racont\u00e9 fait vibrer la musique, la parole et le geste dans une exp\u00e9rience intime et inattendue.<\/p>\n<p>Tout au long du spectacle, <a href=\"https:\/\/orchestrenouvellegeneration.com\/wp-content\/uploads\/2025\/10\/Alina-Ichmouratov-bio-FR.pdf\" target=\"_blank\" rel=\"noopener\"><strong>Alina Ichmouratov<\/strong><\/a>, jeune autrice et com\u00e9dienne de grand talent, incarne un personnage un peu hors du temps, habitant la sc\u00e8ne du d\u00e9but \u00e0 la fin du concert.<\/p>\n<p><strong>Un kal\u00e9idoscope<\/strong><br \/>\n<em>Th\u00e8meS &amp; VariationS<\/em> se d\u00e9ploie comme un kal\u00e9idoscope \u2014 six univers musicaux contrast\u00e9s, unis par l\u2019id\u00e9e de transformation et par les infinies possibilit\u00e9s de la Variation, chacun r\u00e9v\u00e9lant une facette diff\u00e9rente de ce genre intemporel.<\/p>\n<p>Le programme s\u2019ouvre sur <a href=\"https:\/\/en.wikipedia.org\/wiki\/Francesco_Geminiani\" target=\"_blank\" rel=\"noopener\"><strong>Francesco Geminiani<\/strong><\/a>, revisit\u00e9 par <a href=\"https:\/\/www.michiwiancko.com\/bio\" target=\"_blank\" rel=\"noopener\"><strong>Michi Wiancko<\/strong><\/a>, compositrice am\u00e9ricaine internationalement reconnue.<\/p>\n<p>Ses <em>Variations sur \u201cLa Follia\u201d<\/em> rendent hommage \u00e0 la virtuosit\u00e9 baroque tout en la r\u00e9inventant avec une \u00e9nergie et une fantaisie d\u2019aujourd\u2019hui.<\/p>\n<p>Chez <strong><a href=\"https:\/\/schnittke.org\/en\/index.html\" target=\"_blank\" rel=\"noopener\">Alfred Schnittke<\/a><\/strong>, les <em>Variations<\/em> deviennent une m\u00e9ditation sur la m\u00e9moire et sur ce qui d\u00e9passe les \u00e9motions humaines \u2014 une travers\u00e9e int\u00e9rieure d\u2019une s\u00e9r\u00e9nit\u00e9 touchant \u00e0 la transcendance.<\/p>\n<p>Chez <a href=\"https:\/\/en.wikipedia.org\/wiki\/Felix_Mendelssohn\" target=\"_blank\" rel=\"noopener\"><strong>Felix Mendelssohn<\/strong><\/a>, elles se d\u00e9ploient comme un jeu de lumi\u00e8re et de transparence, traversant une large palette d\u2019\u00e9motions.<\/p>\n<p><a href=\"https:\/\/orchestrenouvellegeneration.com\/wp-content\/uploads\/2025\/10\/Yuliya-Zakharava-FR.pdf\" target=\"_blank\" rel=\"noopener\"><strong>Yuliya Zakharava<\/strong><\/a>, compositrice reconnue pour sa voix singuli\u00e8re et audacieuse, signe une cr\u00e9ation extravagante, <em>Variations en qu\u00eate du th\u00e8me<\/em> \u2014 clin d\u2019\u0153il \u00e0 <em>Six personnages<\/em> en qu\u00eate d\u2019auteur de <strong>Luigi Pirandello<\/strong>, o\u00f9 la notion m\u00eame de \u00ab th\u00e8me \u00bb devient fluide et insaisissable.<\/p>\n<p>Enfin, le compositeur suisse, <a href=\"https:\/\/www.danielschnyder.com\/biography.php\" target=\"_blank\" rel=\"noopener\"><strong>Daniel Schnyder<\/strong><\/a>, c\u00e9l\u00e9br\u00e9 pour son imagination foisonnante, propulse deux ic\u00f4nes du rock \u2014 <a href=\"https:\/\/en.wikipedia.org\/wiki\/Jimi_Hendrix\" target=\"_blank\" rel=\"noopener\"><strong>Jimi Hendrix<\/strong><\/a> et <a href=\"https:\/\/en.wikipedia.org\/wiki\/The_Rolling_Stones\" target=\"_blank\" rel=\"noopener\"><strong>The Rolling Stones<\/strong><\/a> \u2014 dans un univers orchestral \u00e9clat\u00e9, jubilatoire et libre.<\/p>\n<p><em>Th\u00e8meS &amp; VariationS \u2013 Concertale<\/em> devient \u00e0 la fois une c\u00e9l\u00e9bration et une exploration de la variation sous toutes ses formes \u2014 musicales, humaines, po\u00e9tiques.[\/vc_column_text][vc_column_text css=\u00a0\u00bb\u00a0\u00bb]<\/p>\n<h5>Program<\/h5>\n<p><strong>Geminiani<\/strong> (M. Wiancko) \u2014 <em>Variations sur \u00ab La Folia \u00bb<\/em><br \/>\n<strong>Schnittke<\/strong> \u2014 <em>Variations pour quatuor \u00e0 cordes<\/em><br \/>\n<strong>Mendelssohn<\/strong> \u2014 <em>Tema con Variazioni<\/em><br \/>\n<strong>Yuliya Zakharava<\/strong> \u2014 <em>Variations en qu\u00eate du th\u00e8me<\/em> (Creation)<br \/>\n<strong>J. Hendrix<\/strong>, arr. <strong>D. Schnyder<\/strong> \u2014 <em>Variations sur \u00ab Purple Haze \u00bb<\/em><br \/>\n<strong>Jagger\/Richards<\/strong>, arr. <strong>D. Schnyder<\/strong> \u2014 <em>Variations sur \u00ab Sympathy for the Devil \u00bb<\/em>[\/vc_column_text][\/vc_column][vc_column width=\u00a0\u00bb1\/3&Prime;][vc_single_image image=\u00a0\u00bb8679&Prime; img_size=\u00a0\u00bblarge\u00a0\u00bb add_caption=\u00a0\u00bbyes\u00a0\u00bb onclick=\u00a0\u00bbcustom_link\u00a0\u00bb img_link_target=\u00a0\u00bb_blank\u00a0\u00bb css=\u00a0\u00bb\u00a0\u00bb link=\u00a0\u00bbhttps:\/\/orchestrenouvellegeneration.com\/wp-content\/uploads\/2025\/10\/Alina-Ichmouratov-bio-EN.pdf\u00a0\u00bb][\/vc_column][\/vc_row]<\/p>\n<\/div>","protected":false},"excerpt":{"rendered":"<p>[vc_row][vc_column width=\u00a0\u00bb2\/3&Prime;][vc_column_text css=\u00a0\u00bb\u00a0\u00bb] Th\u00e8meS &amp; VariationS Concert-racont\u00e9 \/ Concertale Avec Alina Ichmouratov, autrice et com\u00e9dienne[\/vc_column_text][vc_column_text css=\u00a0\u00bb\u00a0\u00bb]De la musique baroque au rock \u2014 un fascinant voyage \u00e0<span class=\"excerpt-hellip\"> [\u2026]<\/span><\/p>\n","protected":false},"author":9,"featured_media":-1,"parent":0,"menu_order":0,"comment_status":"closed","ping_status":"closed","template":"","meta":{"footnotes":""},"class_list":["post-8693","page","type-page","status-publish","has-post-thumbnail","hentry"],"_links":{"self":[{"href":"https:\/\/orchestrenouvellegeneration.com\/fr\/wp-json\/wp\/v2\/pages\/8693","targetHints":{"allow":["GET"]}}],"collection":[{"href":"https:\/\/orchestrenouvellegeneration.com\/fr\/wp-json\/wp\/v2\/pages"}],"about":[{"href":"https:\/\/orchestrenouvellegeneration.com\/fr\/wp-json\/wp\/v2\/types\/page"}],"author":[{"embeddable":true,"href":"https:\/\/orchestrenouvellegeneration.com\/fr\/wp-json\/wp\/v2\/users\/9"}],"replies":[{"embeddable":true,"href":"https:\/\/orchestrenouvellegeneration.com\/fr\/wp-json\/wp\/v2\/comments?post=8693"}],"version-history":[{"count":18,"href":"https:\/\/orchestrenouvellegeneration.com\/fr\/wp-json\/wp\/v2\/pages\/8693\/revisions"}],"predecessor-version":[{"id":8753,"href":"https:\/\/orchestrenouvellegeneration.com\/fr\/wp-json\/wp\/v2\/pages\/8693\/revisions\/8753"}],"wp:featuredmedia":[{"embeddable":true,"href":"https:\/\/orchestrenouvellegeneration.com\/fr\/wp-json\/"}],"wp:attachment":[{"href":"https:\/\/orchestrenouvellegeneration.com\/fr\/wp-json\/wp\/v2\/media?parent=8693"}],"curies":[{"name":"wp","href":"https:\/\/api.w.org\/{rel}","templated":true}]}}