{"id":8549,"date":"2024-04-26T20:27:46","date_gmt":"2024-04-26T20:27:46","guid":{"rendered":"https:\/\/orchestrenouvellegeneration.com\/?page_id=8549"},"modified":"2024-04-27T20:31:25","modified_gmt":"2024-04-27T20:31:25","slug":"autour-de-chopin","status":"publish","type":"page","link":"https:\/\/orchestrenouvellegeneration.com\/fr\/autour-de-chopin\/","title":{"rendered":"Autour de Chopin"},"content":{"rendered":"<div class=\"wpb-content-wrapper\"><p>[vc_row][vc_column width=\u00a0\u00bb2\/3&Prime;][vc_column_text css=\u00a0\u00bb\u00a0\u00bb]<\/p>\n<h2>AUTOUR DE CHOPIN<\/h2>\n<h5>LES PRINTEMPS SLAVES<\/h5>\n<p><strong>Festival international de la musique et des cultures slaves<\/strong><\/p>\n<h4><a href=\"https:\/\/www.mattherskowitzpiano.com\/copy-of-bio\" target=\"_blank\" rel=\"noopener\"><strong>Matt Herskowitz<\/strong><\/a>, piano<\/h4>\n<h5>Programme<\/h5>\n<p>Une s\u00e9lection d&rsquo;\u0153uvres de <strong>Chopin<\/strong> arrang\u00e9es pour orchestre \u00e0 cordes<\/p>\n<p>Concerto n<sup>o<\/sup> 2 en <em>fa mineur<\/em> pour piano et cordes.<br \/>\nArrangement <strong>Matt Herskowitz<\/strong><\/p>\n<p>Embarquez pour un voyage captivant \u00e0 travers les chefs-d\u2019\u0153uvre intemporels de Chopin, vus sous de nouvelles perspectives et impr\u00e9gn\u00e9s de twists uniques, aux c\u00f4t\u00e9s du c\u00e9l\u00e8bre pianiste virtuose Matt Herskowitz et des talentueux musiciens de l\u2019Orchestre Nouvelle G\u00e9n\u00e9ration.<\/p>\n<p>D\u00e8s le d\u00e9part, plongez-vous dans une s\u00e9lection enchanteresse des \u0153uvres pour piano de Chopin d\u00e9licatement transpos\u00e9es pour les cordes. Explorez la riche palette de couleurs et de textures propres aux cordes, enflammant l\u2019imagination alors que nous contemplons les possibilit\u00e9s transformatrices si ces compositions avaient \u00e9t\u00e9 originalement con\u00e7ues pour ce medium.<\/p>\n<p>Vivez l\u2019apog\u00e9e de la soir\u00e9e avec la fusion magistrale de Matt Herskowitz, alliant le classique et le jazz dans sa transcription unique du Concerto N<sup>o<\/sup> 2 de Chopin. Chaque note vous laissera sans voix, de l\u2019ouverture au grand final.<\/p>\n<p><strong><em>Autour de Chopin<\/em><\/strong> promet une soir\u00e9e inoubliable, une exploration \u00e0 ne pas manquer[\/vc_column_text][vc_btn title=\u00a0\u00bbBILLETTERIE\u00a0\u00bb style=\u00a0\u00bbcustom\u00a0\u00bb custom_background=\u00a0\u00bb#861215&Prime; custom_text=\u00a0\u00bb#ffffff\u00a0\u00bb css=\u00a0\u00bb\u00a0\u00bb link=\u00a0\u00bburl:https%3A%2F%2Fconservatoire-montreal.tuxedobillet.com%2FConservatoire%2520Montr%25C3%25A9al%2Fautour-de-chopin|target:_blank\u00a0\u00bb][\/vc_column][vc_column width=\u00a0\u00bb1\/3&Prime;][vc_single_image image=\u00a0\u00bb8553&Prime; img_size=\u00a0\u00bblarge\u00a0\u00bb add_caption=\u00a0\u00bbyes\u00a0\u00bb onclick=\u00a0\u00bbcustom_link\u00a0\u00bb img_link_target=\u00a0\u00bb_blank\u00a0\u00bb css=\u00a0\u00bb\u00a0\u00bb link=\u00a0\u00bbhttps:\/\/www.mattherskowitzpiano.com\/copy-of-bio\u00a0\u00bb][\/vc_column][\/vc_row]<\/p>\n<\/div>","protected":false},"excerpt":{"rendered":"<p>[vc_row][vc_column width=\u00a0\u00bb2\/3&Prime;][vc_column_text css=\u00a0\u00bb\u00a0\u00bb] AUTOUR DE CHOPIN LES PRINTEMPS SLAVES Festival international de la musique et des cultures slaves Matt Herskowitz, piano Programme Une s\u00e9lection d&rsquo;\u0153uvres de<span class=\"excerpt-hellip\"> [\u2026]<\/span><\/p>\n","protected":false},"author":9,"featured_media":0,"parent":0,"menu_order":0,"comment_status":"closed","ping_status":"closed","template":"","meta":{"footnotes":""},"class_list":["post-8549","page","type-page","status-publish","hentry"],"_links":{"self":[{"href":"https:\/\/orchestrenouvellegeneration.com\/fr\/wp-json\/wp\/v2\/pages\/8549","targetHints":{"allow":["GET"]}}],"collection":[{"href":"https:\/\/orchestrenouvellegeneration.com\/fr\/wp-json\/wp\/v2\/pages"}],"about":[{"href":"https:\/\/orchestrenouvellegeneration.com\/fr\/wp-json\/wp\/v2\/types\/page"}],"author":[{"embeddable":true,"href":"https:\/\/orchestrenouvellegeneration.com\/fr\/wp-json\/wp\/v2\/users\/9"}],"replies":[{"embeddable":true,"href":"https:\/\/orchestrenouvellegeneration.com\/fr\/wp-json\/wp\/v2\/comments?post=8549"}],"version-history":[{"count":7,"href":"https:\/\/orchestrenouvellegeneration.com\/fr\/wp-json\/wp\/v2\/pages\/8549\/revisions"}],"predecessor-version":[{"id":8599,"href":"https:\/\/orchestrenouvellegeneration.com\/fr\/wp-json\/wp\/v2\/pages\/8549\/revisions\/8599"}],"wp:attachment":[{"href":"https:\/\/orchestrenouvellegeneration.com\/fr\/wp-json\/wp\/v2\/media?parent=8549"}],"curies":[{"name":"wp","href":"https:\/\/api.w.org\/{rel}","templated":true}]}}