{"id":8502,"date":"2023-05-11T01:31:03","date_gmt":"2023-05-11T01:31:03","guid":{"rendered":"https:\/\/orchestrenouvellegeneration.com\/?page_id=8502"},"modified":"2023-05-11T19:50:47","modified_gmt":"2023-05-11T19:50:47","slug":"grandes-miniatures","status":"publish","type":"page","link":"https:\/\/orchestrenouvellegeneration.com\/fr\/saison-2023\/grandes-miniatures\/","title":{"rendered":"Saison 2023"},"content":{"rendered":"<div class=\"wpb-content-wrapper\"><p>[vc_row][vc_column width=\u00a0\u00bb2\/3&Prime;][vc_column_text]<\/p>\n<h2>GRANDES MINIATURES<\/h2>\n<h4>LES PRINTEMPS SLAVES 2023<br \/>\nFestival international de la musique et des cultures slaves<\/h4>\n<p>L&rsquo;Orchestre Nouvelle G\u00e9n\u00e9ration pr\u00e9sente un programme cr\u00e9\u00e9 autour de miniatures de compositeurs slaves. Certaines sont connues, d&rsquo;autres sont de magnifiques d\u00e9couvertes. Venez d\u00e9couvrir l&rsquo;extraordinaire diversit\u00e9 de ces vignettes musicales enchant\u00e9es par les impressions po\u00e9tiques d&rsquo;Alina Ichmouratov, jeune com\u00e9dienne et po\u00e8te de grand talent. Un programme des plus charmants, \u00e0 ne pas manquer !<\/p>\n<h3><strong>Programme<\/strong><\/h3>\n<p><strong>P. I. TCHAIKOVSKY<\/strong> Andante Cantabile<br \/>\n<strong>A. SURA<\/strong> Sura&rsquo;s Polka<br \/>\n<strong>D. SHOSTAKOVICH<\/strong> 3 preludes<br \/>\n<strong>F. CHOPIN<\/strong> Pr\u00e9lude no 15 en <em>r\u00e9 b\u00e9mol<\/em> majeur, \u00ab La goutte d&rsquo;eau \u00bb<br \/>\n<strong>A. DVO<\/strong><strong>\u0158\u00c1K<\/strong> Silent Woods<br \/>\n<strong>I. STRAVINSKY<\/strong> Tango<br \/>\n<strong>S. PROKOFIEV<\/strong> Marche tir\u00e9e de \u00ab L&rsquo;amour des trois oranges \u00bb<br \/>\n<strong>CHANSON FOLKLORIQUE UKRAINIENNE<\/strong> \u00ab Plyne Kacha&#8230; \u00bb<br \/>\n<strong>S. PROKOFIEV<\/strong> \u00ab Danse des chevaliers \u00bb<br \/>\n<strong>O. PODGAISKAYA<\/strong> I Walk Around Other People&rsquo;s Courtyards<br \/>\n<strong>A. SCHNITTKE<\/strong> Mischievous Polka[\/vc_column_text][vc_btn title=\u00a0\u00bbBILLETTERIE\u00a0\u00bb style=\u00a0\u00bbcustom\u00a0\u00bb custom_background=\u00a0\u00bb#861215&Prime; custom_text=\u00a0\u00bb#ffffff\u00a0\u00bb link=\u00a0\u00bburl:https%3A%2F%2Fwww.printempsslaves.ca%2Fsaison2023.html%2318mai2023|target:_blank\u00a0\u00bb][\/vc_column][vc_column width=\u00a0\u00bb1\/3&Prime;][vc_single_image image=\u00a0\u00bb8506&Prime; img_size=\u00a0\u00bblarge\u00a0\u00bb add_caption=\u00a0\u00bbyes\u00a0\u00bb onclick=\u00a0\u00bbcustom_link\u00a0\u00bb img_link_target=\u00a0\u00bb_blank\u00a0\u00bb link=\u00a0\u00bbhttps:\/\/orchestrenouvellegeneration.com\/wp-content\/uploads\/2023\/05\/Alina-Biographies.pdf\u00a0\u00bb][\/vc_column][\/vc_row]<\/p>\n<\/div>","protected":false},"excerpt":{"rendered":"<p>[vc_row][vc_column width=\u00a0\u00bb2\/3&Prime;][vc_column_text] GRANDES MINIATURES LES PRINTEMPS SLAVES 2023 Festival international de la musique et des cultures slaves L&rsquo;Orchestre Nouvelle G\u00e9n\u00e9ration pr\u00e9sente un programme cr\u00e9\u00e9 autour de<span class=\"excerpt-hellip\"> [\u2026]<\/span><\/p>\n","protected":false},"author":9,"featured_media":0,"parent":8440,"menu_order":0,"comment_status":"closed","ping_status":"closed","template":"","meta":{"footnotes":""},"class_list":["post-8502","page","type-page","status-publish","hentry"],"_links":{"self":[{"href":"https:\/\/orchestrenouvellegeneration.com\/fr\/wp-json\/wp\/v2\/pages\/8502","targetHints":{"allow":["GET"]}}],"collection":[{"href":"https:\/\/orchestrenouvellegeneration.com\/fr\/wp-json\/wp\/v2\/pages"}],"about":[{"href":"https:\/\/orchestrenouvellegeneration.com\/fr\/wp-json\/wp\/v2\/types\/page"}],"author":[{"embeddable":true,"href":"https:\/\/orchestrenouvellegeneration.com\/fr\/wp-json\/wp\/v2\/users\/9"}],"replies":[{"embeddable":true,"href":"https:\/\/orchestrenouvellegeneration.com\/fr\/wp-json\/wp\/v2\/comments?post=8502"}],"version-history":[{"count":6,"href":"https:\/\/orchestrenouvellegeneration.com\/fr\/wp-json\/wp\/v2\/pages\/8502\/revisions"}],"predecessor-version":[{"id":8527,"href":"https:\/\/orchestrenouvellegeneration.com\/fr\/wp-json\/wp\/v2\/pages\/8502\/revisions\/8527"}],"up":[{"embeddable":true,"href":"https:\/\/orchestrenouvellegeneration.com\/fr\/wp-json\/wp\/v2\/pages\/8440"}],"wp:attachment":[{"href":"https:\/\/orchestrenouvellegeneration.com\/fr\/wp-json\/wp\/v2\/media?parent=8502"}],"curies":[{"name":"wp","href":"https:\/\/api.w.org\/{rel}","templated":true}]}}