{"id":8462,"date":"2023-02-06T21:09:25","date_gmt":"2023-02-06T21:09:25","guid":{"rendered":"https:\/\/orchestrenouvellegeneration.com\/saison-2023\/golem\/"},"modified":"2023-05-11T19:48:55","modified_gmt":"2023-05-11T19:48:55","slug":"golem","status":"publish","type":"page","link":"https:\/\/orchestrenouvellegeneration.com\/fr\/saison-2023\/golem\/","title":{"rendered":"GOLEM"},"content":{"rendered":"<div class=\"wpb-content-wrapper\"><p>[vc_row][vc_column width=\u00a0\u00bb2\/3&Prime;][vc_column_text]<\/p>\n<h2>GOLEM<\/h2>\n<h4>Festival Montr\u00e9al\/Nouvelles musiques 2023 \u2013 SMCQ<br \/>\nMUSIQUE CONTEMPORAINE<\/h4>\n<h5>Coproduction Montr\u00e9al\/Nouvelles Musiques, Orchestre Nouvelle G\u00e9n\u00e9ration et Fila 13 Productions.<\/h5>\n<p><strong>Une fresque musicale, chor\u00e9graphique et visuelle, inou\u00efe!<\/strong><br \/>\nPr\u00e9sent\u00e9 en cr\u00e9ation, Golem ou\u00a0<em>La fin du commencement\u2026 as slow as Golem\u2019s eyes<\/em>\u00a0fusionne musique, danse et peinture dans un dialogue infini. \u00c0 travers le mythe du Golem,\u00a0<strong><a style=\"text-decoration: none;\" href=\"https:\/\/smcq.qc.ca\/smcq\/fr\/artiste\/zakharava_yu\/yuliya-zakharava\" target=\"_blank\" rel=\"noopener\">Yuliya Zakharava<\/a><\/strong>\u00a0interroge le processus de cr\u00e9ation et la relation entre les arts d\u2019une mani\u00e8re abstraite, spirituelle et passionn\u00e9e. Sur sc\u00e8ne, les cordes de l\u2019<strong><a style=\"text-decoration: none;\" href=\"https:\/\/smcq.qc.ca\/smcq\/fr\/artiste\/orchestrenouvellegen_\/orchestre-nouvelle-generation\" target=\"_blank\" rel=\"noopener\">Orchestre Nouvelle G\u00e9n\u00e9ration<\/a><\/strong>\u00a0et le minutieux vocabulaire chor\u00e9graphique de\u00a0<strong><a style=\"text-decoration: none;\" href=\"https:\/\/smcq.qc.ca\/smcq\/fr\/artiste\/cruz_li\/lina-cruz\" target=\"_blank\" rel=\"noopener\">Lina Cruz<\/a><\/strong>\u00a0habitent les mouvements des danseurs, tandis que l\u2019univers pictural fantasque de\u00a0<strong><a style=\"text-decoration: none;\" href=\"https:\/\/smcq.qc.ca\/smcq\/fr\/artiste\/turovsky_na\/natasha-turovsky\" target=\"_blank\" rel=\"noopener\">Natasha Turovsky<\/a><\/strong>\u00a0habille la performance.<\/p>\n<h3><strong>Programme<\/strong><\/h3>\n<p><strong>YULIYA ZAKHARAVA<\/strong><br \/>\nLa fin du commencement\u2026 as slow as Golem\u2019s eyes &#8211; <em><strong>Cr\u00e9ation<\/strong><\/em><\/p>\n<h3><strong>Participant-es<\/strong><\/h3>\n<p><strong><a style=\"text-decoration: none;\" href=\"https:\/\/smcq.qc.ca\/smcq\/en\/artiste\/productionsfila13_\/productions-fila-13\" target=\"_blank\" rel=\"noopener\">Productions Fila 13<\/a><\/strong><br \/>\n<a style=\"text-decoration: none;\" href=\"https:\/\/smcq.qc.ca\/smcq\/en\/artiste\/cruz_li\/lina-cruz\" target=\"_blank\" rel=\"noopener\">Lina Cruz<\/a>, chor\u00e9graphie, costumes; <a style=\"text-decoration: none;\" href=\"https:\/\/smcq.qc.ca\/smcq\/en\/artiste\/davidson_da\/danielle-davidson\" target=\"_blank\" rel=\"noopener\">Danielle Davidson<\/a>, danse; <a style=\"text-decoration: none;\" href=\"https:\/\/smcq.qc.ca\/smcq\/en\/artiste\/turmine_an\/antoine-turmine\" target=\"_blank\" rel=\"noopener\">Antoine Turmine<\/a>, danse; <a style=\"text-decoration: none;\" href=\"https:\/\/smcq.qc.ca\/smcq\/en\/artiste\/robitaille_ge\/genevieve-robitaille\" target=\"_blank\" rel=\"noopener\">Genevi\u00e8ve Robitaille<\/a>, danse[\/vc_column_text][vc_btn title=\u00a0\u00bbBILLETTERIE\u00a0\u00bb style=\u00a0\u00bbcustom\u00a0\u00bb custom_background=\u00a0\u00bb#861215&Prime; custom_text=\u00a0\u00bb#ffffff\u00a0\u00bb link=\u00a0\u00bburl:https%3A%2F%2Fsmcq.qc.ca%2Fsmcq%2Ffr%2Fevenement%2F45054%2Fgolem|target:_blank\u00a0\u00bb][\/vc_column][vc_column width=\u00a0\u00bb1\/3&Prime;][vc_single_image image=\u00a0\u00bb8444&Prime; img_size=\u00a0\u00bblarge\u00a0\u00bb add_caption=\u00a0\u00bbyes\u00a0\u00bb onclick=\u00a0\u00bblink_image\u00a0\u00bb][\/vc_column][\/vc_row]<\/p>\n<\/div>","protected":false},"excerpt":{"rendered":"<p>[vc_row][vc_column width=\u00a0\u00bb2\/3&Prime;][vc_column_text] GOLEM Festival Montr\u00e9al\/Nouvelles musiques 2023 \u2013 SMCQ MUSIQUE CONTEMPORAINE Coproduction Montr\u00e9al\/Nouvelles Musiques, Orchestre Nouvelle G\u00e9n\u00e9ration et Fila 13 Productions. Une fresque musicale, chor\u00e9graphique et<span class=\"excerpt-hellip\"> [\u2026]<\/span><\/p>\n","protected":false},"author":9,"featured_media":0,"parent":8440,"menu_order":0,"comment_status":"closed","ping_status":"closed","template":"","meta":{"footnotes":""},"class_list":["post-8462","page","type-page","status-publish","hentry"],"_links":{"self":[{"href":"https:\/\/orchestrenouvellegeneration.com\/fr\/wp-json\/wp\/v2\/pages\/8462","targetHints":{"allow":["GET"]}}],"collection":[{"href":"https:\/\/orchestrenouvellegeneration.com\/fr\/wp-json\/wp\/v2\/pages"}],"about":[{"href":"https:\/\/orchestrenouvellegeneration.com\/fr\/wp-json\/wp\/v2\/types\/page"}],"author":[{"embeddable":true,"href":"https:\/\/orchestrenouvellegeneration.com\/fr\/wp-json\/wp\/v2\/users\/9"}],"replies":[{"embeddable":true,"href":"https:\/\/orchestrenouvellegeneration.com\/fr\/wp-json\/wp\/v2\/comments?post=8462"}],"version-history":[{"count":11,"href":"https:\/\/orchestrenouvellegeneration.com\/fr\/wp-json\/wp\/v2\/pages\/8462\/revisions"}],"predecessor-version":[{"id":8526,"href":"https:\/\/orchestrenouvellegeneration.com\/fr\/wp-json\/wp\/v2\/pages\/8462\/revisions\/8526"}],"up":[{"embeddable":true,"href":"https:\/\/orchestrenouvellegeneration.com\/fr\/wp-json\/wp\/v2\/pages\/8440"}],"wp:attachment":[{"href":"https:\/\/orchestrenouvellegeneration.com\/fr\/wp-json\/wp\/v2\/media?parent=8462"}],"curies":[{"name":"wp","href":"https:\/\/api.w.org\/{rel}","templated":true}]}}