{"id":8359,"date":"2022-05-02T12:25:17","date_gmt":"2022-05-02T12:25:17","guid":{"rendered":"https:\/\/orchestrenouvellegeneration.com\/?page_id=8359"},"modified":"2022-06-10T20:11:09","modified_gmt":"2022-06-10T20:11:09","slug":"la-nuit-des-balkans","status":"publish","type":"page","link":"https:\/\/orchestrenouvellegeneration.com\/fr\/saison-2022\/la-nuit-des-balkans\/","title":{"rendered":"LA NUIT DES BALKANS"},"content":{"rendered":"<div class=\"wpb-content-wrapper\"><p>[vc_row][vc_column width=\u00a0\u00bb2\/3&Prime;][vc_column_text]<\/p>\n<h2>LA NUIT DES BALKANS<\/h2>\n<p>Passez une soir\u00e9e inoubliable \u00e0 c\u00e9l\u00e9brer la musique des Balkans en compagnie de l&rsquo;Orchestre Nouvelle G\u00e9n\u00e9ration et de ses magnifiques solistes, <strong>Paul Merkelo<\/strong> \u00e0 la trompette, <strong>Andr\u00e9 Moissan<\/strong> \u00e0 la clarinette et <strong>Alexandru Sura<\/strong> au cymbalum !<\/p>\n<p><a style=\"text-decoration: none;\" href=\"http:\/\/www.paulmerkelotrumpet.com\/bio\" target=\"_blank\" rel=\"noopener\"><strong>PAUL MERKELO<\/strong><\/a> trompette<br \/>\n<a style=\"text-decoration: none;\" href=\"https:\/\/www.andremoisan.com\/\" target=\"_blank\" rel=\"noopener\"><strong>ANDR\u00c9 MOISAN<\/strong><\/a> clarinette<br \/>\n<a style=\"text-decoration: none;\" href=\"https:\/\/www.alexandrusura.com\/biography-cv\" target=\"_blank\" rel=\"noopener\"><strong>ALEXANDRU SURA<\/strong><\/a> cymbalum<\/p>\n<h3><strong>Programme<\/strong><\/h3>\n<p><strong>B\u00c9LA BART\u00d3K<br \/>\n<\/strong>Danses populaires roumaines<\/p>\n<p><strong>ALEXANDRU SURA<br \/>\n<\/strong>Anti-Polka<br \/>\nMusique des Balkans arrang\u00e9e pour trompette, clarinette, cymbalum et orchestre de chambre.[\/vc_column_text][vc_column_text]<\/p>\n<h4><strong>*Les billets sont disponibles \u00e0 la porte avant le concert.<\/strong><\/h4>\n<p>[\/vc_column_text][\/vc_column][vc_column width=\u00a0\u00bb1\/3&Prime;][vc_single_image image=\u00a0\u00bb8366&Prime; img_size=\u00a0\u00bbmedium\u00a0\u00bb add_caption=\u00a0\u00bbyes\u00a0\u00bb onclick=\u00a0\u00bblink_image\u00a0\u00bb][vc_single_image image=\u00a0\u00bb8368&Prime; img_size=\u00a0\u00bbmedium\u00a0\u00bb add_caption=\u00a0\u00bbyes\u00a0\u00bb onclick=\u00a0\u00bblink_image\u00a0\u00bb][vc_single_image image=\u00a0\u00bb8376&Prime; img_size=\u00a0\u00bbmedium\u00a0\u00bb add_caption=\u00a0\u00bbyes\u00a0\u00bb onclick=\u00a0\u00bblink_image\u00a0\u00bb][\/vc_column][\/vc_row]<\/p>\n<\/div>","protected":false},"excerpt":{"rendered":"<p>[vc_row][vc_column width=\u00a0\u00bb2\/3&Prime;][vc_column_text] LA NUIT DES BALKANS Passez une soir\u00e9e inoubliable \u00e0 c\u00e9l\u00e9brer la musique des Balkans en compagnie de l&rsquo;Orchestre Nouvelle G\u00e9n\u00e9ration et de ses magnifiques<span class=\"excerpt-hellip\"> [\u2026]<\/span><\/p>\n","protected":false},"author":9,"featured_media":0,"parent":8229,"menu_order":0,"comment_status":"closed","ping_status":"closed","template":"","meta":{"footnotes":""},"class_list":["post-8359","page","type-page","status-publish","hentry"],"_links":{"self":[{"href":"https:\/\/orchestrenouvellegeneration.com\/fr\/wp-json\/wp\/v2\/pages\/8359","targetHints":{"allow":["GET"]}}],"collection":[{"href":"https:\/\/orchestrenouvellegeneration.com\/fr\/wp-json\/wp\/v2\/pages"}],"about":[{"href":"https:\/\/orchestrenouvellegeneration.com\/fr\/wp-json\/wp\/v2\/types\/page"}],"author":[{"embeddable":true,"href":"https:\/\/orchestrenouvellegeneration.com\/fr\/wp-json\/wp\/v2\/users\/9"}],"replies":[{"embeddable":true,"href":"https:\/\/orchestrenouvellegeneration.com\/fr\/wp-json\/wp\/v2\/comments?post=8359"}],"version-history":[{"count":9,"href":"https:\/\/orchestrenouvellegeneration.com\/fr\/wp-json\/wp\/v2\/pages\/8359\/revisions"}],"predecessor-version":[{"id":8396,"href":"https:\/\/orchestrenouvellegeneration.com\/fr\/wp-json\/wp\/v2\/pages\/8359\/revisions\/8396"}],"up":[{"embeddable":true,"href":"https:\/\/orchestrenouvellegeneration.com\/fr\/wp-json\/wp\/v2\/pages\/8229"}],"wp:attachment":[{"href":"https:\/\/orchestrenouvellegeneration.com\/fr\/wp-json\/wp\/v2\/media?parent=8359"}],"curies":[{"name":"wp","href":"https:\/\/api.w.org\/{rel}","templated":true}]}}