{"id":8213,"date":"2022-02-14T21:37:22","date_gmt":"2022-02-14T21:37:22","guid":{"rendered":"https:\/\/orchestrenouvellegeneration.com\/?page_id=8213"},"modified":"2022-03-21T12:00:52","modified_gmt":"2022-03-21T12:00:52","slug":"truite-davril","status":"publish","type":"page","link":"https:\/\/orchestrenouvellegeneration.com\/fr\/saison-2022\/truite-davril\/","title":{"rendered":"TRUITE D&rsquo;AVRIL"},"content":{"rendered":"<div class=\"wpb-content-wrapper\"><p>[vc_row][vc_column width=\u00a0\u00bb2\/3&Prime;][vc_column_text]<\/p>\n<h2>TRUITE D&rsquo;AVRIL<\/h2>\n<p>Rejoignez l&rsquo;Orchestre Nouvelle G\u00e9n\u00e9ration et son brillant soliste Ilya Poletaev pour une soir\u00e9e exaltante remplie des plus belles musiques de Bach, Schubert et Zaharava. La soir\u00e9e, non sans l&rsquo;esprit espi\u00e8gle du poisson d&rsquo;avril, sera pleine de surprises et parfaite pour nos retrouvailles avec vous dans la salle de concert.<\/p>\n<p><a style=\"text-decoration: none;\" href=\"https:\/\/www.ilyapoletaev.com\/artist.php?view=bio&amp;bid=4402\" target=\"_blank\" rel=\"noopener\"><strong>ILYA POLETAEV<\/strong><\/a> clavecin<br \/>\n<strong>VERONICA UNGUREANU<\/strong> voix<\/p>\n<h3><strong>Programme<\/strong><\/h3>\n<p><strong>J. S. BACH<\/strong> Concerto Brandebourgeois no. 3 BWV 1048<em><br \/>\n<\/em><strong>J. S. BACH<\/strong> Air sur la corde de sol<em><br \/>\n<\/em><strong>J. S. BACH<\/strong> Concerto pour clavecin en <em>r\u00e9 mineur<\/em><\/p>\n<p><strong><em><a style=\"color: #993300; font-size: 20px; text-decoration: none;\" href=\"#trout-trilogy\">* TRILOGIE DE LA TRUITE<\/a><\/em><\/strong><br \/>\n<strong>FRANZ SCHUBERT<\/strong>\u00a0\u00ab Die Forelle \u00bb<br \/>\n(arr. pour voix et cordes d&rsquo;Alexandru Sura)<br \/>\n<strong>FRANZ SCHUBERT<\/strong> \u00ab Thema e variazioni \u00bb (du Quintette en <em>la majeur<\/em>, D. 667 \u00ab La Truite \u00bb)<br \/>\n(arr. pour cordes Yuli Turovsky)<br \/>\n<a style=\"text-decoration: none;\" href=\"https:\/\/yuliyazakharava.com\/biographie\/\" target=\"_blank\" rel=\"noopener\"><strong>YULIYA ZAKHARAVA<\/strong><\/a> \u00ab Schubert Off \u00bb pour cordes, clavecin, et rire obligato[\/vc_column_text][vc_column_text]<\/p>\n<form action=\"https:\/\/www.paypal.com\/cgi-bin\/webscr\" method=\"post\" target=\"paypal\"><input name=\"cmd\" type=\"hidden\" value=\"_s-xclick\" \/><br \/>\n<input name=\"hosted_button_id\" type=\"hidden\" value=\"MXWXYZ6KEFSSQ\" \/><\/p>\n<table>\n<tbody>\n<tr>\n<td><input name=\"on0\" type=\"hidden\" value=\"Acheter votre billet maintenant!\" \/>Acheter votre billet maintenant!<\/td>\n<\/tr>\n<tr>\n<td><select name=\"os0\"><option value=\"Adulte\">Adulte $40.00 CAD<\/option><option value=\"Aine\">Aine $35.00 CAD<\/option><option value=\"\u00c9tudiant\">\u00c9tudiant $25.00 CAD<\/option><\/select><\/td>\n<\/tr>\n<\/tbody>\n<\/table>\n<p><input name=\"currency_code\" type=\"hidden\" value=\"CAD\" \/><br \/>\n<input alt=\"PayPal - la solution de paiement en ligne la plus simple et la plus s\u00e9curis\u00e9e !\" name=\"submit\" src=\"https:\/\/www.paypalobjects.com\/fr_CA\/i\/btn\/btn_cart_SM.gif\" type=\"image\" \/><br \/>\n<img loading=\"lazy\" decoding=\"async\" src=\"https:\/\/www.paypalobjects.com\/en_US\/i\/scr\/pixel.gif\" alt=\"\" width=\"1\" height=\"1\" border=\"0\" \/><\/p>\n<\/form>\n<p>[\/vc_column_text][vc_separator border_width=\u00a0\u00bb3&Prime; el_id=\u00a0\u00bbtrout-trilogy\u00a0\u00bb][vc_column_text]<strong>TRILOGIE DE LA TRUITE<br \/>\n<em>(sur la c\u00e9l\u00e8bre \u0153uvre de Schubert, la Truite)<\/em><\/strong><\/p>\n<p>Les myst\u00e8res qui se cachent derri\u00e8re le processus de cr\u00e9ation m\u2019ont toujours fascin\u00e9&#8230; d&rsquo;o\u00f9 viennent nos id\u00e9es, qu&rsquo;est-ce qui les provoque et les influence&#8230;Et existe-t-il une telle chose que la r\u00e9action en cha\u00eene cr\u00e9ative? Les \u0153uvres d&rsquo;art, de musique et de litt\u00e9rature les plus originales, seraient-elles diff\u00e9rentes si une autre \u0153uvre d&rsquo;art n&rsquo;avait pas influenc\u00e9 leur cr\u00e9ateur&#8230; existeraient-elles tout court?<\/p>\n<p>L&rsquo;id\u00e9e de la Trilogie de la Truite est n\u00e9e de ces questions, influenc\u00e9e l\u00e9g\u00e8rement du fait que le programme du concert fut cr\u00e9\u00e9 pour le jour du poisson d&rsquo;avril. La truite, \u00e9tant un poisson, constitue un protagoniste parfait pour notre Trilogie.<\/p>\n<p>Commen\u00e7ant par le lied \u00abDie Forelle\u00bb, compos\u00e9 au d\u00e9but de 1817 et chant\u00e9 ici par la violoniste de l&rsquo;ONG Veronica Ungureanu, la trilogie se poursuivra avec \u00abThema e variazioni\u00bb sur l&rsquo;air de \u00abDie Forelle\u00bb, qui a valu au quintette pour piano et cordes de Schubert le surnom de \u00ab La Truite \u00bb. Lors de cette repr\u00e9sentation, \u00abThema e variazioni\u00bb sera interpr\u00e9t\u00e9 dans un arrangement pour cordes de Yuli Turovsky. Le dernier volet de la trilogie am\u00e8nera \u00ab\u00a0La Truite\u00a0\u00bb dans le XXIe si\u00e8cle avec la composition originale \u00ab\u00a0Schubert Off\u00a0\u00bb de Yuliya Zakharava, compositrice qu\u00e9b\u00e9coise d&rsquo;origine bi\u00e9lorusse.<\/p>\n<p>\u00ab Die Forelle \u00bb ou \u00ab La Truite \u00bb est probablement le lied le plus c\u00e9l\u00e8bre et le plus populaire de Schubert. Il s&rsquo;agit d&rsquo;un po\u00e8me de Christian Friedrich Schubart, qui faisait partie du vaste cercle d&rsquo;amis de Schubert, d\u00e9crivant une histoire plut\u00f4t simple dans laquelle le po\u00e8te observe un p\u00eacheur et une truite. Il est assez typique des prouesses de composition de Schubert d&rsquo;avoir transform\u00e9 un simple po\u00e8me en l&rsquo;une de ses plus grandes \u0153uvres musicales.<\/p>\n<p>La chanson a \u00e9t\u00e9 extr\u00eamement populaire aupr\u00e8s du public de l&rsquo;\u00e9poque. En 1819, Sylvester Paumgartner, un riche m\u00e9lomane et violoncelliste amateur, a \u00e9t\u00e9 tellement enchant\u00e9 par \u00ab Die Forelle \u00bb qu&rsquo;il a command\u00e9 \u00e0 Schubert un quintette, en pr\u00e9cisant que l&rsquo;un des mouvements devait \u00eatre un ensemble de variations sur sa chanson bien-aim\u00e9e.<\/p>\n<p>En plus d&rsquo;\u00eatre l&rsquo;une des cr\u00e9ations les plus joyeuses et exub\u00e9rantes de Schubert, \u00ab La Truite \u00bb est devenue l&rsquo;une des \u0153uvres de musique de chambre les plus populaires de tous les temps. \u00c0 son tour, sa \u00ab Thema e variazioni \u00bb nous a incit\u00e9s \u00e0 commander une nouvelle \u0153uvre de la compositrice de grand talent: Yuliya Zakharava. Inspir\u00e9e de la \u00ab Truite \u00bb de Schubert et dans l&rsquo;esprit espi\u00e8gle du poisson d&rsquo;avril, il s&rsquo;agira d&rsquo;une composition ludique pour cordes, clavecin et rire obligato&#8230;<\/p>\n<p>Pour revenir \u00e0 la question pr\u00e9c\u00e9dente sur la r\u00e9action en cha\u00eene cr\u00e9ative, une anecdote vient \u00e0 l&rsquo;esprit :<br \/>\nOn raconte que Schubert \u00e9tait un jour sur le point de d\u00e9truire \u00ab Die Forelle \u00bb. Peu apr\u00e8s avoir termin\u00e9 l&rsquo;\u00e9criture de sa chanson, le jeune compositeur l&rsquo;a montr\u00e9 \u00e0 un groupe d&rsquo;amis, dont l&rsquo;un a reconnu dans quelques mesures une citation inconsciente de \u00ab l&rsquo;Ouverture de Coriolan \u00bb de Beethoven \u00ab Schubert l&rsquo;a vu imm\u00e9diatement, lui aussi, et a voulu d\u00e9truire la chanson \u00bb &#8211; a racont\u00e9 l&rsquo;un de ses amis \u2013 \u00ab mais nous ne l&rsquo;avons pas permis et cela a sauv\u00e9 cette chanson glorieuse de la destruction \u00bb.<\/p>\n<p>Sans l\u2019intervention des amis de Schubert, la Trilogie de la Truite n&rsquo;aurait peut-\u00eatre jamais vu le jour&#8230; ou bien si Beethoven n&rsquo;avait pas \u00e9crit son Ouverture Coriolan&#8230;.<\/p>\n<p style=\"text-align: right;\">Natasha Turovsky<\/p>\n<p>[\/vc_column_text][\/vc_column][vc_column width=\u00a0\u00bb1\/3&Prime;][vc_single_image image=\u00a0\u00bb8222&Prime; img_size=\u00a0\u00bbmedium\u00a0\u00bb add_caption=\u00a0\u00bbyes\u00a0\u00bb onclick=\u00a0\u00bblink_image\u00a0\u00bb][vc_single_image image=\u00a0\u00bb8259&Prime; img_size=\u00a0\u00bbmedium\u00a0\u00bb add_caption=\u00a0\u00bbyes\u00a0\u00bb onclick=\u00a0\u00bblink_image\u00a0\u00bb][vc_single_image image=\u00a0\u00bb8252&Prime; img_size=\u00a0\u00bbmedium\u00a0\u00bb add_caption=\u00a0\u00bbyes\u00a0\u00bb onclick=\u00a0\u00bblink_image\u00a0\u00bb][\/vc_column][\/vc_row]<\/p>\n<\/div>","protected":false},"excerpt":{"rendered":"<p>[vc_row][vc_column width=\u00a0\u00bb2\/3&Prime;][vc_column_text] TRUITE D&rsquo;AVRIL Rejoignez l&rsquo;Orchestre Nouvelle G\u00e9n\u00e9ration et son brillant soliste Ilya Poletaev pour une soir\u00e9e exaltante remplie des plus belles musiques de Bach, Schubert<span class=\"excerpt-hellip\"> [\u2026]<\/span><\/p>\n","protected":false},"author":9,"featured_media":0,"parent":8229,"menu_order":0,"comment_status":"closed","ping_status":"closed","template":"","meta":{"footnotes":""},"class_list":["post-8213","page","type-page","status-publish","hentry"],"_links":{"self":[{"href":"https:\/\/orchestrenouvellegeneration.com\/fr\/wp-json\/wp\/v2\/pages\/8213","targetHints":{"allow":["GET"]}}],"collection":[{"href":"https:\/\/orchestrenouvellegeneration.com\/fr\/wp-json\/wp\/v2\/pages"}],"about":[{"href":"https:\/\/orchestrenouvellegeneration.com\/fr\/wp-json\/wp\/v2\/types\/page"}],"author":[{"embeddable":true,"href":"https:\/\/orchestrenouvellegeneration.com\/fr\/wp-json\/wp\/v2\/users\/9"}],"replies":[{"embeddable":true,"href":"https:\/\/orchestrenouvellegeneration.com\/fr\/wp-json\/wp\/v2\/comments?post=8213"}],"version-history":[{"count":38,"href":"https:\/\/orchestrenouvellegeneration.com\/fr\/wp-json\/wp\/v2\/pages\/8213\/revisions"}],"predecessor-version":[{"id":8352,"href":"https:\/\/orchestrenouvellegeneration.com\/fr\/wp-json\/wp\/v2\/pages\/8213\/revisions\/8352"}],"up":[{"embeddable":true,"href":"https:\/\/orchestrenouvellegeneration.com\/fr\/wp-json\/wp\/v2\/pages\/8229"}],"wp:attachment":[{"href":"https:\/\/orchestrenouvellegeneration.com\/fr\/wp-json\/wp\/v2\/media?parent=8213"}],"curies":[{"name":"wp","href":"https:\/\/api.w.org\/{rel}","templated":true}]}}