{"id":7181,"date":"2021-02-11T04:20:51","date_gmt":"2021-02-11T04:20:51","guid":{"rendered":"https:\/\/orchestrenouvellegeneration.com\/video-gallery\/"},"modified":"2022-02-15T01:09:09","modified_gmt":"2022-02-15T01:09:09","slug":"galerie-videos","status":"publish","type":"page","link":"https:\/\/orchestrenouvellegeneration.com\/fr\/galerie-videos\/","title":{"rendered":"Galerie vid\u00e9os"},"content":{"rendered":"<div class=\"wpb-content-wrapper\"><p>[vc_row][vc_column]<div id=\"jig1\" class=\"justified-image-grid jig-18e803b51b29a71c1f302b34f7d48dc0 jig-preset-16 jig-source-rss\"><div class=\"jig-clearfix\"><\/div><noscript id=\"jig1-html\" class=\"justified-image-grid-html\" data-lazy-src=\"skiplazyload\" data-src=\"skipunveillazyload\"><ul><li><a href=\"https:\/\/www.youtube.com\/watch?v=bSpf7tzN2w0&list=PL-8RPEpcJ9eHLr2vi_XYujrHN6GsJXM07&index=1&pp=iAQB8AUB\" title=\"maxresdefault\"><img loading=\"lazy\" decoding=\"async\" src=\"https:\/\/orchestrenouvellegeneration.com\/wp-content\/plugins\/justified-image-grid\/timthumb.php?src=https%3A%2F%2Fi.ytimg.com%2Fvi%2FbSpf7tzN2w0%2Fmaxresdefault.jpg&amp;h=340&amp;q=90&amp;f=.jpg\" alt=\"Orchestre Nouvelle G\u00e9n\u00e9ration - Yuliya Zakharava \u2013 Schubert off\" width=\"604\" height=\"340\" \/><\/a><p class=\"jig-HTMLdescription\">Orchestre Nouvelle G\u00e9n\u00e9ration - Yuliya Zakharava \u2013 Schubert off<br\/>maxresdefault<\/p><\/li><li><a href=\"https:\/\/www.youtube.com\/watch?v=gLrY-z5ne6A&list=PL-8RPEpcJ9eHLr2vi_XYujrHN6GsJXM07&index=2&pp=iAQB8AUB\" title=\"maxresdefault\"><img loading=\"lazy\" decoding=\"async\" src=\"https:\/\/orchestrenouvellegeneration.com\/wp-content\/plugins\/justified-image-grid\/timthumb.php?src=https%3A%2F%2Fi.ytimg.com%2Fvi%2FgLrY-z5ne6A%2Fmaxresdefault.jpg&amp;h=340&amp;q=90&amp;f=.jpg\" alt=\"Alexandru Sura &amp; Orchestre Nouvelle G\u00e9n\u00e9ration \u2013 Cymbalum Rhapsodie\" width=\"604\" height=\"340\" \/><\/a><p class=\"jig-HTMLdescription\">Alexandru Sura & Orchestre Nouvelle G\u00e9n\u00e9ration \u2013 Cymbalum Rhapsodie<br\/>maxresdefault<\/p><\/li><li><a href=\"https:\/\/www.youtube.com\/watch?v=EW7h_XrEhhg&list=PL-8RPEpcJ9eHLr2vi_XYujrHN6GsJXM07&index=3&pp=iAQB8AUB\" title=\"maxresdefault\"><img loading=\"lazy\" decoding=\"async\" src=\"https:\/\/orchestrenouvellegeneration.com\/wp-content\/plugins\/justified-image-grid\/timthumb.php?src=https%3A%2F%2Fi.ytimg.com%2Fvi%2FEW7h_XrEhhg%2Fmaxresdefault.jpg&amp;h=340&amp;q=90&amp;f=.jpg\" alt=\"GOLEM (La fin du commencement\u2026 as slow as Golem\u2019s eyes ) (teaser) - Orchestre Nouvelle G\u00e9n\u00e9ration\" width=\"604\" height=\"340\" \/><\/a><p class=\"jig-HTMLdescription\">GOLEM (La fin du commencement\u2026 as slow as Golem\u2019s eyes ) (teaser) - Orchestre Nouvelle G\u00e9n\u00e9ration<br\/>maxresdefault<\/p><\/li><li><a href=\"https:\/\/www.youtube.com\/watch?v=nzbA07MVWaw&list=PL-8RPEpcJ9eHLr2vi_XYujrHN6GsJXM07&index=4&pp=iAQB8AUB\" title=\"maxresdefault\"><img loading=\"lazy\" decoding=\"async\" src=\"https:\/\/orchestrenouvellegeneration.com\/wp-content\/plugins\/justified-image-grid\/timthumb.php?src=https%3A%2F%2Fi.ytimg.com%2Fvi%2FnzbA07MVWaw%2Fmaxresdefault.jpg&amp;h=340&amp;q=90&amp;f=.jpg\" alt=\"Orchestre Nouvelle G\u00e9n\u00e9ration - B\u00e9la Bart\u00f3k - Romanian Folk Dances for String Orchestra\" width=\"604\" height=\"340\" \/><\/a><p class=\"jig-HTMLdescription\">Orchestre Nouvelle G\u00e9n\u00e9ration - B\u00e9la Bart\u00f3k - Romanian Folk Dances for String Orchestra<br\/>maxresdefault<\/p><\/li><li><a href=\"https:\/\/www.youtube.com\/watch?v=TruedzyKDoM&list=PL-8RPEpcJ9eHLr2vi_XYujrHN6GsJXM07&index=5&pp=iAQB8AUB\" title=\"maxresdefault\"><img loading=\"lazy\" decoding=\"async\" src=\"https:\/\/orchestrenouvellegeneration.com\/wp-content\/plugins\/justified-image-grid\/timthumb.php?src=https%3A%2F%2Fi.ytimg.com%2Fvi%2FTruedzyKDoM%2Fmaxresdefault.jpg&amp;h=340&amp;q=90&amp;f=.jpg\" alt=\"Desyatnikov Russian Seasons. Olesya Petrova, Alexander Trostiansky &amp; Orchestre Nouvelle G\u00e9n\u00e9ration\" width=\"604\" height=\"340\" \/><\/a><p class=\"jig-HTMLdescription\">Desyatnikov Russian Seasons. Olesya Petrova, Alexander Trostiansky & Orchestre Nouvelle G\u00e9n\u00e9ration<br\/>maxresdefault<\/p><\/li><li><a href=\"https:\/\/www.youtube.com\/watch?v=BW2mMypYHuI&list=PL-8RPEpcJ9eHLr2vi_XYujrHN6GsJXM07&index=6&pp=iAQB8AUB\" title=\"hqdefault\"><img loading=\"lazy\" decoding=\"async\" src=\"https:\/\/orchestrenouvellegeneration.com\/wp-content\/plugins\/justified-image-grid\/timthumb.php?src=https%3A%2F%2Fi.ytimg.com%2Fvi%2FBW2mMypYHuI%2Fhqdefault.jpg&amp;h=340&amp;q=90&amp;f=.jpg\" alt=\"Bach: Brandenburg Concerto No 3 - Orchestre Nouvelle G\u00e9n\u00e9ration\" width=\"453\" height=\"340\" \/><\/a><p class=\"jig-HTMLdescription\">Bach: Brandenburg Concerto No 3 - Orchestre Nouvelle G\u00e9n\u00e9ration<br\/>hqdefault<\/p><\/li><li><a href=\"https:\/\/www.youtube.com\/watch?v=cQkj-uydcDQ&list=PL-8RPEpcJ9eHLr2vi_XYujrHN6GsJXM07&index=7&pp=iAQB8AUB\" title=\"maxresdefault\"><img loading=\"lazy\" decoding=\"async\" src=\"https:\/\/orchestrenouvellegeneration.com\/wp-content\/plugins\/justified-image-grid\/timthumb.php?src=https%3A%2F%2Fi.ytimg.com%2Fvi%2FcQkj-uydcDQ%2Fmaxresdefault.jpg&amp;h=340&amp;q=90&amp;f=.jpg\" alt=\"Arthur Honegger - Symphony No. 2 - Molto moderato - Allegro; Orchestre Nouvelle G\u00e9n\u00e9ration\" width=\"604\" height=\"340\" \/><\/a><p class=\"jig-HTMLdescription\">Arthur Honegger - Symphony No. 2 - Molto moderato - Allegro; Orchestre Nouvelle G\u00e9n\u00e9ration<br\/>maxresdefault<\/p><\/li><li><a href=\"https:\/\/www.youtube.com\/watch?v=N0WIV78Pf6E&list=PL-8RPEpcJ9eHLr2vi_XYujrHN6GsJXM07&index=8&pp=iAQB8AUB\" title=\"maxresdefault\"><img loading=\"lazy\" decoding=\"async\" src=\"https:\/\/orchestrenouvellegeneration.com\/wp-content\/plugins\/justified-image-grid\/timthumb.php?src=https%3A%2F%2Fi.ytimg.com%2Fvi%2FN0WIV78Pf6E%2Fmaxresdefault.jpg&amp;h=340&amp;q=90&amp;f=.jpg\" alt=\"De Beethoven \u00e0 DJing - Orchestre Nouvelle G\u00e9n\u00e9ration\" width=\"604\" height=\"340\" \/><\/a><p class=\"jig-HTMLdescription\">De Beethoven \u00e0 DJing - Orchestre Nouvelle G\u00e9n\u00e9ration<br\/>maxresdefault<\/p><\/li><li><a href=\"https:\/\/www.youtube.com\/watch?v=6qm9UbAeyNM&list=PL-8RPEpcJ9eHLr2vi_XYujrHN6GsJXM07&index=9&pp=iAQB8AUB\" title=\"maxresdefault\"><img loading=\"lazy\" decoding=\"async\" src=\"https:\/\/orchestrenouvellegeneration.com\/wp-content\/plugins\/justified-image-grid\/timthumb.php?src=https%3A%2F%2Fi.ytimg.com%2Fvi%2F6qm9UbAeyNM%2Fmaxresdefault.jpg&amp;h=340&amp;q=90&amp;f=.jpg\" alt=\"St\u00e9phane T\u00e9treault - Orchestre Nouvelle G\u00e9n\u00e9ration - Shchedrin: In the Style of Albeniz\" width=\"604\" height=\"340\" \/><\/a><p class=\"jig-HTMLdescription\">St\u00e9phane T\u00e9treault - Orchestre Nouvelle G\u00e9n\u00e9ration - Shchedrin: In the Style of Albeniz<br\/>maxresdefault<\/p><\/li><li><a href=\"https:\/\/www.youtube.com\/watch?v=JZ9sukvxLmU&list=PL-8RPEpcJ9eHLr2vi_XYujrHN6GsJXM07&index=10&pp=iAQB8AUB\" title=\"hqdefault\"><img loading=\"lazy\" decoding=\"async\" src=\"https:\/\/orchestrenouvellegeneration.com\/wp-content\/plugins\/justified-image-grid\/timthumb.php?src=https%3A%2F%2Fi.ytimg.com%2Fvi%2FJZ9sukvxLmU%2Fhqdefault.jpg&amp;h=340&amp;q=90&amp;f=.jpg\" alt=\"Orchestre Nouvelle G\u00e9n\u00e9ration - Schubert - Fantasie in F Minor - arr. for strings\" width=\"453\" height=\"340\" \/><\/a><p class=\"jig-HTMLdescription\">Orchestre Nouvelle G\u00e9n\u00e9ration - Schubert - Fantasie in F Minor - arr. for strings<br\/>hqdefault<\/p><\/li><li><a href=\"https:\/\/www.youtube.com\/watch?v=u0pEJ6EP_Gs&list=PL-8RPEpcJ9eHLr2vi_XYujrHN6GsJXM07&index=11&pp=iAQB8AUB\" title=\"maxresdefault\"><img loading=\"lazy\" decoding=\"async\" src=\"https:\/\/orchestrenouvellegeneration.com\/wp-content\/plugins\/justified-image-grid\/timthumb.php?src=https%3A%2F%2Fi.ytimg.com%2Fvi%2Fu0pEJ6EP_Gs%2Fmaxresdefault.jpg&amp;h=340&amp;q=90&amp;f=.jpg\" alt=\"Tears of Israel\" width=\"604\" height=\"340\" \/><\/a><p class=\"jig-HTMLdescription\">Tears of Israel<br\/>maxresdefault<\/p><\/li><li><a href=\"https:\/\/www.youtube.com\/watch?v=TnxLfLNYL3A&list=PL-8RPEpcJ9eHLr2vi_XYujrHN6GsJXM07&index=12&pp=iAQB8AUB\" title=\"maxresdefault\"><img loading=\"lazy\" decoding=\"async\" src=\"https:\/\/orchestrenouvellegeneration.com\/wp-content\/plugins\/justified-image-grid\/timthumb.php?src=https%3A%2F%2Fi.ytimg.com%2Fvi%2FTnxLfLNYL3A%2Fmaxresdefault.jpg&amp;h=340&amp;q=90&amp;f=.jpg\" alt=\"Kleztory\" width=\"604\" height=\"340\" \/><\/a><p class=\"jig-HTMLdescription\">Kleztory<br\/>maxresdefault<\/p><\/li><li><a href=\"https:\/\/www.youtube.com\/watch?v=pQz5b26y9xs&list=PL-8RPEpcJ9eHLr2vi_XYujrHN6GsJXM07&index=13&pp=iAQB8AUB\" title=\"hqdefault\"><img loading=\"lazy\" decoding=\"async\" src=\"https:\/\/orchestrenouvellegeneration.com\/wp-content\/plugins\/justified-image-grid\/timthumb.php?src=https%3A%2F%2Fi.ytimg.com%2Fvi%2FpQz5b26y9xs%2Fhqdefault.jpg&amp;h=340&amp;q=90&amp;f=.jpg\" alt=\"Beethoven  - String Quartet op 18 No 4, 2nd mov. Orchestral Version - Orchestre Nouvelle G\u00e9n\u00e9ration\" width=\"453\" height=\"340\" \/><\/a><p class=\"jig-HTMLdescription\">Beethoven  - String Quartet op 18 No 4, 2nd mov. Orchestral Version - Orchestre Nouvelle G\u00e9n\u00e9ration<br\/>hqdefault<\/p><\/li><li><a href=\"https:\/\/www.youtube.com\/watch?v=YfXECqPWPdk&list=PL-8RPEpcJ9eHLr2vi_XYujrHN6GsJXM07&index=14&pp=iAQB8AUB0gcJCd8KAYcqIYzv\" title=\"maxresdefault\"><img loading=\"lazy\" decoding=\"async\" src=\"https:\/\/orchestrenouvellegeneration.com\/wp-content\/plugins\/justified-image-grid\/timthumb.php?src=https%3A%2F%2Fi.ytimg.com%2Fvi%2FYfXECqPWPdk%2Fmaxresdefault.jpg&amp;h=340&amp;q=90&amp;f=.jpg\" alt=\"CARNAVAL DES ANIMAUX teaser\" width=\"604\" height=\"340\" \/><\/a><p class=\"jig-HTMLdescription\">CARNAVAL DES ANIMAUX teaser<br\/>maxresdefault<\/p><\/li><li><a href=\"https:\/\/www.youtube.com\/watch?v=u7_NvAIJ7F8&list=PL-8RPEpcJ9eHLr2vi_XYujrHN6GsJXM07&index=15&pp=iAQB8AUB\" title=\"hqdefault\"><img loading=\"lazy\" decoding=\"async\" src=\"https:\/\/orchestrenouvellegeneration.com\/wp-content\/plugins\/justified-image-grid\/timthumb.php?src=https%3A%2F%2Fi.ytimg.com%2Fvi%2Fu7_NvAIJ7F8%2Fhqdefault.jpg&amp;h=340&amp;q=90&amp;f=.jpg\" alt=\"Klezmer clarinet and String Orchestra | Airat Ichmouratov | &quot;One day of an almost ordinary life&quot;\" width=\"453\" height=\"340\" \/><\/a><p class=\"jig-HTMLdescription\">Klezmer clarinet and String Orchestra | Airat Ichmouratov | \"One day of an almost ordinary life\"<br\/>hqdefault<\/p><\/li><li><a href=\"https:\/\/www.youtube.com\/watch?v=QfOtkpy7_J4&list=PL-8RPEpcJ9eHLr2vi_XYujrHN6GsJXM07&index=16&pp=iAQB8AUB\" title=\"maxresdefault\"><img loading=\"lazy\" decoding=\"async\" src=\"https:\/\/orchestrenouvellegeneration.com\/wp-content\/plugins\/justified-image-grid\/timthumb.php?src=https%3A%2F%2Fi.ytimg.com%2Fvi%2FQfOtkpy7_J4%2Fmaxresdefault.jpg&amp;h=340&amp;q=90&amp;f=.jpg\" alt=\"Joseph Haydn - Divertimento for cello in D major - St\u00e9phane T\u00e9treault\" width=\"604\" height=\"340\" \/><\/a><p class=\"jig-HTMLdescription\">Joseph Haydn - Divertimento for cello in D major - St\u00e9phane T\u00e9treault<br\/>maxresdefault<\/p><\/li><li><a href=\"https:\/\/www.youtube.com\/watch?v=s_KUVwj7Imw&list=PL-8RPEpcJ9eHLr2vi_XYujrHN6GsJXM07&index=17&pp=iAQB8AUB\" title=\"maxresdefault\"><img loading=\"lazy\" decoding=\"async\" src=\"https:\/\/orchestrenouvellegeneration.com\/wp-content\/plugins\/justified-image-grid\/timthumb.php?src=https%3A%2F%2Fi.ytimg.com%2Fvi%2Fs_KUVwj7Imw%2Fmaxresdefault.jpg&amp;h=340&amp;q=90&amp;f=.jpg\" alt=\"Tchaikovsky - Souvenir de Florence\" width=\"604\" height=\"340\" \/><\/a><p class=\"jig-HTMLdescription\">Tchaikovsky - Souvenir de Florence<br\/>maxresdefault<\/p><\/li><li><a href=\"https:\/\/www.youtube.com\/watch?v=YQ7qTagzFpk&list=PL-8RPEpcJ9eHLr2vi_XYujrHN6GsJXM07&index=18&pp=iAQB8AUB\" title=\"maxresdefault\"><img loading=\"lazy\" decoding=\"async\" src=\"https:\/\/orchestrenouvellegeneration.com\/wp-content\/plugins\/justified-image-grid\/timthumb.php?src=https%3A%2F%2Fi.ytimg.com%2Fvi%2FYQ7qTagzFpk%2Fmaxresdefault.jpg&amp;h=340&amp;q=90&amp;f=.jpg\" alt=\"LA FIN DU COMMENCEMENT \/ AS SLOW AS GOLEM&#039;S EYES (scene 5) - Orchestre Nouvelle G\u00e9n\u00e9ration\" width=\"604\" height=\"340\" \/><\/a><p class=\"jig-HTMLdescription\">LA FIN DU COMMENCEMENT \/ AS SLOW AS GOLEM'S EYES (scene 5) - Orchestre Nouvelle G\u00e9n\u00e9ration<br\/>maxresdefault<\/p><\/li><li><a href=\"https:\/\/www.youtube.com\/watch?v=xXb4UW5FZ4A&list=PL-8RPEpcJ9eHLr2vi_XYujrHN6GsJXM07&index=19&pp=iAQB8AUB\" title=\"hqdefault\"><img loading=\"lazy\" decoding=\"async\" src=\"https:\/\/orchestrenouvellegeneration.com\/wp-content\/plugins\/justified-image-grid\/timthumb.php?src=https%3A%2F%2Fi.ytimg.com%2Fvi%2FxXb4UW5FZ4A%2Fhqdefault.jpg&amp;h=340&amp;q=90&amp;f=.jpg\" alt=\"VISIONS FUGITIVES  Tableaux dansants TEASER 2\" width=\"453\" height=\"340\" \/><\/a><p class=\"jig-HTMLdescription\">VISIONS FUGITIVES  Tableaux dansants TEASER 2<br\/>hqdefault<\/p><\/li><li><a href=\"https:\/\/www.youtube.com\/watch?v=Ae9T9uPYtOk&list=PL-8RPEpcJ9eHLr2vi_XYujrHN6GsJXM07&index=20&pp=iAQB8AUB\" title=\"maxresdefault\"><img loading=\"lazy\" decoding=\"async\" src=\"https:\/\/orchestrenouvellegeneration.com\/wp-content\/plugins\/justified-image-grid\/timthumb.php?src=https%3A%2F%2Fi.ytimg.com%2Fvi%2FAe9T9uPYtOk%2Fmaxresdefault.jpg&amp;h=340&amp;q=90&amp;f=.jpg\" alt=\"Extraits de VISIONS FUGITIVES  Tableaux dansants\" width=\"604\" height=\"340\" \/><\/a><p class=\"jig-HTMLdescription\">Extraits de VISIONS FUGITIVES  Tableaux dansants<br\/>maxresdefault<\/p><\/li><li><a href=\"https:\/\/www.youtube.com\/watch?v=yuGR9Lf1Wto&list=PL-8RPEpcJ9eHLr2vi_XYujrHN6GsJXM07&index=21&pp=iAQB8AUB0gcJCd8KAYcqIYzv\" title=\"maxresdefault\"><img loading=\"lazy\" decoding=\"async\" src=\"https:\/\/orchestrenouvellegeneration.com\/wp-content\/plugins\/justified-image-grid\/timthumb.php?src=https%3A%2F%2Fi.ytimg.com%2Fvi%2FyuGR9Lf1Wto%2Fmaxresdefault.jpg&amp;h=340&amp;q=90&amp;f=.jpg\" alt=\"VISIONS FUGITIVES  Tableaux dansants TEASER 1\" width=\"604\" height=\"340\" \/><\/a><p class=\"jig-HTMLdescription\">VISIONS FUGITIVES  Tableaux dansants TEASER 1<br\/>maxresdefault<\/p><\/li><li><a href=\"https:\/\/www.youtube.com\/watch?v=Rconf3DnvyM&list=PL-8RPEpcJ9eHLr2vi_XYujrHN6GsJXM07&index=22&pp=iAQB8AUB\" title=\"maxresdefault\"><img loading=\"lazy\" decoding=\"async\" src=\"https:\/\/orchestrenouvellegeneration.com\/wp-content\/plugins\/justified-image-grid\/timthumb.php?src=https%3A%2F%2Fi.ytimg.com%2Fvi%2FRconf3DnvyM%2Fmaxresdefault.jpg&amp;h=340&amp;q=90&amp;f=.jpg\" alt=\"Chopin Piano Concerto No. 2 (excerpt) \u2014 Matt Herskowitz | Orchestre Nouvelle G\u00e9n\u00e9ration\" width=\"604\" height=\"340\" \/><\/a><p class=\"jig-HTMLdescription\">Chopin Piano Concerto No. 2 (excerpt) \u2014 Matt Herskowitz | Orchestre Nouvelle G\u00e9n\u00e9ration<br\/>maxresdefault<\/p><\/li><li><a href=\"https:\/\/www.youtube.com\/watch?v=ILmGHnXinQc&list=PL-8RPEpcJ9eHLr2vi_XYujrHN6GsJXM07&index=23&pp=iAQB8AUB\" title=\"maxresdefault\"><img loading=\"lazy\" decoding=\"async\" src=\"https:\/\/orchestrenouvellegeneration.com\/wp-content\/plugins\/justified-image-grid\/timthumb.php?src=https%3A%2F%2Fi.ytimg.com%2Fvi%2FILmGHnXinQc%2Fmaxresdefault.jpg&amp;h=340&amp;q=90&amp;f=.jpg\" alt=\"Happy Birthday Variations \u2014 Peter Heidrich. Orchestre Nouvelle G\u00e9n\u00e9ration\" width=\"604\" height=\"340\" \/><\/a><p class=\"jig-HTMLdescription\">Happy Birthday Variations \u2014 Peter Heidrich. Orchestre Nouvelle G\u00e9n\u00e9ration<br\/>maxresdefault<\/p><\/li><\/ul><\/noscript><\/div>[\/vc_column][\/vc_row]<\/p>\n<\/div>","protected":false},"excerpt":{"rendered":"<p>[vc_row][vc_column][\/vc_column][\/vc_row]<\/p>\n","protected":false},"author":9,"featured_media":0,"parent":0,"menu_order":0,"comment_status":"closed","ping_status":"closed","template":"","meta":{"footnotes":""},"class_list":["post-7181","page","type-page","status-publish","hentry"],"_links":{"self":[{"href":"https:\/\/orchestrenouvellegeneration.com\/fr\/wp-json\/wp\/v2\/pages\/7181","targetHints":{"allow":["GET"]}}],"collection":[{"href":"https:\/\/orchestrenouvellegeneration.com\/fr\/wp-json\/wp\/v2\/pages"}],"about":[{"href":"https:\/\/orchestrenouvellegeneration.com\/fr\/wp-json\/wp\/v2\/types\/page"}],"author":[{"embeddable":true,"href":"https:\/\/orchestrenouvellegeneration.com\/fr\/wp-json\/wp\/v2\/users\/9"}],"replies":[{"embeddable":true,"href":"https:\/\/orchestrenouvellegeneration.com\/fr\/wp-json\/wp\/v2\/comments?post=7181"}],"version-history":[{"count":9,"href":"https:\/\/orchestrenouvellegeneration.com\/fr\/wp-json\/wp\/v2\/pages\/7181\/revisions"}],"predecessor-version":[{"id":8279,"href":"https:\/\/orchestrenouvellegeneration.com\/fr\/wp-json\/wp\/v2\/pages\/7181\/revisions\/8279"}],"wp:attachment":[{"href":"https:\/\/orchestrenouvellegeneration.com\/fr\/wp-json\/wp\/v2\/media?parent=7181"}],"curies":[{"name":"wp","href":"https:\/\/api.w.org\/{rel}","templated":true}]}}