{"id":6905,"date":"2019-11-20T20:58:31","date_gmt":"2019-11-20T20:58:31","guid":{"rendered":"https:\/\/orchestrenouvellegeneration.com\/?page_id=6905"},"modified":"2019-11-20T20:58:36","modified_gmt":"2019-11-20T20:58:36","slug":"gagnez-une-toile-a-edition-limitee-2","status":"publish","type":"page","link":"https:\/\/orchestrenouvellegeneration.com\/fr\/gagnez-une-toile-a-edition-limitee-2\/","title":{"rendered":"GAGNEZ UNE TOILE \u00c0 \u00c9DITION LIMIT\u00c9E!"},"content":{"rendered":"<p>Abonnez-vous avant <b>le 7 d\u00e9cembre 2019<\/b> et courez la chance de gagner une gicl\u00e9e sur toile \u00e0 \u00e9dition limit\u00e9e d\u2019une \u0153uvre de NATASHA TUROVSKY<br \/>\nUne valeur de 1 000,00 $<br \/>\nINNER WORLD huile sur toile \/ 36&Prime;x40&Prime;\/2018&nbsp;<\/p>\n<p><img decoding=\"async\" style=\"height: 450px; width: auto;\" src=\"https:\/\/orchestrenouvellegeneration.com\/wp-content\/uploads\/2019\/11\/inner-world.jpg\"><\/p>\n","protected":false},"excerpt":{"rendered":"<p>Abonnez-vous avant le 7 d\u00e9cembre 2019 et courez la chance de gagner une gicl\u00e9e sur toile \u00e0 \u00e9dition limit\u00e9e d\u2019une \u0153uvre de NATASHA TUROVSKY Une valeur<span class=\"excerpt-hellip\"> [\u2026]<\/span><\/p>\n","protected":false},"author":9,"featured_media":0,"parent":0,"menu_order":0,"comment_status":"closed","ping_status":"closed","template":"","meta":{"footnotes":""},"class_list":["post-6905","page","type-page","status-publish","hentry"],"_links":{"self":[{"href":"https:\/\/orchestrenouvellegeneration.com\/fr\/wp-json\/wp\/v2\/pages\/6905","targetHints":{"allow":["GET"]}}],"collection":[{"href":"https:\/\/orchestrenouvellegeneration.com\/fr\/wp-json\/wp\/v2\/pages"}],"about":[{"href":"https:\/\/orchestrenouvellegeneration.com\/fr\/wp-json\/wp\/v2\/types\/page"}],"author":[{"embeddable":true,"href":"https:\/\/orchestrenouvellegeneration.com\/fr\/wp-json\/wp\/v2\/users\/9"}],"replies":[{"embeddable":true,"href":"https:\/\/orchestrenouvellegeneration.com\/fr\/wp-json\/wp\/v2\/comments?post=6905"}],"version-history":[{"count":1,"href":"https:\/\/orchestrenouvellegeneration.com\/fr\/wp-json\/wp\/v2\/pages\/6905\/revisions"}],"predecessor-version":[{"id":6907,"href":"https:\/\/orchestrenouvellegeneration.com\/fr\/wp-json\/wp\/v2\/pages\/6905\/revisions\/6907"}],"wp:attachment":[{"href":"https:\/\/orchestrenouvellegeneration.com\/fr\/wp-json\/wp\/v2\/media?parent=6905"}],"curies":[{"name":"wp","href":"https:\/\/api.w.org\/{rel}","templated":true}]}}