{"id":6796,"date":"2019-11-14T17:47:16","date_gmt":"2019-11-14T17:47:16","guid":{"rendered":"https:\/\/orchestrenouvellegeneration.com\/?page_id=6796"},"modified":"2021-03-04T01:21:25","modified_gmt":"2021-03-04T01:21:25","slug":"14-juin-2020","status":"publish","type":"page","link":"https:\/\/orchestrenouvellegeneration.com\/fr\/saison-2019-2020-2\/14-juin-2020\/","title":{"rendered":"CONTES EN FOLIE"},"content":{"rendered":"<div class=\"wpb-content-wrapper\"><p>[vc_row][vc_column width=\u00a0\u00bb3\/4&Prime;][vc_column_text]<strong>Salle Claude Champagne<\/strong><br \/>\n<a href=\"?page_id=6438&amp;lang=fr\"><em> (Pre-Concert, \u00c9toiles de demain 19h00) <\/em><\/a><\/p>\n<p><span style=\"color: #000000;\">La grand-m\u00e8re du petit chaperon rouge est \u00e0 sa consultation de psychanalyse hebdomadaire aupr\u00e8s du Docteur Freudsky-Korsakov, frustr\u00e9e de ne pas avoir \u00e9t\u00e9 mise en valeur par le compositeur C\u00e9sar Cui\u00a0dans son op\u00e9ra Le petit chaperon rouge.<\/span><\/p>\n<p><span style=\"color: #000000;\">Ainsi commence notre Conte en folie&#8230;<\/span><\/p>\n<p><span style=\"color: #000000;\">\u00c0 travers un voyage musical inspir\u00e9 du conte de f\u00e9es le plus c\u00e9l\u00e8bres, la grand-m\u00e8re du petit chaperon rouge trouvera-t-elle enfin le compositeur qui saura lui offrir son heure de gloire?<\/span><\/p>\n<p><span style=\"color: #000000;\">Dans ce concert d\u00e9jant\u00e9 qui saura plaire \u00e0 toute la famille, les personnages loufoques prennent vie avec la d\u00e9sopilante chanteuse Natalie Choquette et le tr\u00e8s comique com\u00e9dien Igor Ovadis ainsi que les illustrations fantastiques de Natasha Turovsky qui se marient brillamment avec la magie de la musique de Rossini, Puccini, Dvorak, Cui, Rimski-Korsakov, Mozart, Tcha\u00efkovski, Moussorgski, Katia Makdissi-Warren&#8230; interpr\u00e9t\u00e9e avec complicit\u00e9 par l\u2019Orchestre Nouvelle G\u00e9n\u00e9ration.<\/span><\/p>\n<p><a href=\"http:\/\/nataliechoquette.ca\/fr\/\"><b>Natalie Choquette<\/b><\/a>, soprano<br \/>\n<a href=\"https:\/\/www.imdb.com\/name\/nm0653748\/\"><b>Igor Ovadis<\/b><\/a>, acteur<\/p>\n<p><a href=\"http:\/\/www.saisons-russes.ca\/\"><img loading=\"lazy\" decoding=\"async\" class=\"size-full wp-image-7580 alignnone\" title=\"Les Saisons Russes de Montr\u00e9al\" src=\"https:\/\/orchestrenouvellegeneration.com\/wp-content\/uploads\/2015\/07\/logo_srm.gif\" alt=\"Les Saisons Russes de Montr\u00e9al\" width=\"200\" height=\"149\" \/><\/a><\/p>\n<p><a href=\"http:\/\/smcq.qc.ca\/\"><img decoding=\"async\" class=\"size-full wp-image-7580 alignnone\" title=\"Soci\u00e9t\u00e9 de musique contemporaine du Qu\u00e9bec\" src=\"https:\/\/orchestrenouvellegeneration.com\/wp-content\/uploads\/2019\/11\/SMCQ_logo_noir_COURT.png\" alt=\"Soci\u00e9t\u00e9 de musique contemporaine du Qu\u00e9bec\" width=\"300\" \/><\/a><br \/>\nCe concert est en partenariat avec la SMCQ dans le cadre de la s\u00e9rie hommage \u00e0 la compositrice Katia Makdissi-Warren et fait partie de la programmation 2020 du festival Les Saisons Russes de Montr\u00e9al.[\/vc_column_text][\/vc_column][vc_column width=\u00a0\u00bb1\/4&Prime;][vc_single_image image=\u00a0\u00bb7667&Prime; img_size=\u00a0\u00bbfull\u00a0\u00bb add_caption=\u00a0\u00bbyes\u00a0\u00bb onclick=\u00a0\u00bblink_image\u00a0\u00bb][vc_single_image image=\u00a0\u00bb7666&Prime; img_size=\u00a0\u00bbfull\u00a0\u00bb add_caption=\u00a0\u00bbyes\u00a0\u00bb onclick=\u00a0\u00bblink_image\u00a0\u00bb][\/vc_column][\/vc_row]<\/p>\n<\/div>","protected":false},"excerpt":{"rendered":"<p>[vc_row][vc_column width=\u00a0\u00bb3\/4&Prime;][vc_column_text]Salle Claude Champagne (Pre-Concert, \u00c9toiles de demain 19h00) La grand-m\u00e8re du petit chaperon rouge est \u00e0 sa consultation de psychanalyse hebdomadaire aupr\u00e8s du Docteur Freudsky-Korsakov,<span class=\"excerpt-hellip\"> [\u2026]<\/span><\/p>\n","protected":false},"author":9,"featured_media":0,"parent":6649,"menu_order":0,"comment_status":"closed","ping_status":"closed","template":"","meta":{"footnotes":""},"class_list":["post-6796","page","type-page","status-publish","hentry"],"_links":{"self":[{"href":"https:\/\/orchestrenouvellegeneration.com\/fr\/wp-json\/wp\/v2\/pages\/6796","targetHints":{"allow":["GET"]}}],"collection":[{"href":"https:\/\/orchestrenouvellegeneration.com\/fr\/wp-json\/wp\/v2\/pages"}],"about":[{"href":"https:\/\/orchestrenouvellegeneration.com\/fr\/wp-json\/wp\/v2\/types\/page"}],"author":[{"embeddable":true,"href":"https:\/\/orchestrenouvellegeneration.com\/fr\/wp-json\/wp\/v2\/users\/9"}],"replies":[{"embeddable":true,"href":"https:\/\/orchestrenouvellegeneration.com\/fr\/wp-json\/wp\/v2\/comments?post=6796"}],"version-history":[{"count":15,"href":"https:\/\/orchestrenouvellegeneration.com\/fr\/wp-json\/wp\/v2\/pages\/6796\/revisions"}],"predecessor-version":[{"id":7968,"href":"https:\/\/orchestrenouvellegeneration.com\/fr\/wp-json\/wp\/v2\/pages\/6796\/revisions\/7968"}],"up":[{"embeddable":true,"href":"https:\/\/orchestrenouvellegeneration.com\/fr\/wp-json\/wp\/v2\/pages\/6649"}],"wp:attachment":[{"href":"https:\/\/orchestrenouvellegeneration.com\/fr\/wp-json\/wp\/v2\/media?parent=6796"}],"curies":[{"name":"wp","href":"https:\/\/api.w.org\/{rel}","templated":true}]}}