{"id":6751,"date":"2019-11-02T23:59:10","date_gmt":"2019-11-02T23:59:10","guid":{"rendered":"https:\/\/orchestrenouvellegeneration.com\/?page_id=6751"},"modified":"2021-03-04T01:20:10","modified_gmt":"2021-03-04T01:20:10","slug":"dimanche-5-avril","status":"publish","type":"page","link":"https:\/\/orchestrenouvellegeneration.com\/fr\/saison-2019-2020-2\/dimanche-5-avril\/","title":{"rendered":"MOZART ET AU-DEL\u00c0"},"content":{"rendered":"<div class=\"wpb-content-wrapper\"><p>[vc_row][vc_column width=\u00a0\u00bb3\/4&Prime;][vc_column_text]<span style=\"color: #861215;\">\u00c0 la suite de la demande du gouvernement du Qu\u00e9bec d\u2019annuler ou de reporter la pr\u00e9sentation de tous les \u00e9v\u00e9nements int\u00e9rieurs de plus de 250 personnes, la Facult\u00e9 de musique de l\u2019Universit\u00e9 de Montr\u00e9al suspend tous ses \u00e9v\u00e9nements publics \u00e0 venir, et ce, jusqu\u2019au trimestre prochain.<\/span><\/p>\n<p><span style=\"color: #861215;\">\u00c0 cet effet, le concert de l\u2019Orchestre Nouvelle G\u00e9n\u00e9ration MOZART ET AU-DEL\u00c0 qui \u00e9tait pr\u00e9vu pour le 5 avril \u00e0 la salle Claude Champagne sera report\u00e9 \u00e0 une date ult\u00e9rieure. Les d\u00e9tenteurs de billets sont pri\u00e9s de les conserver. ONG communiquera avec vous collectivement lorsque la nouvelle date sera confirm\u00e9e.<\/span><\/p>\n<p><span style=\"color: #861215;\">Si vous \u00eates dans l&rsquo;impossibilit\u00e9 de vous pr\u00e9senter au concert \u00e0 sa nouvelle date, n\u2019h\u00e9sitez pas \u00e0 communiquer avec nous au (514) 587-2477.<\/span><\/p>\n<p><span style=\"color: #861215;\">Nous vous souhaitons tous de rester sains et en sant\u00e9.<\/span>[\/vc_column_text][vc_column_text]<strong>Salle Claude-Champagne<\/strong><br \/>\n<a href=\"?page_id=6438&amp;lang=fr\"><em>(Pre-Concert, \u00c9toiles de demain 19h00)<\/em><\/a><\/p>\n<p><span style=\"color: #000000;\">Quand l&rsquo;id\u00e9e d&rsquo;arranger l&rsquo;un des plus beaux quatuors de Mozart (no 15 K.421) pour ONG est venue \u00e0 l&rsquo;esprit, l&rsquo;intention n&rsquo;\u00e9tait pas simplement de transcrire l&rsquo;\u0153uvre pour un ensemble plus grand, mais de cr\u00e9er une conversation th\u00e9\u00e2trale entre les musiciens &#8211; donnant \u00e0 chacun un moment ou l&rsquo;autre de la pi\u00e8ce des solos. La soir\u00e9e continuera de mettre en valeur la virtuosit\u00e9 de nos musiciens en tant que solistes dans les diff\u00e9rents r\u00e9pertoires de l&rsquo;\u00e9poque de Mozart jusqu&rsquo;\u00e0 nos jours.<\/span><\/p>\n<p><span style=\"color: #000000;\">Une soir\u00e9e qui promet d&rsquo;\u00eatre pleine de d\u00e9couvertes.<\/span><\/p>\n<p><strong>WOLFGANG AMADEUS MOZART<\/strong> Quatuor \u00e0 cordes No. 15 K.421 (arr . N.Turovsky)<br \/>\n<strong>GUSTAV MAHLER<\/strong> \u00ab\u00a0Nicht zu schnell\u00a0\u00bb (Klavierquartett arr. trio \u00e0 cordes &amp; orchestre \u00e0 cordes)<br \/>\n<strong>JOHN B HEDGES<\/strong> Raise Hymn, Praise Shout pour contrebasse &amp; orchestre \u00e0 cordes<br \/>\n<strong>FREDERIC RZEWSKI<\/strong> les Moutons de Panurge<\/p>\n<p><b>Elvira Misbahova,<\/b> alto<br \/>\n<b>Kateryna Bragina,<\/b> violoncelle<br \/>\n<b>Roman Manolache,<\/b> contrebasse[\/vc_column_text][\/vc_column][vc_column width=\u00a0\u00bb1\/4&Prime;][vc_single_image image=\u00a0\u00bb7665&Prime; img_size=\u00a0\u00bbfull\u00a0\u00bb add_caption=\u00a0\u00bbyes\u00a0\u00bb onclick=\u00a0\u00bblink_image\u00a0\u00bb][vc_single_image image=\u00a0\u00bb7237&Prime; img_size=\u00a0\u00bbfull\u00a0\u00bb add_caption=\u00a0\u00bbyes\u00a0\u00bb onclick=\u00a0\u00bblink_image\u00a0\u00bb][vc_single_image image=\u00a0\u00bb7663&Prime; img_size=\u00a0\u00bbfull\u00a0\u00bb add_caption=\u00a0\u00bbyes\u00a0\u00bb onclick=\u00a0\u00bblink_image\u00a0\u00bb][\/vc_column][\/vc_row]<\/p>\n<\/div>","protected":false},"excerpt":{"rendered":"<p>[vc_row][vc_column width=\u00a0\u00bb3\/4&Prime;][vc_column_text]\u00c0 la suite de la demande du gouvernement du Qu\u00e9bec d\u2019annuler ou de reporter la pr\u00e9sentation de tous les \u00e9v\u00e9nements int\u00e9rieurs de plus de 250<span class=\"excerpt-hellip\"> [\u2026]<\/span><\/p>\n","protected":false},"author":9,"featured_media":0,"parent":6649,"menu_order":0,"comment_status":"closed","ping_status":"closed","template":"","meta":{"footnotes":""},"class_list":["post-6751","page","type-page","status-publish","hentry"],"_links":{"self":[{"href":"https:\/\/orchestrenouvellegeneration.com\/fr\/wp-json\/wp\/v2\/pages\/6751","targetHints":{"allow":["GET"]}}],"collection":[{"href":"https:\/\/orchestrenouvellegeneration.com\/fr\/wp-json\/wp\/v2\/pages"}],"about":[{"href":"https:\/\/orchestrenouvellegeneration.com\/fr\/wp-json\/wp\/v2\/types\/page"}],"author":[{"embeddable":true,"href":"https:\/\/orchestrenouvellegeneration.com\/fr\/wp-json\/wp\/v2\/users\/9"}],"replies":[{"embeddable":true,"href":"https:\/\/orchestrenouvellegeneration.com\/fr\/wp-json\/wp\/v2\/comments?post=6751"}],"version-history":[{"count":10,"href":"https:\/\/orchestrenouvellegeneration.com\/fr\/wp-json\/wp\/v2\/pages\/6751\/revisions"}],"predecessor-version":[{"id":7966,"href":"https:\/\/orchestrenouvellegeneration.com\/fr\/wp-json\/wp\/v2\/pages\/6751\/revisions\/7966"}],"up":[{"embeddable":true,"href":"https:\/\/orchestrenouvellegeneration.com\/fr\/wp-json\/wp\/v2\/pages\/6649"}],"wp:attachment":[{"href":"https:\/\/orchestrenouvellegeneration.com\/fr\/wp-json\/wp\/v2\/media?parent=6751"}],"curies":[{"name":"wp","href":"https:\/\/api.w.org\/{rel}","templated":true}]}}