{"id":6737,"date":"2019-11-02T23:42:27","date_gmt":"2019-11-02T23:42:27","guid":{"rendered":"https:\/\/orchestrenouvellegeneration.com\/?page_id=6737"},"modified":"2021-03-03T16:15:15","modified_gmt":"2021-03-03T16:15:15","slug":"dimanche-22-fevrier","status":"publish","type":"page","link":"https:\/\/orchestrenouvellegeneration.com\/fr\/saison-2019-2020\/dimanche-22-fevrier\/","title":{"rendered":"FANTAISIE \u00c0 VINGT-DEUX MAINS"},"content":{"rendered":"<div class=\"wpb-content-wrapper\"><p>[vc_row][vc_column][vc_column_text]\u00c9glise St Jax<br \/>\n<!-- <a href=\"?page_id=6433\"><em> (Pre-Concert, Tomorrow\u2019s Stars 7:00 pm)<\/em><\/a> --><\/p>\n<p><span style=\"color: #000000;\">Nous devons vous murmurer un secret\u2026 les joueurs d\u2019instruments \u00e0 cordes ont toujours \u00e9t\u00e9 envieux des chef-d \u2019\u0153uvres du r\u00e9pertoire de piano\u2026 cela ne veut pas dire qu\u2019il n\u2019y a pas assez de chef-d \u2019\u0153uvres con\u00e7us pour les cordes, mais il y a quelque chose de si irr\u00e9sistible \u00e0 propos de certaines \u0153uvres pour piano qu\u2019on a d\u00fb les emprunter\u2026 S\u2019en est suivit une qu\u00eate de recherche pour trouver des arrangements pour cordes durant laquelle nous avons trouv\u00e9 de vrais tr\u00e9sors. La transformation pour cordes ajoute quelque chose de pr\u00e9cieux aux \u0153uvres aim\u00e9es. Sans jamais perdre l\u2019essence originale de ces compositions, les cordes ajoutent des couleurs, des sentiments, des atmosph\u00e8res et parfois des significations diff\u00e9rentes de sorte que ces transcriptions m\u00e9tamorphosent les \u0153uvres en quelque chose de nouveau et unique. La belle \u00e9glise St-Jax et son atmosph\u00e8re intime cadrent parfaitement pour cette soir\u00e9e magique.<\/span><\/p>\n<p><strong>SCHUBERT<\/strong> Fantaisie en Fa Mineur, D940 (arr. pour cordes de Firmian Lermer)<br \/>\n<strong>CHOSTAKOVITCH<\/strong> Pr\u00e9ludes, Op34 (arr. pour cordes)<br \/>\n<strong>SATIE<\/strong> Gymnop\u00e9dies et Gnossiennes (arr. pour cordes de Michi Wiancko)<br \/>\n<strong>BEETHOVEN<\/strong> Sonate\u00a0Path\u00e9tique (arr. pour cordes de Boris Vayner)<\/p>\n<p><!--[button link=\"https:\/\/orchestrenouvellegeneration.com\/?page_id=6081\" size=\"small\" bgcolor=\"red\" textcolor=\"white\"]Buy Tickets[\/button]-->[\/vc_column_text][vc_row_inner][vc_column_inner width=\u00a0\u00bb1\/4&Prime;][vc_single_image image=\u00a0\u00bb7657&Prime; img_size=\u00a0\u00bbfull\u00a0\u00bb add_caption=\u00a0\u00bbyes\u00a0\u00bb onclick=\u00a0\u00bblink_image\u00a0\u00bb][\/vc_column_inner][vc_column_inner width=\u00a0\u00bb1\/4&Prime;][vc_single_image image=\u00a0\u00bb7660&Prime; img_size=\u00a0\u00bbfull\u00a0\u00bb add_caption=\u00a0\u00bbyes\u00a0\u00bb onclick=\u00a0\u00bblink_image\u00a0\u00bb][\/vc_column_inner][vc_column_inner width=\u00a0\u00bb1\/4&Prime;][vc_single_image image=\u00a0\u00bb7658&Prime; img_size=\u00a0\u00bbfull\u00a0\u00bb add_caption=\u00a0\u00bbyes\u00a0\u00bb onclick=\u00a0\u00bblink_image\u00a0\u00bb][\/vc_column_inner][vc_column_inner width=\u00a0\u00bb1\/4&Prime;][vc_single_image image=\u00a0\u00bb7659&Prime; img_size=\u00a0\u00bbfull\u00a0\u00bb add_caption=\u00a0\u00bbyes\u00a0\u00bb onclick=\u00a0\u00bblink_image\u00a0\u00bb][\/vc_column_inner][\/vc_row_inner][\/vc_column][\/vc_row]<\/p>\n<\/div>","protected":false},"excerpt":{"rendered":"<p>[vc_row][vc_column][vc_column_text]\u00c9glise St Jax Nous devons vous murmurer un secret\u2026 les joueurs d\u2019instruments \u00e0 cordes ont toujours \u00e9t\u00e9 envieux des chef-d \u2019\u0153uvres du r\u00e9pertoire de piano\u2026 cela<span class=\"excerpt-hellip\"> [\u2026]<\/span><\/p>\n","protected":false},"author":9,"featured_media":0,"parent":6698,"menu_order":0,"comment_status":"closed","ping_status":"closed","template":"","meta":{"footnotes":""},"class_list":["post-6737","page","type-page","status-publish","hentry"],"_links":{"self":[{"href":"https:\/\/orchestrenouvellegeneration.com\/fr\/wp-json\/wp\/v2\/pages\/6737","targetHints":{"allow":["GET"]}}],"collection":[{"href":"https:\/\/orchestrenouvellegeneration.com\/fr\/wp-json\/wp\/v2\/pages"}],"about":[{"href":"https:\/\/orchestrenouvellegeneration.com\/fr\/wp-json\/wp\/v2\/types\/page"}],"author":[{"embeddable":true,"href":"https:\/\/orchestrenouvellegeneration.com\/fr\/wp-json\/wp\/v2\/users\/9"}],"replies":[{"embeddable":true,"href":"https:\/\/orchestrenouvellegeneration.com\/fr\/wp-json\/wp\/v2\/comments?post=6737"}],"version-history":[{"count":9,"href":"https:\/\/orchestrenouvellegeneration.com\/fr\/wp-json\/wp\/v2\/pages\/6737\/revisions"}],"predecessor-version":[{"id":7869,"href":"https:\/\/orchestrenouvellegeneration.com\/fr\/wp-json\/wp\/v2\/pages\/6737\/revisions\/7869"}],"up":[{"embeddable":true,"href":"https:\/\/orchestrenouvellegeneration.com\/fr\/wp-json\/wp\/v2\/pages\/6698"}],"wp:attachment":[{"href":"https:\/\/orchestrenouvellegeneration.com\/fr\/wp-json\/wp\/v2\/media?parent=6737"}],"curies":[{"name":"wp","href":"https:\/\/api.w.org\/{rel}","templated":true}]}}