{"id":6716,"date":"2019-11-02T23:08:12","date_gmt":"2019-11-02T23:08:12","guid":{"rendered":"https:\/\/orchestrenouvellegeneration.com\/?page_id=6716"},"modified":"2021-03-03T15:53:38","modified_gmt":"2021-03-03T15:53:38","slug":"samedi-14-decembre","status":"publish","type":"page","link":"https:\/\/orchestrenouvellegeneration.com\/fr\/saison-2019-2020\/samedi-14-decembre\/","title":{"rendered":"BACH HONEGGER, SIX DEGR\u00c9S DE S\u00c9PARATION"},"content":{"rendered":"<div class=\"wpb-content-wrapper\"><p>[vc_row][vc_column width=\u00a0\u00bb3\/4&Prime;][vc_column_text]Salle Claude-Champagne<br \/>\n<a href=\"?page_id=6438&amp;lang=fr\"><em>(Pre-Concert, \u00c9toiles de demain 19h00)<\/em><\/a><\/p>\n<p><strong>Bach, Honegger<\/strong><\/p>\n<p>Deux compositeurs prodigieux n\u00e9s \u00e0 200 ans d&rsquo;\u00e9cart&#8230; O\u00f9 leurs chemins se sont-ils crois\u00e9s? Quels pourraient \u00eatre leurs \u00ab\u00a0six degr\u00e9s de s\u00e9paration\u00a0\u00bb?<\/p>\n<p>La r\u00e9ponse se trouve dans l&rsquo;ann\u00e9e 1932, quand Arthur Honegger a compos\u00e9 sa Pr\u00e9lude, Arioso &amp; Fughetta sur le nom de B.A.C.H.<\/p>\n<p>Avec un programme de cinq \u0153uvres contrast\u00e9es des deux grands compositeurs, des parall\u00e8les peuvent \u00eatre \u00e9tablis entre ces deux ma\u00eetres. D\u00e9butant par le c\u00e9l\u00e8bre Concerto brandebourgeois no 3 de Bach et culminant avec la Deuxi\u00e8me symphonie victorieuse de Honegger, la soir\u00e9e est un d\u00e9but parfait pour la Saison 9.<\/p>\n<p><strong>BACH<\/strong> Concerto Brandebourgeois No. 3 BWV 1048<br \/>\n<strong>HONEGGER<\/strong> Prelude, Arioso&amp; Fughetta sur le nom de B.A.C.H<br \/>\n<strong>BACH<\/strong> Concerto pour 2 violons en\u00a0r\u00e9 mineur, BWV 1043<br \/>\n<strong>BACH<\/strong> Passacaglia BWV 582 &#8211; Arrangement pour cordes et continuo par by Rinaldo Alessandrini<br \/>\n<strong>HONEGGER<\/strong> Symphonie No. 2<\/p>\n<p><b>Veronika Cherniak,<\/b> violon<br \/>\n<b>Olga Semionova,<\/b> violon[\/vc_column_text][\/vc_column][vc_column width=\u00a0\u00bb1\/4&Prime;][vc_single_image image=\u00a0\u00bb7655&Prime; img_size=\u00a0\u00bbfull\u00a0\u00bb add_caption=\u00a0\u00bbyes\u00a0\u00bb onclick=\u00a0\u00bblink_image\u00a0\u00bb][vc_single_image image=\u00a0\u00bb7656&Prime; img_size=\u00a0\u00bbfull\u00a0\u00bb add_caption=\u00a0\u00bbyes\u00a0\u00bb onclick=\u00a0\u00bblink_image\u00a0\u00bb][\/vc_column][\/vc_row]<\/p>\n<\/div>","protected":false},"excerpt":{"rendered":"<p>[vc_row][vc_column width=\u00a0\u00bb3\/4&Prime;][vc_column_text]Salle Claude-Champagne (Pre-Concert, \u00c9toiles de demain 19h00) Bach, Honegger Deux compositeurs prodigieux n\u00e9s \u00e0 200 ans d&rsquo;\u00e9cart&#8230; O\u00f9 leurs chemins se sont-ils crois\u00e9s? Quels pourraient<span class=\"excerpt-hellip\"> [\u2026]<\/span><\/p>\n","protected":false},"author":9,"featured_media":0,"parent":6698,"menu_order":0,"comment_status":"closed","ping_status":"closed","template":"","meta":{"footnotes":""},"class_list":["post-6716","page","type-page","status-publish","hentry"],"_links":{"self":[{"href":"https:\/\/orchestrenouvellegeneration.com\/fr\/wp-json\/wp\/v2\/pages\/6716","targetHints":{"allow":["GET"]}}],"collection":[{"href":"https:\/\/orchestrenouvellegeneration.com\/fr\/wp-json\/wp\/v2\/pages"}],"about":[{"href":"https:\/\/orchestrenouvellegeneration.com\/fr\/wp-json\/wp\/v2\/types\/page"}],"author":[{"embeddable":true,"href":"https:\/\/orchestrenouvellegeneration.com\/fr\/wp-json\/wp\/v2\/users\/9"}],"replies":[{"embeddable":true,"href":"https:\/\/orchestrenouvellegeneration.com\/fr\/wp-json\/wp\/v2\/comments?post=6716"}],"version-history":[{"count":10,"href":"https:\/\/orchestrenouvellegeneration.com\/fr\/wp-json\/wp\/v2\/pages\/6716\/revisions"}],"predecessor-version":[{"id":7859,"href":"https:\/\/orchestrenouvellegeneration.com\/fr\/wp-json\/wp\/v2\/pages\/6716\/revisions\/7859"}],"up":[{"embeddable":true,"href":"https:\/\/orchestrenouvellegeneration.com\/fr\/wp-json\/wp\/v2\/pages\/6698"}],"wp:attachment":[{"href":"https:\/\/orchestrenouvellegeneration.com\/fr\/wp-json\/wp\/v2\/media?parent=6716"}],"curies":[{"name":"wp","href":"https:\/\/api.w.org\/{rel}","templated":true}]}}