{"id":6698,"date":"2019-11-02T22:30:10","date_gmt":"2019-11-02T22:30:10","guid":{"rendered":"https:\/\/orchestrenouvellegeneration.com\/?page_id=6698"},"modified":"2021-03-03T02:09:16","modified_gmt":"2021-03-03T02:09:16","slug":"saison-2019-2020","status":"publish","type":"page","link":"https:\/\/orchestrenouvellegeneration.com\/fr\/saison-2019-2020\/","title":{"rendered":"Saison 2019 &#8211; 2020"},"content":{"rendered":"<div class=\"wpb-content-wrapper\"><p>[vc_row][vc_column width=\u00a0\u00bb2\/3&Prime;][vc_column_text]<\/p>\n<h3><a href=\"\/?page_id=6716\">BACH HONEGGER, SIX DEGR\u00c9S DE S\u00c9PARATION<\/a><\/h3>\n<h4>Samedi, 14 d\u00e9cembre 2019 &#8211; 19 h 30<\/h4>\n<p>Salle Claude-Champagne<\/p>\n<p><strong>BACH, HONEGGER<\/strong><\/p>\n<p><em><b>Veronika Cherniak,\u00a0<\/b>violon<\/em><br \/>\n<em><b> Olga Semionova,\u00a0<\/b>violon<\/em>[\/vc_column_text][vc_btn title=\u00a0\u00bbEN SAVOIR PLUS\u00a0\u00bb style=\u00a0\u00bbcustom\u00a0\u00bb custom_background=\u00a0\u00bb#861215&Prime; custom_text=\u00a0\u00bb#fcfcfc\u00a0\u00bb size=\u00a0\u00bbsm\u00a0\u00bb align=\u00a0\u00bbleft\u00a0\u00bb link=\u00a0\u00bburl:https%3A%2F%2Forchestrenouvellegeneration.com%2Ffr%2Fsaison-2019-2020%2Fsamedi-14-decembre%2F|title:15%20d%C3%A9cembre%202018&Prime;][\/vc_column][vc_column width=\u00a0\u00bb1\/3&Prime;][vc_single_image image=\u00a0\u00bb7681&Prime; img_size=\u00a0\u00bbmedium\u00a0\u00bb alignment=\u00a0\u00bbcenter\u00a0\u00bb onclick=\u00a0\u00bbcustom_link\u00a0\u00bb link=\u00a0\u00bbhttps:\/\/orchestrenouvellegeneration.com\/fr\/saison-2019-2020\/samedi-14-decembre\/\u00a0\u00bb][\/vc_column][\/vc_row][vc_row][vc_column][vc_separator][\/vc_column][\/vc_row][vc_row][vc_column width=\u00a0\u00bb2\/3&Prime;][vc_column_text]<\/p>\n<h3><a href=\"\/?page_id=6737\">FANTAISIE \u00c0 VINGT-DEUX MAINS<\/a><\/h3>\n<h4>Samedi, 22 f\u00e9vrier 2020 &#8211; 19 h 30<\/h4>\n<p>\u00c9glise St Jax<\/p>\n<p><strong>SCHUBERT, BEETHOVEN, SHOSTAKOVICH &amp; SATIE<\/strong>[\/vc_column_text][vc_btn title=\u00a0\u00bbEN SAVOIR PLUS\u00a0\u00bb style=\u00a0\u00bbcustom\u00a0\u00bb custom_background=\u00a0\u00bb#861215&Prime; custom_text=\u00a0\u00bb#fcfcfc\u00a0\u00bb size=\u00a0\u00bbsm\u00a0\u00bb align=\u00a0\u00bbleft\u00a0\u00bb link=\u00a0\u00bburl:https%3A%2F%2Forchestrenouvellegeneration.com%2Ffr%2Fsaison-2019-2020%2Fdimanche-22-fevrier%2F|title:15%20d%C3%A9cembre%202018&Prime;][\/vc_column][vc_column width=\u00a0\u00bb1\/3&Prime;][vc_single_image image=\u00a0\u00bb7680&Prime; img_size=\u00a0\u00bbmedium\u00a0\u00bb alignment=\u00a0\u00bbcenter\u00a0\u00bb onclick=\u00a0\u00bbcustom_link\u00a0\u00bb link=\u00a0\u00bbhttps:\/\/orchestrenouvellegeneration.com\/fr\/saison-2019-2020\/dimanche-22-fevrier\/\u00a0\u00bb][\/vc_column][\/vc_row][vc_row][vc_column][vc_separator][\/vc_column][\/vc_row][vc_row][vc_column width=\u00a0\u00bb2\/3&Prime;][vc_column_text]<\/p>\n<h3><a href=\"\/?page_id=6737\">MOZART ET AU-DEL\u00c0 (REPORT\u00c9)<\/a><\/h3>\n<h4>Dimanche, 05 avril 2020 &#8211; 19 h 30<\/h4>\n<p>Salle Claude-Champagne<\/p>\n<p><strong>MOZART, MAHLER, HEDGES, RZEWSKI<\/strong><\/p>\n<p><b>Elvira Misbahova<\/b>, alto<br \/>\n<b>Kateryna Bragina<\/b>, violoncelle<br \/>\n<b>Roman Manolache<\/b>, contrebasse[\/vc_column_text][vc_btn title=\u00a0\u00bbEN SAVOIR PLUS\u00a0\u00bb style=\u00a0\u00bbcustom\u00a0\u00bb custom_background=\u00a0\u00bb#861215&Prime; custom_text=\u00a0\u00bb#fcfcfc\u00a0\u00bb size=\u00a0\u00bbsm\u00a0\u00bb align=\u00a0\u00bbleft\u00a0\u00bb link=\u00a0\u00bburl:https%3A%2F%2Forchestrenouvellegeneration.com%2Ffr%2Fsaison-2019-2020-2%2Fdimanche-5-avril%2F|title:5%20avril%202020&Prime;][\/vc_column][vc_column width=\u00a0\u00bb1\/3&Prime;][vc_single_image image=\u00a0\u00bb7677&Prime; img_size=\u00a0\u00bbmedium\u00a0\u00bb alignment=\u00a0\u00bbcenter\u00a0\u00bb onclick=\u00a0\u00bbcustom_link\u00a0\u00bb link=\u00a0\u00bb\/?page_id=6737&Prime;][\/vc_column][\/vc_row][vc_row][vc_column][vc_separator][\/vc_column][\/vc_row][vc_row][vc_column width=\u00a0\u00bb2\/3&Prime;][vc_column_text]<\/p>\n<h3><a href=\"\/?page_id=6796\">CONTES EN FOLIE<\/a><\/h3>\n<h4>Dimanche, 14 juin 2020 &#8211; 19 h 30<\/h4>\n<p>Salle Claude-Champagne<\/p>\n<p><strong>ROSSINI ,PROKOFIEV, CUI, MUSSORGKY, RIMSKY- KORSAKOV, MOZART, STRAVINSKY, DVOR\u00c1K &amp; KATIA MAKDISSI &#8211; WARREN<\/strong><\/p>\n<p><b>Natalie Choquette<\/b>, soprano<br \/>\n<b>Igor Ovadis<\/b>, acteur[\/vc_column_text][vc_btn title=\u00a0\u00bbEN SAVOIR PLUS\u00a0\u00bb style=\u00a0\u00bbcustom\u00a0\u00bb custom_background=\u00a0\u00bb#861215&Prime; custom_text=\u00a0\u00bb#fcfcfc\u00a0\u00bb size=\u00a0\u00bbsm\u00a0\u00bb align=\u00a0\u00bbleft\u00a0\u00bb link=\u00a0\u00bburl:https%3A%2F%2Forchestrenouvellegeneration.com%2Ffr%2Fsaison-2019-2020-2%2F14-juin-2020%2F|title:14%20juin%202020&Prime;][\/vc_column][vc_column width=\u00a0\u00bb1\/3&Prime;][vc_single_image image=\u00a0\u00bb7675&Prime; img_size=\u00a0\u00bbmedium\u00a0\u00bb alignment=\u00a0\u00bbcenter\u00a0\u00bb onclick=\u00a0\u00bbcustom_link\u00a0\u00bb link=\u00a0\u00bb\/?page_id=6796&Prime;][\/vc_column][\/vc_row][vc_row][vc_column][vc_separator][\/vc_column][\/vc_row][vc_row][vc_column width=\u00a0\u00bb2\/3&Prime;][vc_column_text]<\/p>\n<h3><a href=\"?page_id=6438&amp;amp;lang=fr\">PRE-CONCERT, \u00c9toiles de demain<\/a><\/h3>\n<h4>19 H<\/h4>\n<p>[\/vc_column_text][vc_btn title=\u00a0\u00bbEN SAVOIR PLUS\u00a0\u00bb style=\u00a0\u00bbcustom\u00a0\u00bb custom_background=\u00a0\u00bb#861215&Prime; custom_text=\u00a0\u00bb#fcfcfc\u00a0\u00bb size=\u00a0\u00bbsm\u00a0\u00bb align=\u00a0\u00bbleft\u00a0\u00bb link=\u00a0\u00bburl:%3Fpage_id%3D6438%26amp%3Blang%3Dfr|title:PRE-CONCERT%2C%20%C3%89toiles%20de%20demain\u00a0\u00bb][\/vc_column][vc_column width=\u00a0\u00bb1\/3&Prime;][vc_single_image image=\u00a0\u00bb7646&Prime; img_size=\u00a0\u00bbmedium\u00a0\u00bb alignment=\u00a0\u00bbcenter\u00a0\u00bb onclick=\u00a0\u00bbcustom_link\u00a0\u00bb link=\u00a0\u00bb?page_id=6438&amp;lang=fr\u00a0\u00bb][\/vc_column][\/vc_row]<\/p>\n<\/div>","protected":false},"excerpt":{"rendered":"<p>[vc_row][vc_column width=\u00a0\u00bb2\/3&Prime;][vc_column_text] BACH HONEGGER, SIX DEGR\u00c9S DE S\u00c9PARATION Samedi, 14 d\u00e9cembre 2019 &#8211; 19 h 30 Salle Claude-Champagne BACH, HONEGGER Veronika Cherniak,\u00a0violon Olga Semionova,\u00a0violon[\/vc_column_text][vc_btn title=\u00a0\u00bbEN SAVOIR<span class=\"excerpt-hellip\"> [\u2026]<\/span><\/p>\n","protected":false},"author":9,"featured_media":0,"parent":0,"menu_order":0,"comment_status":"closed","ping_status":"closed","template":"","meta":{"footnotes":""},"class_list":["post-6698","page","type-page","status-publish","hentry"],"_links":{"self":[{"href":"https:\/\/orchestrenouvellegeneration.com\/fr\/wp-json\/wp\/v2\/pages\/6698","targetHints":{"allow":["GET"]}}],"collection":[{"href":"https:\/\/orchestrenouvellegeneration.com\/fr\/wp-json\/wp\/v2\/pages"}],"about":[{"href":"https:\/\/orchestrenouvellegeneration.com\/fr\/wp-json\/wp\/v2\/types\/page"}],"author":[{"embeddable":true,"href":"https:\/\/orchestrenouvellegeneration.com\/fr\/wp-json\/wp\/v2\/users\/9"}],"replies":[{"embeddable":true,"href":"https:\/\/orchestrenouvellegeneration.com\/fr\/wp-json\/wp\/v2\/comments?post=6698"}],"version-history":[{"count":34,"href":"https:\/\/orchestrenouvellegeneration.com\/fr\/wp-json\/wp\/v2\/pages\/6698\/revisions"}],"predecessor-version":[{"id":7851,"href":"https:\/\/orchestrenouvellegeneration.com\/fr\/wp-json\/wp\/v2\/pages\/6698\/revisions\/7851"}],"wp:attachment":[{"href":"https:\/\/orchestrenouvellegeneration.com\/fr\/wp-json\/wp\/v2\/media?parent=6698"}],"curies":[{"name":"wp","href":"https:\/\/api.w.org\/{rel}","templated":true}]}}