{"id":6438,"date":"2018-10-28T05:17:11","date_gmt":"2018-10-28T05:17:11","guid":{"rendered":"https:\/\/orchestrenouvellegeneration.com\/?page_id=6438"},"modified":"2021-03-04T01:19:22","modified_gmt":"2021-03-04T01:19:22","slug":"pre-concert","status":"publish","type":"page","link":"https:\/\/orchestrenouvellegeneration.com\/fr\/saison-2018-2019\/pre-concert\/","title":{"rendered":"\u00c9TOILES DE DEMAIN"},"content":{"rendered":"<div class=\"wpb-content-wrapper\"><p>[vc_row][vc_column width=\u00a0\u00bb2\/3&Prime;][vc_column_text]En pr\u00e9ambule aux concerts, des prestations musicales d\u2019environ 10 \u00e0 20 minutes<br \/>\npar des musiciens de la tr\u00e8s jeune rel\u00e8ve \u00e2g\u00e9s de 14 ans et moins<\/p>\n<p>Trente minutes avant le d\u00e9but de concerts d\u2019ONG dans l\u2019entr\u00e9e de la Salle Claude-Champagne[\/vc_column_text][\/vc_column][vc_column width=\u00a0\u00bb1\/3&Prime;][vc_single_image image=\u00a0\u00bb7646&Prime; img_size=\u00a0\u00bbfull\u00a0\u00bb onclick=\u00a0\u00bblink_image\u00a0\u00bb][\/vc_column][\/vc_row]<\/p>\n<\/div>","protected":false},"excerpt":{"rendered":"<p>[vc_row][vc_column width=\u00a0\u00bb2\/3&Prime;][vc_column_text]En pr\u00e9ambule aux concerts, des prestations musicales d\u2019environ 10 \u00e0 20 minutes par des musiciens de la tr\u00e8s jeune rel\u00e8ve \u00e2g\u00e9s de 14 ans et<span class=\"excerpt-hellip\"> [\u2026]<\/span><\/p>\n","protected":false},"author":9,"featured_media":0,"parent":6265,"menu_order":0,"comment_status":"closed","ping_status":"closed","template":"","meta":{"footnotes":""},"class_list":["post-6438","page","type-page","status-publish","hentry"],"_links":{"self":[{"href":"https:\/\/orchestrenouvellegeneration.com\/fr\/wp-json\/wp\/v2\/pages\/6438","targetHints":{"allow":["GET"]}}],"collection":[{"href":"https:\/\/orchestrenouvellegeneration.com\/fr\/wp-json\/wp\/v2\/pages"}],"about":[{"href":"https:\/\/orchestrenouvellegeneration.com\/fr\/wp-json\/wp\/v2\/types\/page"}],"author":[{"embeddable":true,"href":"https:\/\/orchestrenouvellegeneration.com\/fr\/wp-json\/wp\/v2\/users\/9"}],"replies":[{"embeddable":true,"href":"https:\/\/orchestrenouvellegeneration.com\/fr\/wp-json\/wp\/v2\/comments?post=6438"}],"version-history":[{"count":11,"href":"https:\/\/orchestrenouvellegeneration.com\/fr\/wp-json\/wp\/v2\/pages\/6438\/revisions"}],"predecessor-version":[{"id":7965,"href":"https:\/\/orchestrenouvellegeneration.com\/fr\/wp-json\/wp\/v2\/pages\/6438\/revisions\/7965"}],"up":[{"embeddable":true,"href":"https:\/\/orchestrenouvellegeneration.com\/fr\/wp-json\/wp\/v2\/pages\/6265"}],"wp:attachment":[{"href":"https:\/\/orchestrenouvellegeneration.com\/fr\/wp-json\/wp\/v2\/media?parent=6438"}],"curies":[{"name":"wp","href":"https:\/\/api.w.org\/{rel}","templated":true}]}}