{"id":6406,"date":"2018-10-27T02:45:32","date_gmt":"2018-10-27T02:45:32","guid":{"rendered":"https:\/\/orchestrenouvellegeneration.com\/?page_id=6406"},"modified":"2021-03-04T01:32:22","modified_gmt":"2021-03-04T01:32:22","slug":"8-juin-2019","status":"publish","type":"page","link":"https:\/\/orchestrenouvellegeneration.com\/fr\/saison-2018-2019\/8-juin-2019\/","title":{"rendered":"VISIONS FUGITIVES"},"content":{"rendered":"<div class=\"wpb-content-wrapper\"><p>[vc_row][vc_column width=\u00a0\u00bb3\/4&Prime;][vc_column_text]<\/p>\n<h3>Tableaux Dansants<\/h3>\n<p>Inspir\u00e9 par l&rsquo;imaginaire des <a href=\"https:\/\/fr.wikipedia.org\/wiki\/Visions_fugitives_(Prokofiev)\"><strong>Visions Fugitives<\/strong> de Prokofiev<\/a> et d&rsquo;autres bijoux musicaux, nous voil\u00e0 \u00e0 nouveau invit\u00e9s \u00e0 plonger au c\u0153ur du monde insolite et d\u00e9lirant de l\u2019artiste-peintre <strong><a href=\"http:\/\/natasha-turovsky.com\">Natasha Turovsky<\/a><\/strong>, un monde o\u00f9 r\u00e9alisme et surr\u00e9alisme font fusionner les miniatures fantaisistes de <strong>Prokofiev, Bach, Brahms, Britten, Stravinsky<\/strong> et <strong>Chostakovitch<\/strong>.<\/p>\n<p>Ces vignettes, tant\u00f4t lyriques et nostalgiques, tant\u00f4t taquines et bizarres sont soigneusement choisies et m\u00eal\u00e9es ensemble de mani\u00e8re \u00e0 former un tout homog\u00e8ne. Illustr\u00e9es par les peintures et dessins de Natasha cr\u00e9\u00e9s pour l\u2019occasion et anim\u00e9s par <strong>Svetlana Migdissova<\/strong>, ce m\u00e9lange flamboyant offrira un spectacle in\u00e9dit, une r\u00e9elle odyss\u00e9e musicale, visuelle et surr\u00e9aliste.<\/p>\n<p><a href=\"http:\/\/www.saisons-russes.ca\/\"><img loading=\"lazy\" decoding=\"async\" class=\"alignleft size-full wp-image-7580\" title=\"Les Saisons Russes de Montr\u00e9al\" src=\"https:\/\/orchestrenouvellegeneration.com\/wp-content\/uploads\/2015\/07\/logo_srm.gif\" alt=\"Les Saisons Russes de Montr\u00e9al\" width=\"200\" height=\"149\" \/><\/a><\/p>\n<p>&nbsp;<\/p>\n<p>Ce concert fait partie de la programmation 2019 du festival Les Saisons Russes de Montr\u00e9al.<\/p>\n<p><!--[button link=\"https:\/\/orchestrenouvellegeneration.com\/?page_id=6029&amp;lang=fr\" size=\"small\" bgcolor=\"red\" textcolor=\"white\"]Achat de billets[\/button]-->[\/vc_column_text][\/vc_column][vc_column width=\u00a0\u00bb1\/4&Prime;][vc_single_image image=\u00a0\u00bb7640&Prime; img_size=\u00a0\u00bbfull\u00a0\u00bb add_caption=\u00a0\u00bbyes\u00a0\u00bb onclick=\u00a0\u00bblink_image\u00a0\u00bb][\/vc_column][\/vc_row]<\/p>\n<\/div>","protected":false},"excerpt":{"rendered":"<p>[vc_row][vc_column width=\u00a0\u00bb3\/4&Prime;][vc_column_text] Tableaux Dansants Inspir\u00e9 par l&rsquo;imaginaire des Visions Fugitives de Prokofiev et d&rsquo;autres bijoux musicaux, nous voil\u00e0 \u00e0 nouveau invit\u00e9s \u00e0 plonger au c\u0153ur du<span class=\"excerpt-hellip\"> [\u2026]<\/span><\/p>\n","protected":false},"author":9,"featured_media":0,"parent":6265,"menu_order":0,"comment_status":"closed","ping_status":"closed","template":"","meta":{"footnotes":""},"class_list":["post-6406","page","type-page","status-publish","hentry"],"_links":{"self":[{"href":"https:\/\/orchestrenouvellegeneration.com\/fr\/wp-json\/wp\/v2\/pages\/6406","targetHints":{"allow":["GET"]}}],"collection":[{"href":"https:\/\/orchestrenouvellegeneration.com\/fr\/wp-json\/wp\/v2\/pages"}],"about":[{"href":"https:\/\/orchestrenouvellegeneration.com\/fr\/wp-json\/wp\/v2\/types\/page"}],"author":[{"embeddable":true,"href":"https:\/\/orchestrenouvellegeneration.com\/fr\/wp-json\/wp\/v2\/users\/9"}],"replies":[{"embeddable":true,"href":"https:\/\/orchestrenouvellegeneration.com\/fr\/wp-json\/wp\/v2\/comments?post=6406"}],"version-history":[{"count":22,"href":"https:\/\/orchestrenouvellegeneration.com\/fr\/wp-json\/wp\/v2\/pages\/6406\/revisions"}],"predecessor-version":[{"id":7975,"href":"https:\/\/orchestrenouvellegeneration.com\/fr\/wp-json\/wp\/v2\/pages\/6406\/revisions\/7975"}],"up":[{"embeddable":true,"href":"https:\/\/orchestrenouvellegeneration.com\/fr\/wp-json\/wp\/v2\/pages\/6265"}],"wp:attachment":[{"href":"https:\/\/orchestrenouvellegeneration.com\/fr\/wp-json\/wp\/v2\/media?parent=6406"}],"curies":[{"name":"wp","href":"https:\/\/api.w.org\/{rel}","templated":true}]}}