{"id":6399,"date":"2018-10-27T02:34:33","date_gmt":"2018-10-27T02:34:33","guid":{"rendered":"https:\/\/orchestrenouvellegeneration.com\/?page_id=6399"},"modified":"2021-03-04T01:39:26","modified_gmt":"2021-03-04T01:39:26","slug":"18-april-2019","status":"publish","type":"page","link":"https:\/\/orchestrenouvellegeneration.com\/fr\/saison-2018-2019\/18-april-2019\/","title":{"rendered":"D\u00c9LICIEUSEMENT TRAGIQUE"},"content":{"rendered":"<div class=\"wpb-content-wrapper\"><p>[vc_row][vc_column width=\u00a0\u00bb3\/4&Prime;][vc_column_text]<\/p>\n<h3>Les grandes histoires d\u2019amours. Et si\u2026<\/h3>\n<p>Les grandes histoires d&rsquo;amour \u00e9veillent-elles votre\u00a0c\u00f4t\u00e9 sensible?<\/p>\n<p>Plus leurs destins sont tragiques, plus nous sommes irr\u00e9m\u00e9diablement attir\u00e9es vers elles, mais parfois certaines visions oniriques peuvent\u00a0s\u2019immiscer\u00a0dans nos pens\u00e9es,\u00a0en imaginant des histoires\u00a0diff\u00e9rentes pour nos Rom\u00e9o\u00a0et nos Juliette.<\/p>\n<p>Laissez-vous emportez par la grandeur, l&rsquo;humour et la passion des musiques de Wagner, Beethoven, Prokofiev et Janacek, et elles combleront\u00a0toutes vos\u00a0songeries.<\/p>\n<p>WAGNER Pr\u00e9lude de\u00a0<em>Tristan und Isolde<\/em> (arr.Sebastian G\u00fcrtler)<br \/>\nBEETHOVEN <em>Adagio<\/em> (quatuor \u00e0 cordes n\u00b01, op 18)<br \/>\nJANACEK quatuor \u00e0 cordes No.1, \u00ab<em> Sonate \u00e0 Kreutzer<\/em> \u00bb<br \/>\nPROKOFIEV <em>Suite Rom\u00e9o et Juliette, op. 64<\/em><br \/>\n(arr. pour alto et cordes de Fran\u00e7ois Valli\u00e8res)<\/p>\n<p><b>Elvira Misbakhova,<\/b> alto<\/p>\n<p><!--[button link=\"https:\/\/orchestrenouvellegeneration.com\/?page_id=6029&lang=fr\" size=\"small\" bgcolor=\"red\" textcolor=\"white\"]Achat de billets[\/button]--><br \/>\n[\/vc_column_text][\/vc_column][vc_column width=\u00a0\u00bb1\/4&Prime;][vc_single_image image=\u00a0\u00bb7665&Prime; img_size=\u00a0\u00bbfull\u00a0\u00bb add_caption=\u00a0\u00bbyes\u00a0\u00bb onclick=\u00a0\u00bblink_image\u00a0\u00bb][\/vc_column][\/vc_row]<\/p>\n<\/div>","protected":false},"excerpt":{"rendered":"<p>[vc_row][vc_column width=\u00a0\u00bb3\/4&Prime;][vc_column_text] Les grandes histoires d\u2019amours. Et si\u2026 Les grandes histoires d&rsquo;amour \u00e9veillent-elles votre\u00a0c\u00f4t\u00e9 sensible? Plus leurs destins sont tragiques, plus nous sommes irr\u00e9m\u00e9diablement attir\u00e9es vers<span class=\"excerpt-hellip\"> [\u2026]<\/span><\/p>\n","protected":false},"author":9,"featured_media":0,"parent":6265,"menu_order":0,"comment_status":"closed","ping_status":"closed","template":"","meta":{"footnotes":""},"class_list":["post-6399","page","type-page","status-publish","hentry"],"_links":{"self":[{"href":"https:\/\/orchestrenouvellegeneration.com\/fr\/wp-json\/wp\/v2\/pages\/6399","targetHints":{"allow":["GET"]}}],"collection":[{"href":"https:\/\/orchestrenouvellegeneration.com\/fr\/wp-json\/wp\/v2\/pages"}],"about":[{"href":"https:\/\/orchestrenouvellegeneration.com\/fr\/wp-json\/wp\/v2\/types\/page"}],"author":[{"embeddable":true,"href":"https:\/\/orchestrenouvellegeneration.com\/fr\/wp-json\/wp\/v2\/users\/9"}],"replies":[{"embeddable":true,"href":"https:\/\/orchestrenouvellegeneration.com\/fr\/wp-json\/wp\/v2\/comments?post=6399"}],"version-history":[{"count":15,"href":"https:\/\/orchestrenouvellegeneration.com\/fr\/wp-json\/wp\/v2\/pages\/6399\/revisions"}],"predecessor-version":[{"id":7981,"href":"https:\/\/orchestrenouvellegeneration.com\/fr\/wp-json\/wp\/v2\/pages\/6399\/revisions\/7981"}],"up":[{"embeddable":true,"href":"https:\/\/orchestrenouvellegeneration.com\/fr\/wp-json\/wp\/v2\/pages\/6265"}],"wp:attachment":[{"href":"https:\/\/orchestrenouvellegeneration.com\/fr\/wp-json\/wp\/v2\/media?parent=6399"}],"curies":[{"name":"wp","href":"https:\/\/api.w.org\/{rel}","templated":true}]}}