{"id":6384,"date":"2018-10-27T02:15:06","date_gmt":"2018-10-27T02:15:06","guid":{"rendered":"https:\/\/orchestrenouvellegeneration.com\/?page_id=6384"},"modified":"2021-03-04T01:40:18","modified_gmt":"2021-03-04T01:40:18","slug":"10-mars-2019","status":"publish","type":"page","link":"https:\/\/orchestrenouvellegeneration.com\/fr\/saison-2018-2019\/10-mars-2019\/","title":{"rendered":"De BEETHOVEN \u00e0 DJing"},"content":{"rendered":"<div class=\"wpb-content-wrapper\"><p>[vc_row][vc_column][vc_column_text]<strong>Rejoignez l&rsquo;Orchestre Nouvelle G\u00e9n\u00e9ration pour une aventure musicale qui sort de l\u2019ordinaire.<\/strong><\/p>\n<p>Depuis la Romance nostalgique de Rachmaninov jusqu\u2019\u00e0 l&rsquo;intensit\u00e9 du quatri\u00e8me quatuor de Beethoven, en passant par la virtuosit\u00e9 des Danses Roumaines de Bartok, vous serez submerg\u00e9 par la merveille d\u2019un univers charg\u00e9 d&rsquo;\u00e9motion, dynamique et passionnant. En miroir \u00e0 cette pr\u00e9ambule, Allegro con brio du Quartetto Serioso de Beethoven et Andante du 2e quatuor de Rachmaninov ouvriront le bal apr\u00e8s l\u2019entracte, et seront suivis par l\u2019Allegro molto de la symphonie de chambre No1 de Chostakovitch. Nous ajoutons \u00e0 cette s\u00e9lection judicieuse, 4 DJs producteurs de musiques \u00e9lectroniques qui vont partager la sc\u00e8ne avec l\u2019Orchestre Nouvelle G\u00e9n\u00e9ration. Cette collaboration captivante est con\u00e7ue en forme de concerto grosso, l\u2019accent \u00e9tant mis sur le dialogue entre les musiciens d&rsquo;ONG et les DJs, qui s\u2019engagent \u00e0 \u00e9merveiller la salle gr\u00e2ce \u00e0 un torrent d\u2019\u00e9nergie lors d\u2019une interpr\u00e9tation in\u00e9dite. Ce voyage \u00e9clectique promet de s\u00e9duire, d\u2019intriguer et d\u2019\u00eatre plein de d\u00e9couvertes, autant pour les connaisseurs que les novices des deux genres en vedette.<\/p>\n<p><strong>Une soir\u00e9e excitante et pas comme les autres!<\/strong><\/p>\n<p><strong>RACHMANINOV<\/strong> <em>Romance<\/em> (quatuor \u00e0 cordes n\u00b01)<br \/>\n<strong>BEETHOVEN<\/strong> Quatuor \u00e0 cordes No. 4<br \/>\n<strong>BARTOK<\/strong> Danses populaires roumaines<br \/>\n<strong>BEETHOVEN<\/strong> <em>Allegro con brio<\/em> (quatuor \u00e0 cordes No.11, op 95)<br \/>\n<strong>RACHMANINOV<\/strong> <em>Andante<\/em> (quatuor \u00e0 cordes n\u00b02)<br \/>\n<strong>CHOSTAKOVITCH<\/strong> <em>Allegro molto<\/em> (Symphonie de chambre n\u00b01)<\/p>\n<p><strong>Chirine Tarhouny<\/strong> (SYNCOPE), DJ et compositrice<br \/>\n<strong>Marc Distexhe<\/strong> (TENGRAPHS), DJ et compositeur<br \/>\n<strong>Antoine Gu\u00e9rin<\/strong> (PSYCHOTICMINDS), DJ et compositeur<br \/>\n<strong>Lucas Fiorella<\/strong> (URUBU), DJ et compositeur[\/vc_column_text][vc_row_inner][vc_column_inner width=\u00a0\u00bb1\/4&Prime;][vc_single_image image=\u00a0\u00bb7649&Prime; img_size=\u00a0\u00bbfull\u00a0\u00bb add_caption=\u00a0\u00bbyes\u00a0\u00bb onclick=\u00a0\u00bblink_image\u00a0\u00bb][\/vc_column_inner][vc_column_inner width=\u00a0\u00bb1\/4&Prime;][vc_single_image image=\u00a0\u00bb7650&Prime; img_size=\u00a0\u00bbfull\u00a0\u00bb add_caption=\u00a0\u00bbyes\u00a0\u00bb onclick=\u00a0\u00bblink_image\u00a0\u00bb][\/vc_column_inner][vc_column_inner width=\u00a0\u00bb1\/4&Prime;][vc_single_image image=\u00a0\u00bb7651&Prime; img_size=\u00a0\u00bbfull\u00a0\u00bb add_caption=\u00a0\u00bbyes\u00a0\u00bb onclick=\u00a0\u00bblink_image\u00a0\u00bb][\/vc_column_inner][vc_column_inner width=\u00a0\u00bb1\/4&Prime;][vc_single_image image=\u00a0\u00bb7652&Prime; img_size=\u00a0\u00bbfull\u00a0\u00bb add_caption=\u00a0\u00bbyes\u00a0\u00bb onclick=\u00a0\u00bblink_image\u00a0\u00bb][\/vc_column_inner][\/vc_row_inner][\/vc_column][\/vc_row]<\/p>\n<\/div>","protected":false},"excerpt":{"rendered":"<p>[vc_row][vc_column][vc_column_text]Rejoignez l&rsquo;Orchestre Nouvelle G\u00e9n\u00e9ration pour une aventure musicale qui sort de l\u2019ordinaire. Depuis la Romance nostalgique de Rachmaninov jusqu\u2019\u00e0 l&rsquo;intensit\u00e9 du quatri\u00e8me quatuor de Beethoven, en<span class=\"excerpt-hellip\"> [\u2026]<\/span><\/p>\n","protected":false},"author":9,"featured_media":0,"parent":6265,"menu_order":0,"comment_status":"closed","ping_status":"closed","template":"","meta":{"footnotes":""},"class_list":["post-6384","page","type-page","status-publish","hentry"],"_links":{"self":[{"href":"https:\/\/orchestrenouvellegeneration.com\/fr\/wp-json\/wp\/v2\/pages\/6384","targetHints":{"allow":["GET"]}}],"collection":[{"href":"https:\/\/orchestrenouvellegeneration.com\/fr\/wp-json\/wp\/v2\/pages"}],"about":[{"href":"https:\/\/orchestrenouvellegeneration.com\/fr\/wp-json\/wp\/v2\/types\/page"}],"author":[{"embeddable":true,"href":"https:\/\/orchestrenouvellegeneration.com\/fr\/wp-json\/wp\/v2\/users\/9"}],"replies":[{"embeddable":true,"href":"https:\/\/orchestrenouvellegeneration.com\/fr\/wp-json\/wp\/v2\/comments?post=6384"}],"version-history":[{"count":23,"href":"https:\/\/orchestrenouvellegeneration.com\/fr\/wp-json\/wp\/v2\/pages\/6384\/revisions"}],"predecessor-version":[{"id":7982,"href":"https:\/\/orchestrenouvellegeneration.com\/fr\/wp-json\/wp\/v2\/pages\/6384\/revisions\/7982"}],"up":[{"embeddable":true,"href":"https:\/\/orchestrenouvellegeneration.com\/fr\/wp-json\/wp\/v2\/pages\/6265"}],"wp:attachment":[{"href":"https:\/\/orchestrenouvellegeneration.com\/fr\/wp-json\/wp\/v2\/media?parent=6384"}],"curies":[{"name":"wp","href":"https:\/\/api.w.org\/{rel}","templated":true}]}}