{"id":6316,"date":"2018-10-18T23:54:16","date_gmt":"2018-10-18T23:54:16","guid":{"rendered":"https:\/\/orchestrenouvellegeneration.com\/?page_id=6316"},"modified":"2021-03-04T01:41:46","modified_gmt":"2021-03-04T01:41:46","slug":"15-decembre-2018","status":"publish","type":"page","link":"https:\/\/orchestrenouvellegeneration.com\/fr\/saison-2018-2019\/15-decembre-2018\/","title":{"rendered":"SOUVENIR DE CHINE"},"content":{"rendered":"<div class=\"wpb-content-wrapper\"><p>[vc_row][vc_column width=\u00a0\u00bb3\/4&Prime;][vc_column_text]En juin dernier, l&rsquo;Orchestre Nouvelle G\u00e9n\u00e9ration s\u2019est embarqu\u00e9\u00a0dans une tourn\u00e9e de cinq villes en Chine,\u00a0apportant leur style d\u00e9bordant d\u2019enthousiasme dans les salles de concerts les plus prestigieuses. Dirig\u00e9 par le chef d&rsquo;orchestre Alain Aubut et rejoint par la soliste de renom Eva Yulin Shen, l&rsquo;ONG a jou\u00e9 \u00e0 P\u00e9kin, Qingdao, Wuhan, Xi&rsquo;an et Shijiazhuang, proposant au public chinois un\u00a0programme mettant en vedette des compositions de\u00a0Britten, Turina et Tcha\u00efkovsky\u00a0. Ayant \u00e9t\u00e9 tr\u00e8s inspir\u00e9 par les souvenirs d&rsquo;une aventure palpitante, des salles de concerts somptueuses, des performances pleines d&rsquo;\u00e9nergie et des publics tr\u00e8s enthousiastes, l&rsquo;ONG veut d\u00e9sormais restituer ces beaux souvenirs avec le public montr\u00e9alais..<\/p>\n<p><strong>BRITTEN<\/strong> Simple Symphony, op.4<br \/>\n<strong>TURINA<\/strong> Rapsodia Sinf\u00f3nica pour piano et cordes, op. 66<br \/>\n<strong>BRITTEN<\/strong> Young Apollo pour piano, quatuor \u00e0 cordes et orchestre \u00e0 cordes<br \/>\n<strong>TCHAIKOVSKY\u00a0<\/strong> <em>Souvenir de Florence,<\/em> op. 70<br \/>\n<em>(arr. pour orchestre \u00e0 cordes de Yuli Turovsky)<\/em><\/p>\n<p><b><a href=\"http:\/\/www.evayulinshen.com\" target=\"_blank\" rel=\"noopener\">Eva Yulin Shen<\/a><\/b>, piano<br \/>\n<b>Alain Aubut,<\/b> chef d\u2019orchestre[\/vc_column_text][\/vc_column][vc_column width=\u00a0\u00bb1\/4&Prime;][vc_single_image image=\u00a0\u00bb7635&Prime; img_size=\u00a0\u00bbfull\u00a0\u00bb add_caption=\u00a0\u00bbyes\u00a0\u00bb onclick=\u00a0\u00bblink_image\u00a0\u00bb][vc_single_image image=\u00a0\u00bb7595&Prime; img_size=\u00a0\u00bbfull\u00a0\u00bb add_caption=\u00a0\u00bbyes\u00a0\u00bb onclick=\u00a0\u00bblink_image\u00a0\u00bb][\/vc_column][\/vc_row]<\/p>\n<\/div>","protected":false},"excerpt":{"rendered":"<p>[vc_row][vc_column width=\u00a0\u00bb3\/4&Prime;][vc_column_text]En juin dernier, l&rsquo;Orchestre Nouvelle G\u00e9n\u00e9ration s\u2019est embarqu\u00e9\u00a0dans une tourn\u00e9e de cinq villes en Chine,\u00a0apportant leur style d\u00e9bordant d\u2019enthousiasme dans les salles de concerts les<span class=\"excerpt-hellip\"> [\u2026]<\/span><\/p>\n","protected":false},"author":9,"featured_media":0,"parent":6265,"menu_order":0,"comment_status":"closed","ping_status":"closed","template":"","meta":{"footnotes":""},"class_list":["post-6316","page","type-page","status-publish","hentry"],"_links":{"self":[{"href":"https:\/\/orchestrenouvellegeneration.com\/fr\/wp-json\/wp\/v2\/pages\/6316","targetHints":{"allow":["GET"]}}],"collection":[{"href":"https:\/\/orchestrenouvellegeneration.com\/fr\/wp-json\/wp\/v2\/pages"}],"about":[{"href":"https:\/\/orchestrenouvellegeneration.com\/fr\/wp-json\/wp\/v2\/types\/page"}],"author":[{"embeddable":true,"href":"https:\/\/orchestrenouvellegeneration.com\/fr\/wp-json\/wp\/v2\/users\/9"}],"replies":[{"embeddable":true,"href":"https:\/\/orchestrenouvellegeneration.com\/fr\/wp-json\/wp\/v2\/comments?post=6316"}],"version-history":[{"count":13,"href":"https:\/\/orchestrenouvellegeneration.com\/fr\/wp-json\/wp\/v2\/pages\/6316\/revisions"}],"predecessor-version":[{"id":7985,"href":"https:\/\/orchestrenouvellegeneration.com\/fr\/wp-json\/wp\/v2\/pages\/6316\/revisions\/7985"}],"up":[{"embeddable":true,"href":"https:\/\/orchestrenouvellegeneration.com\/fr\/wp-json\/wp\/v2\/pages\/6265"}],"wp:attachment":[{"href":"https:\/\/orchestrenouvellegeneration.com\/fr\/wp-json\/wp\/v2\/media?parent=6316"}],"curies":[{"name":"wp","href":"https:\/\/api.w.org\/{rel}","templated":true}]}}