{"id":6223,"date":"2018-03-14T21:41:13","date_gmt":"2018-03-14T21:41:13","guid":{"rendered":"https:\/\/orchestrenouvellegeneration.com\/?page_id=6223"},"modified":"2022-03-05T12:34:49","modified_gmt":"2022-03-05T12:34:49","slug":"nouvelles","status":"publish","type":"page","link":"https:\/\/orchestrenouvellegeneration.com\/fr\/nouvelles\/","title":{"rendered":"NOUVELLES"},"content":{"rendered":"<div class=\"wpb-content-wrapper\"><p>[vc_row][vc_column][vc_column_text]5 mars 2022 &#8211; <a href=\"https:\/\/orchestrenouvellegeneration.com\/newsletter\/communique_march_2022.htm\" target=\"_blank\" rel=\"noopener\">TRUITE D\u2019AVRIL<\/a><br \/>\n24 janvier 2022 &#8211; <a href=\"https:\/\/orchestrenouvellegeneration.com\/newsletter\/communique_janvier_2022.htm\" target=\"_blank\" rel=\"noopener\">Bonne et heureuse ann\u00e9e ! \/ Happy New Year!<\/a><br \/>\n20 novembre 2019 \u2013\u00a0<a href=\"?page_id=6905&amp;lang=fr\">Gagnez une toile \u00e0 \u00e9dition limit\u00e9e!<\/a><br \/>\n7 juin 2019 \u2013\u00a0<a href=\"https:\/\/www.cjnews.com\/culture\/entertainment\/live-music-makes-paintings-dance-onscreen\" target=\"_blank\" rel=\"noopener\">LIVE MUSIC MAKES PAINTINGS DANCE ONSCREEN<\/a>\u00a0<i>The Canadian Jewish News<br \/>\n<\/i>4 juin 2019 \u2013\u00a0<a href=\"https:\/\/www.radioclassique.ca\/les-entrevues-de-radio-classique\/\">Entrevue Radio-Classica avec Natasha Turovsky, Orchestre Nouvelle G\u00e9n\u00e9ration<\/a><span class=\"Apple-converted-space\"><br \/>\n<\/span>17 avril 2019 \u2013\u00a0<a href=\"https:\/\/www.radioclassique.ca\/les-entrevues-de-radio-classique\/\">Entrevue Radio-Classica avec Elvira Misbakhova, Orchestre Nouvelle G\u00e9n\u00e9ration<\/a><br \/>\n3 avril 2019 \u2013\u00a0<a href=\"https:\/\/myscena.org\/fr\/fede-sanchez\/orchestre-nouvelle-generation-une-saison-remplie-dhistoires-et-de-musique\/\" target=\"_blank\" rel=\"noopener\">Orchestre Nouvelle g\u00e9n\u00e9ration \u2013 Une saison remplie d\u2019histoires et de musique<\/a>\u00a0<i>LaScenaMusicale<br \/>\n<\/i>6 mars 2019 \u2013\u00a0<a href=\"https:\/\/www.radioclassique.ca\/les-entrevues-de-radio-classique\/\" target=\"_blank\" rel=\"noopener\">Entrevue Radio-Classica Chirine Tarhony, Orchestre Nouvelle G\u00e9n\u00e9ration<\/a><br \/>\n14 d\u00e9cembre 2018 \u2013\u00a0<a href=\"?page_id=6573&amp;lang=fr\">Un mot de Natasha<\/a><br \/>\n21 octobre 2018 \u2013\u00a0<a href=\"?page_id=6350&amp;lang=fr\">Gagnez une toile \u00e0 \u00e9dition limit\u00e9e!<\/a><br \/>\n30 mai 2018 \u2013\u00a0<a href=\"https:\/\/www.radioclassique.ca\/les-entrevues-de-radio-classique\/\" target=\"_blank\" rel=\"noopener\">Entrevue Radio-Classica avec St\u00e9phane T\u00e9treault, Orchestre Nouvelle G\u00e9n\u00e9ration<\/a><br \/>\n27 f\u00e9vrier,\u00a02018 \u2013\u00a0<a href=\"https:\/\/www.radioclassique.ca\/les-entrevues-de-radio-classique\/\" target=\"_blank\" rel=\"noopener\">Entrevue Radio-Classica avec Alain Aubut, Orchestre Nouvelle G\u00e9n\u00e9ration<\/a><br \/>\n17 janvier 2018\u2013\u00a0<a href=\"https:\/\/www.radioclassique.ca\/les-entrevues-de-radio-classique\/\" target=\"_blank\" rel=\"noopener\">Entrevue Radio-Classica avec, Vitali Makarov Orchestre Nouvelle G\u00e9n\u00e9ration<\/a><br \/>\n16 novembre 2017\u2013\u00a0<a href=\"https:\/\/www.radioclassique.ca\/les-entrevues-de-radio-classique\/\" target=\"_blank\" rel=\"noopener\">Entrevue Radio-Classica avec Airat Ichmouratov, Orchestre Nouvelle G\u00e9n\u00e9ration<\/a>[\/vc_column_text][\/vc_column][\/vc_row]<\/p>\n<\/div>","protected":false},"excerpt":{"rendered":"<p>[vc_row][vc_column][vc_column_text]5 mars 2022 &#8211; TRUITE D\u2019AVRIL 24 janvier 2022 &#8211; Bonne et heureuse ann\u00e9e ! \/ Happy New Year! 20 novembre 2019 \u2013\u00a0Gagnez une toile \u00e0<span class=\"excerpt-hellip\"> [\u2026]<\/span><\/p>\n","protected":false},"author":9,"featured_media":0,"parent":0,"menu_order":0,"comment_status":"closed","ping_status":"closed","template":"","meta":{"footnotes":""},"class_list":["post-6223","page","type-page","status-publish","hentry"],"_links":{"self":[{"href":"https:\/\/orchestrenouvellegeneration.com\/fr\/wp-json\/wp\/v2\/pages\/6223","targetHints":{"allow":["GET"]}}],"collection":[{"href":"https:\/\/orchestrenouvellegeneration.com\/fr\/wp-json\/wp\/v2\/pages"}],"about":[{"href":"https:\/\/orchestrenouvellegeneration.com\/fr\/wp-json\/wp\/v2\/types\/page"}],"author":[{"embeddable":true,"href":"https:\/\/orchestrenouvellegeneration.com\/fr\/wp-json\/wp\/v2\/users\/9"}],"replies":[{"embeddable":true,"href":"https:\/\/orchestrenouvellegeneration.com\/fr\/wp-json\/wp\/v2\/comments?post=6223"}],"version-history":[{"count":16,"href":"https:\/\/orchestrenouvellegeneration.com\/fr\/wp-json\/wp\/v2\/pages\/6223\/revisions"}],"predecessor-version":[{"id":8345,"href":"https:\/\/orchestrenouvellegeneration.com\/fr\/wp-json\/wp\/v2\/pages\/6223\/revisions\/8345"}],"wp:attachment":[{"href":"https:\/\/orchestrenouvellegeneration.com\/fr\/wp-json\/wp\/v2\/media?parent=6223"}],"curies":[{"name":"wp","href":"https:\/\/api.w.org\/{rel}","templated":true}]}}