{"id":6179,"date":"2017-12-19T22:16:18","date_gmt":"2017-12-19T22:16:18","guid":{"rendered":"https:\/\/orchestrenouvellegeneration.com\/?page_id=6179"},"modified":"2021-03-02T15:23:07","modified_gmt":"2021-03-02T15:23:07","slug":"un-mot-de-natasha-2017-2018","status":"publish","type":"page","link":"https:\/\/orchestrenouvellegeneration.com\/fr\/un-mot-de-natasha-2017-2018\/","title":{"rendered":"Un mot de Natasha"},"content":{"rendered":"<div class=\"wpb-content-wrapper\"><p>[vc_row][vc_column width=\u00a0\u00bb1\/4&Prime;][vc_single_image image=\u00a0\u00bb7387&Prime; img_size=\u00a0\u00bbfull\u00a0\u00bb add_caption=\u00a0\u00bbyes\u00a0\u00bb alignment=\u00a0\u00bbcenter\u00a0\u00bb onclick=\u00a0\u00bblink_image\u00a0\u00bb][\/vc_column][vc_column width=\u00a0\u00bb3\/4&Prime;][vc_column_text]Je suis certaine que je ne suis pas la seule qui souhaiterait avoir plus de 24 heures dans une journ\u00e9e; en fait, 48 heures, ce serait le minimum! Le temps nous manque toujours et nous avons tellement de choses \u00e0 faire, en plus de tout ce que nous devons et voulons faire. Il y a tant \u00e0 faire, tant \u00e0 voir et tant de musique \u00e0 \u00e9couter&#8230; Le fait d\u2019avoir quelques jours de plus par semaine ou quelques mois de plus par ann\u00e9e serait certainement un r\u00eave devenu r\u00e9alit\u00e9!<\/p>\n<p>Vous trouverez un peu de magie cach\u00e9e dans notre septi\u00e8me saison, car devinez quoi? Elle comprend 24 mois! Les 12 glorieux mois des Quatre Saisons de Vivaldi et les 12 magnifiques mois des Saisons russes de Desyatnikov.<\/p>\n<p>Notre saison se promet d\u2019\u00eatre non seulement magique, mais \u00e9galement \u00e9ducative, car nous apprendrons comment compter de 1 \u00e0 111 : nous commencerons par La Petite Suite pour cordes de Nielsen, opus 1, et passerons par l\u2019amusant Concerto pour deux pianos et orchestre de Poulenc, pour conclure avec le brilliant Quintette \u00e0 cordes de Brahms, opus 111.<\/p>\n<p>\u00c9galement dramatique, notre saison relatera aussi la relation et l\u2019amour qui existait entre Tcha\u00efkovsky et sa m\u00e9c\u00e8ne Nadezhda von Meck, t\u00e9moignant de leurs 13 ann\u00e9es de correspondance.<\/p>\n<p>\u00ab Adam\u2019s Lament \u00bb de Arvo P\u00e4rt, une \u0153uvre d\u2019une grande spiritualit\u00e9, se doit d\u2019\u00eatre \u00e9galement magique, \u00e9ducative et dramatique!<\/p>\n<p>La saison se conclura par les diff\u00e9rents visages de l\u2019\u00e2me juive, tant spirituelle que festive, avec la Pri\u00e8re de Bloch, \u00ab One day of an almost ordinary life \u00bb d\u2019Ichmouratov et quelques-uns des plus beaux airs de la musique klezmer!<\/p>\n<p>Nous sommes tr\u00e8s reconnaissants de partager cette saison magique, \u00e9ducative, dramatique, spirituelle et festive avec de fantastiques solistes et com\u00e9diens invit\u00e9s, dont quelques-uns sont venus de l\u2019autre bout du monde, et d\u2019autres de l\u2019autre coin de la rue, pour se joindre \u00e0 nous!<\/p>\n<p>Bienvenue \u00e0 notre septi\u00e8me saison!<\/p>\n<p align=\"center\"><img decoding=\"async\" src=\"https:\/\/orchestrenouvellegeneration.com\/wp-content\/uploads\/2013\/06\/signature_NT_FR.gif\" alt=\"\" \/><\/p>\n<p>[\/vc_column_text][\/vc_column][\/vc_row][vc_row][vc_column][vc_column_text]<strong>Lire les mots pr\u00e9c\u00e9dents<\/strong><\/p>\n<p><em><a href=\"\/fr\/un-mot-de-natasha-2018-2019\/\">Mot 2018-2019<\/a><\/em><br \/>\n<em><a href=\"\/fr\/un-mot-de-natasha-2017-2018\/\">Mot 2017-2018<\/a><\/em><br \/>\n<em><a href=\"\/fr\/un-mot-de-natasha-2016-2017\/\">Mot 2016-2017<\/a><\/em><br \/>\n<em><a href=\"\/fr\/un-mot-de-natasha-2015-2016\/\">Mot 2015-2016<\/a><\/em><br \/>\n<em><a href=\"\/fr\/un-mot-de-natasha-2014-2015\/\">Mot 2014-2015<\/a><\/em>[\/vc_column_text][\/vc_column][\/vc_row]<\/p>\n<\/div>","protected":false},"excerpt":{"rendered":"<p>[vc_row][vc_column width=\u00a0\u00bb1\/4&Prime;][vc_single_image image=\u00a0\u00bb7387&Prime; img_size=\u00a0\u00bbfull\u00a0\u00bb add_caption=\u00a0\u00bbyes\u00a0\u00bb alignment=\u00a0\u00bbcenter\u00a0\u00bb onclick=\u00a0\u00bblink_image\u00a0\u00bb][\/vc_column][vc_column width=\u00a0\u00bb3\/4&Prime;][vc_column_text]Je suis certaine que je ne suis pas la seule qui souhaiterait avoir plus de 24 heures dans une<span class=\"excerpt-hellip\"> [\u2026]<\/span><\/p>\n","protected":false},"author":9,"featured_media":0,"parent":0,"menu_order":0,"comment_status":"closed","ping_status":"closed","template":"","meta":{"footnotes":""},"class_list":["post-6179","page","type-page","status-publish","hentry"],"_links":{"self":[{"href":"https:\/\/orchestrenouvellegeneration.com\/fr\/wp-json\/wp\/v2\/pages\/6179","targetHints":{"allow":["GET"]}}],"collection":[{"href":"https:\/\/orchestrenouvellegeneration.com\/fr\/wp-json\/wp\/v2\/pages"}],"about":[{"href":"https:\/\/orchestrenouvellegeneration.com\/fr\/wp-json\/wp\/v2\/types\/page"}],"author":[{"embeddable":true,"href":"https:\/\/orchestrenouvellegeneration.com\/fr\/wp-json\/wp\/v2\/users\/9"}],"replies":[{"embeddable":true,"href":"https:\/\/orchestrenouvellegeneration.com\/fr\/wp-json\/wp\/v2\/comments?post=6179"}],"version-history":[{"count":9,"href":"https:\/\/orchestrenouvellegeneration.com\/fr\/wp-json\/wp\/v2\/pages\/6179\/revisions"}],"predecessor-version":[{"id":7811,"href":"https:\/\/orchestrenouvellegeneration.com\/fr\/wp-json\/wp\/v2\/pages\/6179\/revisions\/7811"}],"wp:attachment":[{"href":"https:\/\/orchestrenouvellegeneration.com\/fr\/wp-json\/wp\/v2\/media?parent=6179"}],"curies":[{"name":"wp","href":"https:\/\/api.w.org\/{rel}","templated":true}]}}