{"id":6127,"date":"2017-09-08T21:01:09","date_gmt":"2017-09-08T21:01:09","guid":{"rendered":"https:\/\/orchestrenouvellegeneration.com\/?page_id=6127"},"modified":"2017-09-08T21:01:09","modified_gmt":"2017-09-08T21:01:09","slug":"orchestre-nouvelle-generation-audition-etoiles-de-demain","status":"publish","type":"page","link":"https:\/\/orchestrenouvellegeneration.com\/fr\/orchestre-nouvelle-generation-audition-etoiles-de-demain\/","title":{"rendered":"Orchestre nouvelle g\u00e9n\u00e9ration &#8211; Audition \u00e9toiles de demain"},"content":{"rendered":"<p>\u00c0 l\u2019attention des jeunes musiciens, parents et professeurs,<\/p>\n<p>L\u2019Orchestre de chambre Nouvelle G\u00e9n\u00e9ration (ONG) est heureux d\u2019inviter des jeunes musiciens talentueux \u00e2g\u00e9s de 14 ans et moins \u00e0 auditionner pour avoir l\u2019occasion de jouer dans un pr\u00e9-concert \u00c9toiles de demain en pr\u00e9ambule aux concerts de la saison 2017-2018 de l\u2019ONG.<\/p>\n<p>Des prestations musicales d\u2019environ 10 \u00e0 20 minutes, par un(e) ou deux jeunes musiciens ou un petit ensemble, \u00a0auront lieu avant les concerts des ONG dans le hall d\u2019entr\u00e9e de la mezzanine de la Salle Claude-Champagne, <em>les samedi 18 novembre 2017, jeudi 8 mars 2018, samedi 7 avril 2018<\/em> et <em>samedi 2 juin 2018<\/em>.<\/p>\n<p>Les jeunes musiciens choisis auront leurs noms et le nom de leur professeur imprim\u00e9 dans le programme et se verront attribuer quatre billets de faveur ainsi que la possibilit\u00e9 d&rsquo;acheter des billets suppl\u00e9mentaires \u00e0 un tarif sp\u00e9cial.<\/p>\n<p><strong>LES MODALIT\u00c9S :<\/strong><\/p>\n<ul style=\"list-style: disc outside none;\">\n<li>Les participants doivent avoir au plus 14 ans au 2 juin 2018.<\/li>\n<li>Les auditions se tiendront le dimanche 29 octobre 2017 \u00a0\u00e0 l\u2019Universit\u00e9 de Montr\u00e9al au local B-421 (200, avenue Vincent d\u2019Indy) entre 13h et 18h<\/li>\n<li>Le r\u00e9pertoire jou\u00e9 \u00e0 l\u2019audition devrait \u00eatre le m\u00eame que celui qui sera jou\u00e9 au cours du pr\u00e9-concert et ne doit pas d\u00e9passer 10 minutes.<\/li>\n<li>Les musiciens doivent avoir leur propre accompagnateur. <em>*Note aux pianistes : l\u2019espace r\u00e9serv\u00e9 au pr\u00e9-concert contient un piano droit. Veuillez choisir le r\u00e9pertoire en\u00a0cons\u00e9quence. Aucun concerto n\u00e9cessitant un accompagnement de piano ne doit \u00eatre choisi.<\/em><\/li>\n<li>Aucun frais de participation.<\/li>\n<\/ul>\n<p><strong>INSCRIPTION :<\/strong><\/p>\n<ul style=\"list-style: disc outside none;\">\n<li>Veuillez soumettre l\u2019inscription \u00e0\u00a0 <a href=\"mailto:info@orchestrenouvellegeneration.com\">info@orchestrenouvellegeneration.com<\/a><\/li>\n<li>L\u2019inscription doit \u00eatre re\u00e7ue au plus tard le 15 \u00a0octobre 2017<\/li>\n<li>Veuillez \u00a0ins\u00e9rer la mention suivante dans l\u2019objet de courriel : ONG audition \u00c9toiles de demain 2017-2018<\/li>\n<li>Veuillez envoyer le formulaire d&rsquo;inscription ci-dessous en fournissant tous les renseignements pertinents.<\/li>\n<\/ul>\n<p><a title=\"\u00c9toiles de demain - formulaire d'inscription\" href=\"https:\/\/orchestrenouvellegeneration.com\/wp-content\/uploads\/2017\/09\/ONGpre-concert-_audition-_fr.pdf\"><strong>\u00bb\u00bb T\u00e9l\u00e9charger le formulaire d\u2019inscription (PDF)<\/strong><\/a> (PDF)<\/p>\n","protected":false},"excerpt":{"rendered":"<p>\u00c0 l\u2019attention des jeunes musiciens, parents et professeurs, L\u2019Orchestre de chambre Nouvelle G\u00e9n\u00e9ration (ONG) est heureux d\u2019inviter des jeunes musiciens talentueux \u00e2g\u00e9s de 14 ans et<span class=\"excerpt-hellip\"> [\u2026]<\/span><\/p>\n","protected":false},"author":9,"featured_media":0,"parent":0,"menu_order":0,"comment_status":"closed","ping_status":"closed","template":"","meta":{"footnotes":""},"class_list":["post-6127","page","type-page","status-publish","hentry"],"_links":{"self":[{"href":"https:\/\/orchestrenouvellegeneration.com\/fr\/wp-json\/wp\/v2\/pages\/6127","targetHints":{"allow":["GET"]}}],"collection":[{"href":"https:\/\/orchestrenouvellegeneration.com\/fr\/wp-json\/wp\/v2\/pages"}],"about":[{"href":"https:\/\/orchestrenouvellegeneration.com\/fr\/wp-json\/wp\/v2\/types\/page"}],"author":[{"embeddable":true,"href":"https:\/\/orchestrenouvellegeneration.com\/fr\/wp-json\/wp\/v2\/users\/9"}],"replies":[{"embeddable":true,"href":"https:\/\/orchestrenouvellegeneration.com\/fr\/wp-json\/wp\/v2\/comments?post=6127"}],"version-history":[{"count":1,"href":"https:\/\/orchestrenouvellegeneration.com\/fr\/wp-json\/wp\/v2\/pages\/6127\/revisions"}],"predecessor-version":[{"id":6129,"href":"https:\/\/orchestrenouvellegeneration.com\/fr\/wp-json\/wp\/v2\/pages\/6127\/revisions\/6129"}],"wp:attachment":[{"href":"https:\/\/orchestrenouvellegeneration.com\/fr\/wp-json\/wp\/v2\/media?parent=6127"}],"curies":[{"name":"wp","href":"https:\/\/api.w.org\/{rel}","templated":true}]}}