{"id":6029,"date":"2017-09-08T01:35:03","date_gmt":"2017-09-08T01:35:03","guid":{"rendered":"https:\/\/orchestrenouvellegeneration.com\/?page_id=6029"},"modified":"2020-02-24T01:46:08","modified_gmt":"2020-02-24T01:46:08","slug":"acheter-des-billets","status":"publish","type":"page","link":"https:\/\/orchestrenouvellegeneration.com\/fr\/acheter-des-billets\/","title":{"rendered":"Acheter des billets"},"content":{"rendered":"<p><!--\n\n\n<h3>2 Saisons<\/h3>\n\n\n\n\n<form target=\"paypal\" action=\"https:\/\/www.paypal.com\/cgi-bin\/webscr\" method=\"post\">\n<input type=\"hidden\" name=\"cmd\" value=\"_s-xclick\">\n<input type=\"hidden\" name=\"hosted_button_id\" value=\"GY3FZ5RFT3HSL\">\n\n\n<table>\n\n\n<tbody>\n\n\n<tr>\n\n\n<td><input type=\"hidden\" name=\"on0\" value=\"Cat\u00e9gorie:\">Cat\u00e9gorie:<\/td>\n\n\n<\/tr>\n\n\n\n\n<tr>\n\n\n<td><select name=\"os0\"> \n<option value=\"Adulte\">Adulte $200.00 CAD<\/option>\n<option value=\"Etudiant\">Etudiant $120.00 CAD<\/option>\n <\/select><\/td>\n\n\n<\/tr>\n\n\n<\/tbody>\n\n\n<\/table>\n\n\n<input type=\"hidden\" name=\"currency_code\" value=\"CAD\">\n<input type=\"image\" src=\"https:\/\/www.paypalobjects.com\/fr_CA\/i\/btn\/btn_cart_LG.gif\" border=\"0\" name=\"submit\" alt=\"PayPal - la solution de paiement en ligne la plus simple et la plus s\u00e9curis\u00e9e !\">\n<img loading=\"lazy\" decoding=\"async\" alt=\"\" border=\"0\" src=\"https:\/\/www.paypalobjects.com\/en_US\/i\/scr\/pixel.gif\" width=\"1\" height=\"1\">\n<\/form>\n\n\n\n\n\n<hr>\n\n\n\n--><\/p>\n<h3>S\u00e9rie de 4 concerts<\/h3>\n<form target=\"paypal\" action=\"https:\/\/www.paypal.com\/cgi-bin\/webscr\" method=\"post\">\n<input type=\"hidden\" name=\"cmd\" value=\"_s-xclick\"><br \/>\n<input type=\"hidden\" name=\"hosted_button_id\" value=\"GNBZUGFFZU5W2\"><\/p>\n<table>\n<tbody>\n<tr>\n<td><input type=\"hidden\" name=\"on0\" value=\"Cat\u00e9gorie:\">Cat\u00e9gorie:<\/td>\n<\/tr>\n<tr>\n<td><select name=\"os0\"><option value=\"Adulte\">Adulte $120.00 CAD<\/option><option value=\"Etudiant\">Etudiant $75.00 CAD<\/option><\/select><\/td>\n<\/tr>\n<\/tbody>\n<\/table>\n<p><input type=\"hidden\" name=\"currency_code\" value=\"CAD\"><br \/>\n<input type=\"image\" src=\"https:\/\/www.paypalobjects.com\/fr_CA\/i\/btn\/btn_cart_LG.gif\" border=\"0\" name=\"submit\" alt=\"PayPal - la solution de paiement en ligne la plus simple et la plus s\u00e9curis\u00e9e !\"><br \/>\n<img loading=\"lazy\" decoding=\"async\" alt=\"\" border=\"0\" src=\"https:\/\/www.paypalobjects.com\/en_US\/i\/scr\/pixel.gif\" width=\"1\" height=\"1\"><br \/>\n<\/form>\n<hr>\n<h3>MOZART ET AU-DEL\u00c0<\/h3>\n<h4>DIMANCHE, 05 AVRIL 2020 \u2013 19 H 30<\/h4>\n<form target=\"paypal\" action=\"https:\/\/www.paypal.com\/cgi-bin\/webscr\" method=\"post\">\n<input type=\"hidden\" name=\"cmd\" value=\"_s-xclick\"><br \/>\n<input type=\"hidden\" name=\"hosted_button_id\" value=\"3P5DLFHV8XECU\"><\/p>\n<table>\n<tbody>\n<tr>\n<td><input type=\"hidden\" name=\"on0\" value=\"Cat\u00e9gorie:\">Cat\u00e9gorie:<\/td>\n<\/tr>\n<tr>\n<td><select name=\"os0\"><option value=\"Adulte\">Adulte $40.00 CAD<\/option><option value=\"Aine\">Aine $35.00 CAD<\/option><option value=\"Etudiant\">Etudiant $25.00 CAD<\/option><\/select><\/td>\n<\/tr>\n<\/tbody>\n<\/table>\n<p><input type=\"hidden\" name=\"currency_code\" value=\"CAD\"><br \/>\n<input type=\"image\" src=\"https:\/\/www.paypalobjects.com\/fr_CA\/i\/btn\/btn_cart_LG.gif\" border=\"0\" name=\"submit\" alt=\"PayPal - la solution de paiement en ligne la plus simple et la plus s\u00e9curis\u00e9e !\"><br \/>\n<img loading=\"lazy\" decoding=\"async\" alt=\"\" border=\"0\" src=\"https:\/\/www.paypalobjects.com\/en_US\/i\/scr\/pixel.gif\" width=\"1\" height=\"1\"><br \/>\n<\/form>\n<hr>\n<h3>CONTES EN FOLIE<\/h3>\n<h4>DIMANCHE, 14 JUIN 2020 \u2013 19 H 30<\/h4>\n<form target=\"paypal\" action=\"https:\/\/www.paypal.com\/cgi-bin\/webscr\" method=\"post\">\n<input type=\"hidden\" name=\"cmd\" value=\"_s-xclick\"><br \/>\n<input type=\"hidden\" name=\"hosted_button_id\" value=\"WBLQDSXRLRE4L\"><\/p>\n<table>\n<tbody>\n<tr>\n<td><input type=\"hidden\" name=\"on0\" value=\"Cat\u00e9gorie:\">Cat\u00e9gorie:<\/td>\n<\/tr>\n<tr>\n<td><select name=\"os0\"><option value=\"Adulte\">Adulte $40.00 CAD<\/option><option value=\"Aine\">Aine $35.00 CAD<\/option><option value=\"Etudiant\">Etudiant $25.00 CAD<\/option><\/select><\/td>\n<\/tr>\n<\/tbody>\n<\/table>\n<p><input type=\"hidden\" name=\"currency_code\" value=\"CAD\"><br \/>\n<input type=\"image\" src=\"https:\/\/www.paypalobjects.com\/fr_CA\/i\/btn\/btn_cart_LG.gif\" border=\"0\" name=\"submit\" alt=\"PayPal - la solution de paiement en ligne la plus simple et la plus s\u00e9curis\u00e9e !\"><br \/>\n<img loading=\"lazy\" decoding=\"async\" alt=\"\" border=\"0\" src=\"https:\/\/www.paypalobjects.com\/en_US\/i\/scr\/pixel.gif\" width=\"1\" height=\"1\"><br \/>\n<\/form>\n","protected":false},"excerpt":{"rendered":"<p>S\u00e9rie de 4 concerts Cat\u00e9gorie: Adulte $120.00 CADEtudiant $75.00 CAD MOZART ET AU-DEL\u00c0 DIMANCHE, 05 AVRIL 2020 \u2013 19 H 30 Cat\u00e9gorie: Adulte $40.00 CADAine $35.00<span class=\"excerpt-hellip\"> [\u2026]<\/span><\/p>\n","protected":false},"author":9,"featured_media":0,"parent":0,"menu_order":0,"comment_status":"closed","ping_status":"closed","template":"","meta":{"footnotes":""},"class_list":["post-6029","page","type-page","status-publish","hentry"],"_links":{"self":[{"href":"https:\/\/orchestrenouvellegeneration.com\/fr\/wp-json\/wp\/v2\/pages\/6029","targetHints":{"allow":["GET"]}}],"collection":[{"href":"https:\/\/orchestrenouvellegeneration.com\/fr\/wp-json\/wp\/v2\/pages"}],"about":[{"href":"https:\/\/orchestrenouvellegeneration.com\/fr\/wp-json\/wp\/v2\/types\/page"}],"author":[{"embeddable":true,"href":"https:\/\/orchestrenouvellegeneration.com\/fr\/wp-json\/wp\/v2\/users\/9"}],"replies":[{"embeddable":true,"href":"https:\/\/orchestrenouvellegeneration.com\/fr\/wp-json\/wp\/v2\/comments?post=6029"}],"version-history":[{"count":91,"href":"https:\/\/orchestrenouvellegeneration.com\/fr\/wp-json\/wp\/v2\/pages\/6029\/revisions"}],"predecessor-version":[{"id":6976,"href":"https:\/\/orchestrenouvellegeneration.com\/fr\/wp-json\/wp\/v2\/pages\/6029\/revisions\/6976"}],"wp:attachment":[{"href":"https:\/\/orchestrenouvellegeneration.com\/fr\/wp-json\/wp\/v2\/media?parent=6029"}],"curies":[{"name":"wp","href":"https:\/\/api.w.org\/{rel}","templated":true}]}}