{"id":5973,"date":"2017-08-26T22:35:44","date_gmt":"2017-08-26T22:35:44","guid":{"rendered":"https:\/\/orchestrenouvellegeneration.com\/?page_id=5973"},"modified":"2021-03-04T17:12:25","modified_gmt":"2021-03-04T17:12:25","slug":"l-me-juive","status":"publish","type":"page","link":"https:\/\/orchestrenouvellegeneration.com\/fr\/saison-2017-2018\/l-me-juive\/","title":{"rendered":"L\u2019\u00c2ME JUIVE"},"content":{"rendered":"<div class=\"wpb-content-wrapper\"><p>[vc_row][vc_column width=\u00a0\u00bb3\/4&Prime;][vc_column_text]<strong><em>Salle Claude Champagne<\/em><\/strong><br \/>\n<em>(Pre-Concert, \u00c9toiles de demain 19h00)<\/em><\/p>\n<p><b><a href=\"http:\/\/stephanetetreault.com\/\" target=\"_blank\" rel=\"noopener noreferrer\">St\u00e9phane T\u00e9treault<\/a>,<\/b> <span style=\"font-weight: 400;\">violoncelle<\/span><span style=\"font-weight: 400;\"><br \/>\n<\/span><b><a href=\"http:\/\/www.andremoisan.com\/\" target=\"_blank\" rel=\"noopener noreferrer\">Andr\u00e9 Moisan<\/a>,<\/b><span style=\"font-weight: 400;\">\u00a0clarinet klezmer<br \/>\n<\/span><b><a href=\"http:\/\/www.kleztory.com\/\" target=\"_blank\" rel=\"noopener noreferrer\">Kleztory<\/a>,\u00a0<\/b>ensemble<\/p>\n<p>ERNEST BLOCH, <span style=\"font-weight: 400;\">Trois pi\u00e8ces h\u00e9bra\u00efques, De la vie juive pour violoncelle et cordes <\/span><br \/>\nAIRAT ICHMOURATOV,<span style=\"font-weight: 400;\"> One day of an almost ordinary life\u00a0pour clarinette klezmer et cordes<br \/>\n<\/span>MUSIQUE TRADITIONNEL KLEZMER, avec l\u2019ensemble KLEZTORY (nouvelle s\u00e9lection)<\/p>\n<p><b><a href=\"http:\/\/stephanetetreault.com\/\" target=\"_blank\" rel=\"noopener noreferrer\">St\u00e9phane T\u00e9treault<br \/>\n<\/a><\/b><\/p>\n<blockquote><p><span style=\"color: #000000;\"><span style=\"font-weight: 400;\">\u00ab\u00a0<\/span><i><span style=\"font-weight: 400;\">St\u00e9phane T\u00e9treault est non seulement un technicien parfaitement accompli, mais encore, et surtout, un interpr\u00e8te de g\u00e9nie<\/span><\/i><span style=\"font-weight: 400;\">.\u00a0\u00bb \u00a0\u00a0<\/span><span style=\"font-weight: 400;\">La Presse <\/span><\/span><\/p>\n<p><span style=\"color: #000000;\"><span style=\"font-weight: 400;\">\u00ab\u00a0<\/span><i><span style=\"font-weight: 400;\">Le jeu solo est \u00e9tonnamment mature, non seulement dans la technique, mais aussi la chaleur, l\u2019\u00e9clat et la subtilit\u00e9 des couleurs et de l\u2019inflexion. <\/span><\/i><span style=\"font-weight: 400;\">\u00bb \u00a0\u00a0<\/span><span style=\"font-weight: 400;\">Gramophone<\/span><\/span><\/p>\n<p><span style=\"color: #000000;\"><span style=\"font-weight: 400;\">\u00ab\u00a0<\/span><i><span style=\"font-weight: 400;\">La technique d\u2019archet est immacul\u00e9e et la ma\u00eetrise de l\u2019harmonie et des contrastes omnipr\u00e9sents.\u00a0<\/span><\/i><span style=\"font-weight: 400;\">\u00bb \u00a0\u00a0<\/span><span style=\"font-weight: 400;\">The Strad <\/span><\/span><\/p><\/blockquote>\n<p><b><a href=\"http:\/\/www.andremoisan.com\/\" target=\"_blank\" rel=\"noopener noreferrer\">Andr\u00e9 Moisan<br \/>\n<\/a><\/b><i><\/i><\/p>\n<blockquote><p><span style=\"color: #000000;\"><i><span style=\"font-weight: 400;\">\u00ab<\/span><\/i><i><span style=\"font-weight: 400;\">R\u00e9put\u00e9 pour son \u00e9clectisme, Andr\u00e9 Moisan aime faire \u00e9clater les fronti\u00e8res musicales et ne se\u00a0prive pas pour explorer diff\u00e9rents styles musicaux, et ce, du classique au jazz, en passant par le\u00a0Klezmer et les musiques du monde.<\/span><\/i><i><span style=\"font-weight: 400;\"> \u00bb<\/span><\/i><\/span><\/p>\n<p><span style=\"color: #000000;\"><i><span style=\"font-weight: 400;\">\u00ab&#8230;un musicien subtil et expressif, qui sait se servir des moindres nuances de son instrument pour s\u00e9duire. Un v\u00e9ritable artiste. \u00bb \u00a0<\/span><\/i><span style=\"font-weight: 400;\">Le Devoir<\/span><\/span><\/p>\n<p><span style=\"color: #000000;\"><i><span style=\"font-weight: 400;\">\u00abUne clarinette virtuose, pugnace, pr\u00e9sente, parcourant les oeuvres avec une intelligence de forme et de contenu combin\u00e9s. \u00bb \u00a0<\/span><\/i><span style=\"font-weight: 400;\">Le Droit<\/span><\/span><\/p><\/blockquote>\n<p><b><a href=\"http:\/\/www.kleztory.com\/\" target=\"_blank\" rel=\"noopener noreferrer\">Kleztory<\/a><\/b><br \/>\n<i><\/i><\/p>\n<blockquote><p><span style=\"color: #000000;\"><i><span style=\"font-weight: 400;\">Reconnu \u00e0 travers le monde pour offrir des performances musicales hors du commun, <\/span><\/i><a style=\"color: #000000;\" href=\"http:\/\/www.kleztory.com\/\"><b><i>Klezstory<\/i><\/b><\/a><i><span style=\"font-weight: 400;\"> est consid\u00e9r\u00e9 comme un des meilleurs groupes klezmer sur la sc\u00e8ne internationale. Depuis sa cr\u00e9ation, le quintette a offert plus de 800 concerts, charmant les foules avec son humour, son \u00e9nergie et son charisme.<\/span><\/i><\/span><\/p><\/blockquote>\n<p>&nbsp;<\/p>\n<p>&nbsp;<\/p>\n<p><a href=\"http:\/\/www.saisons-russes.ca\/\"><img loading=\"lazy\" decoding=\"async\" class=\"alignleft size-full wp-image-7580\" title=\"Les Saisons Russes de Montr\u00e9al\" src=\"https:\/\/orchestrenouvellegeneration.com\/wp-content\/uploads\/2015\/07\/logo_srm.gif\" alt=\"Les Saisons Russes de Montr\u00e9al\" width=\"200\" height=\"149\" \/><\/a>Ce concert fait partie de la programmation 2018 du festival Les Saisons Russes de Montr\u00e9al.<\/p>\n<p><!--\n\n\n<div style=\"padding: 10px; background: #EEE; border: 1px #AAA solid;\">\n\n\n<h3>Acheter des billets<\/h3>\n\n\n\n\n<form style=\"padding: 0px; margin-top: -30px; margin-right: 50px; display: inline-block;\" action=\"https:\/\/www.paypal.com\/cgi-bin\/webscr\" method=\"post\" target=\"_top\"><input name=\"cmd\" type=\"hidden\" value=\"_s-xclick\" \/>\n<input name=\"hosted_button_id\" type=\"hidden\" value=\"6UFCJ5A2J4BNW\" \/>\n\n\n<div style=\"display: inline-block; vertical-align: middle;\"><input name=\"on0\" type=\"hidden\" value=\"Cat\u00e9gorie\" \/><strong>Cat\u00e9gorie :<\/strong>\n<select style=\"background: #7B7979; color: #fff; font-family: 'Open Sans';\" name=\"os0\"> \n<option value=\"Adulte\">Adulte $40.00 CAD<\/option>\n<option value=\"Ain\u00e9\">Ain\u00e9 $35.00 CAD<\/option>\n<option value=\"\u00c9tudiant\">\u00c9tudiant $25.00 CAD<\/option>\n <\/select><\/div>\n\n\n\n\n<div style=\"display: inline-block; vertical-align: middle; padding-top: 10px;\"><input alt=\"PayPal - la solution de paiement en ligne la plus simple et la plus s\u00e9curis\u00e9e!\" name=\"submit\" src=\"https:\/\/www.paypalobjects.com\/fr_CA\/i\/btn\/btn_cart_LG.gif\" type=\"image\" \/><\/div>\n\n\n\n\n<div style=\"display: none;\"><input name=\"currency_code\" type=\"hidden\" value=\"CAD\" \/>\n<img loading=\"lazy\" decoding=\"async\" src=\"https:\/\/www.paypalobjects.com\/en_US\/i\/scr\/pixel.gif\" alt=\"\" width=\"1\" height=\"1\" border=\"0\" \/><\/div>\n\n\n<\/form>\n\n<\/div>\n\n\n-->[\/vc_column_text][\/vc_column][vc_column width=\u00a0\u00bb1\/4&Prime;][vc_single_image image=\u00a0\u00bb7615&Prime; img_size=\u00a0\u00bbfull\u00a0\u00bb add_caption=\u00a0\u00bbyes\u00a0\u00bb onclick=\u00a0\u00bblink_image\u00a0\u00bb][vc_single_image image=\u00a0\u00bb7621&Prime; img_size=\u00a0\u00bbfull\u00a0\u00bb add_caption=\u00a0\u00bbyes\u00a0\u00bb onclick=\u00a0\u00bblink_image\u00a0\u00bb][vc_single_image image=\u00a0\u00bb7617&Prime; img_size=\u00a0\u00bbfull\u00a0\u00bb add_caption=\u00a0\u00bbyes\u00a0\u00bb onclick=\u00a0\u00bblink_image\u00a0\u00bb][\/vc_column][\/vc_row]<\/p>\n<\/div>","protected":false},"excerpt":{"rendered":"<p>[vc_row][vc_column width=\u00a0\u00bb3\/4&Prime;][vc_column_text]Salle Claude Champagne (Pre-Concert, \u00c9toiles de demain 19h00) St\u00e9phane T\u00e9treault, violoncelle Andr\u00e9 Moisan,\u00a0clarinet klezmer Kleztory,\u00a0ensemble ERNEST BLOCH, Trois pi\u00e8ces h\u00e9bra\u00efques, De la vie juive pour<span class=\"excerpt-hellip\"> [\u2026]<\/span><\/p>\n","protected":false},"author":9,"featured_media":0,"parent":5863,"menu_order":0,"comment_status":"closed","ping_status":"closed","template":"","meta":{"footnotes":""},"class_list":["post-5973","page","type-page","status-publish","hentry"],"_links":{"self":[{"href":"https:\/\/orchestrenouvellegeneration.com\/fr\/wp-json\/wp\/v2\/pages\/5973","targetHints":{"allow":["GET"]}}],"collection":[{"href":"https:\/\/orchestrenouvellegeneration.com\/fr\/wp-json\/wp\/v2\/pages"}],"about":[{"href":"https:\/\/orchestrenouvellegeneration.com\/fr\/wp-json\/wp\/v2\/types\/page"}],"author":[{"embeddable":true,"href":"https:\/\/orchestrenouvellegeneration.com\/fr\/wp-json\/wp\/v2\/users\/9"}],"replies":[{"embeddable":true,"href":"https:\/\/orchestrenouvellegeneration.com\/fr\/wp-json\/wp\/v2\/comments?post=5973"}],"version-history":[{"count":11,"href":"https:\/\/orchestrenouvellegeneration.com\/fr\/wp-json\/wp\/v2\/pages\/5973\/revisions"}],"predecessor-version":[{"id":8014,"href":"https:\/\/orchestrenouvellegeneration.com\/fr\/wp-json\/wp\/v2\/pages\/5973\/revisions\/8014"}],"up":[{"embeddable":true,"href":"https:\/\/orchestrenouvellegeneration.com\/fr\/wp-json\/wp\/v2\/pages\/5863"}],"wp:attachment":[{"href":"https:\/\/orchestrenouvellegeneration.com\/fr\/wp-json\/wp\/v2\/media?parent=5973"}],"curies":[{"name":"wp","href":"https:\/\/api.w.org\/{rel}","templated":true}]}}