{"id":5971,"date":"2017-08-26T22:28:06","date_gmt":"2017-08-26T22:28:06","guid":{"rendered":"https:\/\/orchestrenouvellegeneration.com\/?page_id=5971"},"modified":"2021-03-04T17:00:59","modified_gmt":"2021-03-04T17:00:59","slug":"7-avril-2018","status":"publish","type":"page","link":"https:\/\/orchestrenouvellegeneration.com\/fr\/saison-2017-2018\/7-avril-2018\/","title":{"rendered":"SERIOSO"},"content":{"rendered":"<div class=\"wpb-content-wrapper\"><p>[vc_row][vc_column width=\u00a0\u00bb3\/4&Prime;][vc_column_text]<strong><em>Salle Claude Champagne<\/em><\/strong><br \/>\n<em>(Pre-Concert, \u00c9toiles de demain 19h00)<\/em><\/p>\n<p><span style=\"color: #800000;\"><em>Veuillez noter que le programme pour notre concert du 7 avril, ADAM&rsquo;S LAMENT , a chang\u00e9. Le nouveau programme est intitul\u00e9 SERIOSO. Les billets pour ADAM&rsquo;S LAMENT seront honor\u00e9s.<\/em><\/span><\/p>\n<p><b>L\u00e9o Guiollot,<\/b> percussionniste<br \/>\n<b>Alain Aubut,<\/b> chef d\u2019orchestre<\/p>\n<p>CHOSTAKOVICH. Quatuor \u00e0 cordes n\u00ba 1 en do majeur, op. 49 (arr. pour orchestre \u00e0 cordes de Yuli Turovsky)<br \/>\nSHCHEDRIN, Humoresque A la Albeniz (arr. pour cordes et percussion )<br \/>\nMOZART, Divertimento en fa majeur, K. 138<br \/>\nBEETHOVEN, Quatuor \u00e0 cordes n\u00b0 11 en fa min, op. 95 \u00ab\u00a0SERIOSO\u00a0\u00bb (arr. pour orchestre \u00e0 cordes de Yuli Turovsky)[\/vc_column_text][\/vc_column][vc_column width=\u00a0\u00bb1\/4&Prime;][vc_single_image image=\u00a0\u00bb7630&Prime; img_size=\u00a0\u00bbfull\u00a0\u00bb add_caption=\u00a0\u00bbyes\u00a0\u00bb onclick=\u00a0\u00bblink_image\u00a0\u00bb][vc_single_image image=\u00a0\u00bb7595&Prime; img_size=\u00a0\u00bbfull\u00a0\u00bb add_caption=\u00a0\u00bbyes\u00a0\u00bb onclick=\u00a0\u00bblink_image\u00a0\u00bb][\/vc_column][\/vc_row]<\/p>\n<\/div>","protected":false},"excerpt":{"rendered":"<p>[vc_row][vc_column width=\u00a0\u00bb3\/4&Prime;][vc_column_text]Salle Claude Champagne (Pre-Concert, \u00c9toiles de demain 19h00) Veuillez noter que le programme pour notre concert du 7 avril, ADAM&rsquo;S LAMENT , a chang\u00e9. Le<span class=\"excerpt-hellip\"> [\u2026]<\/span><\/p>\n","protected":false},"author":9,"featured_media":0,"parent":5863,"menu_order":0,"comment_status":"closed","ping_status":"closed","template":"","meta":{"footnotes":""},"class_list":["post-5971","page","type-page","status-publish","hentry"],"_links":{"self":[{"href":"https:\/\/orchestrenouvellegeneration.com\/fr\/wp-json\/wp\/v2\/pages\/5971","targetHints":{"allow":["GET"]}}],"collection":[{"href":"https:\/\/orchestrenouvellegeneration.com\/fr\/wp-json\/wp\/v2\/pages"}],"about":[{"href":"https:\/\/orchestrenouvellegeneration.com\/fr\/wp-json\/wp\/v2\/types\/page"}],"author":[{"embeddable":true,"href":"https:\/\/orchestrenouvellegeneration.com\/fr\/wp-json\/wp\/v2\/users\/9"}],"replies":[{"embeddable":true,"href":"https:\/\/orchestrenouvellegeneration.com\/fr\/wp-json\/wp\/v2\/comments?post=5971"}],"version-history":[{"count":9,"href":"https:\/\/orchestrenouvellegeneration.com\/fr\/wp-json\/wp\/v2\/pages\/5971\/revisions"}],"predecessor-version":[{"id":8011,"href":"https:\/\/orchestrenouvellegeneration.com\/fr\/wp-json\/wp\/v2\/pages\/5971\/revisions\/8011"}],"up":[{"embeddable":true,"href":"https:\/\/orchestrenouvellegeneration.com\/fr\/wp-json\/wp\/v2\/pages\/5863"}],"wp:attachment":[{"href":"https:\/\/orchestrenouvellegeneration.com\/fr\/wp-json\/wp\/v2\/media?parent=5971"}],"curies":[{"name":"wp","href":"https:\/\/api.w.org\/{rel}","templated":true}]}}