{"id":5968,"date":"2017-08-26T22:21:19","date_gmt":"2017-08-26T22:21:19","guid":{"rendered":"https:\/\/orchestrenouvellegeneration.com\/?page_id=5968"},"modified":"2021-03-04T16:46:41","modified_gmt":"2021-03-04T16:46:41","slug":"8-mars-2018","status":"publish","type":"page","link":"https:\/\/orchestrenouvellegeneration.com\/fr\/saison-2017-2018\/8-mars-2018\/","title":{"rendered":"DE 1 \u00c0 111"},"content":{"rendered":"<div class=\"wpb-content-wrapper\"><p>[vc_row][vc_column width=\u00a0\u00bb3\/4&Prime;][vc_column_text]<strong><em>Salle Claude Champagne<\/em><\/strong><\/p>\n<p><b><a href=\"https:\/\/www.montrealpianoduo.com\/\" target=\"_blank\" rel=\"noopener noreferrer\">Montre\u0301al Piano Duo<\/a><br \/>\nIrina Krasnyanskaya\u00a0<\/b>&amp;<b>\u00a0Jean-Fabien Schneider<\/b>, piano\u00a0<b><br \/>\n<\/b><b>Alain Aubut,<\/b>\u00a0chef d\u2019orchestre<\/p>\n<p>CARL NIELSEN,\u00a0Petite suite pour cordes, op.1<br \/>\nFRANCIS POULENC,\u00a0Concerto pour deux pianos et orchestre\u00a0(arr. pour deux pianos et\u00a0orchestre \u00e0 cordes\u00a0)<br \/>\nJOHANNES BRAHMS,\u00a0Quintettes \u00e0 cordes<b>, Op.111\u00a0<\/b>(arr. pour \u00a0orchestre \u00e0 cordes)<\/p>\n<blockquote><p><i>\u00ab\u00a0Le concert (\u2026) avait fait la part belle au piano avec un moment (\u2026) intense gr\u00e2ce au duo\u00a0<\/i><b><i>Irina Krasnyanskaya<\/i><\/b><i>\u00a0et\u00a0<\/i><b><i>Jean-Fabien Schneider<\/i><\/b><i>, couple russo-fran\u00e7ais dans une partition \u00e0 4 mains. (\u2026) Gr\u00e2ce \u00e0 ces artistes de haut niveau, le sublime est atteint avec leur merveilleuse interpr\u00e9tation de la\u00a0<\/i>Fantaisie<i>\u00a0de Schubert, dans l\u2019exposition du th\u00e8me principal le contenu \u00e9motionnel de chaque note ne pouvait laisser personne insensible.\u00a0\u00bb \u00a0<\/i>La D\u00e9p\u00eache<\/p>\n<p><i>\u00ab\u00a0En vingt minutes, le\u00a0<\/i><b><i>Concerto pour deux pianos<\/i><\/b><i>\u00a0est si vari\u00e9 que le spectateur est laiss\u00e9 pantois sans voix sans mentionner la beaut\u00e9 et la gaiet\u00e9 associ\u00e9es au concerto.\u00bb \u00a0\u00a0<\/i>Music Web international<\/p>\n<p><i>\u00ab\u00a0Gr\u00e2ce au<\/i><b><i>\u00a0Concerto pour deux pianos<\/i><\/b><i>, Poulenc rompt avec le genre classique du concerto et, de ce fait, lib\u00e8re la forme et le d\u00e9veloppement th\u00e9matique. Avant tout, la pi\u00e8ce exprime le plaisir absolu de jouer!\u00bb \u00a0<\/i>Presto Classical<\/p><\/blockquote>\n<p>[\/vc_column_text][\/vc_column][vc_column width=\u00a0\u00bb1\/4&Prime;][vc_single_image image=\u00a0\u00bb7620&Prime; img_size=\u00a0\u00bbfull\u00a0\u00bb add_caption=\u00a0\u00bbyes\u00a0\u00bb onclick=\u00a0\u00bblink_image\u00a0\u00bb][vc_single_image image=\u00a0\u00bb7595&Prime; img_size=\u00a0\u00bbfull\u00a0\u00bb add_caption=\u00a0\u00bbyes\u00a0\u00bb onclick=\u00a0\u00bblink_image\u00a0\u00bb][\/vc_column][\/vc_row]<\/p>\n<\/div>","protected":false},"excerpt":{"rendered":"<p>[vc_row][vc_column width=\u00a0\u00bb3\/4&Prime;][vc_column_text]Salle Claude Champagne Montre\u0301al Piano Duo Irina Krasnyanskaya\u00a0&amp;\u00a0Jean-Fabien Schneider, piano\u00a0 Alain Aubut,\u00a0chef d\u2019orchestre CARL NIELSEN,\u00a0Petite suite pour cordes, op.1 FRANCIS POULENC,\u00a0Concerto pour deux pianos et<span class=\"excerpt-hellip\"> [\u2026]<\/span><\/p>\n","protected":false},"author":9,"featured_media":0,"parent":5863,"menu_order":0,"comment_status":"closed","ping_status":"closed","template":"","meta":{"footnotes":""},"class_list":["post-5968","page","type-page","status-publish","hentry"],"_links":{"self":[{"href":"https:\/\/orchestrenouvellegeneration.com\/fr\/wp-json\/wp\/v2\/pages\/5968","targetHints":{"allow":["GET"]}}],"collection":[{"href":"https:\/\/orchestrenouvellegeneration.com\/fr\/wp-json\/wp\/v2\/pages"}],"about":[{"href":"https:\/\/orchestrenouvellegeneration.com\/fr\/wp-json\/wp\/v2\/types\/page"}],"author":[{"embeddable":true,"href":"https:\/\/orchestrenouvellegeneration.com\/fr\/wp-json\/wp\/v2\/users\/9"}],"replies":[{"embeddable":true,"href":"https:\/\/orchestrenouvellegeneration.com\/fr\/wp-json\/wp\/v2\/comments?post=5968"}],"version-history":[{"count":9,"href":"https:\/\/orchestrenouvellegeneration.com\/fr\/wp-json\/wp\/v2\/pages\/5968\/revisions"}],"predecessor-version":[{"id":8006,"href":"https:\/\/orchestrenouvellegeneration.com\/fr\/wp-json\/wp\/v2\/pages\/5968\/revisions\/8006"}],"up":[{"embeddable":true,"href":"https:\/\/orchestrenouvellegeneration.com\/fr\/wp-json\/wp\/v2\/pages\/5863"}],"wp:attachment":[{"href":"https:\/\/orchestrenouvellegeneration.com\/fr\/wp-json\/wp\/v2\/media?parent=5968"}],"curies":[{"name":"wp","href":"https:\/\/api.w.org\/{rel}","templated":true}]}}