{"id":5956,"date":"2017-08-26T22:04:43","date_gmt":"2017-08-26T22:04:43","guid":{"rendered":"https:\/\/orchestrenouvellegeneration.com\/?page_id=5956"},"modified":"2021-03-04T16:02:25","modified_gmt":"2021-03-04T16:02:25","slug":"24-janvier-2018","status":"publish","type":"page","link":"https:\/\/orchestrenouvellegeneration.com\/fr\/saison-2017-2018\/24-janvier-2018\/","title":{"rendered":"MON CHER AMI\u2026"},"content":{"rendered":"<div class=\"wpb-content-wrapper\"><p>[vc_row][vc_column width=\u00a0\u00bb3\/4&Prime;][vc_column_text]<strong><em>Salle de concert Pollack<\/em><\/strong><\/p>\n<p><em><strong>Musique et th\u00e9\u00e2tre en symbiose.<\/strong><\/em><\/p>\n<p><b>Vitali Makarov, <\/b>Com\u00e9dien<b><br \/>\n<\/b><b>Maria Monakhova, <\/b>Com\u00e9dienne<\/p>\n<p><b>Extraits d\u2019\u0153uvres de Tcha\u00efkovski :<br \/>\n<\/b><i><span style=\"font-weight: 400;\">S\u00e9r\u00e9nade pour cordes<\/span><\/i><span style=\"font-weight: 400;\"><br \/>\n<\/span><i><span style=\"font-weight: 400;\">Souvenir de Florence<\/span><\/i><span style=\"font-weight: 400;\"><br \/>\n<\/span><i><span style=\"font-weight: 400;\">Album pour enfant<\/span><\/i><span style=\"font-weight: 400;\"><br \/>\n<\/span><i><span style=\"font-weight: 400;\">Les saisons <\/span><\/i><\/p>\n<p><em><span style=\"color: #000000;\"><span style=\"font-weight: 400;\">Cette rencontre du th\u00e9\u00e2tre et de la musique se fera \u00e0 la faveur d\u2019une pi\u00e8ce\u00a0\u00ab\u00a0<strong>Mon cher ami&#8230;<\/strong> \u00bb\u00a0de\u00a0Svetlana Migdissova\u00a0con\u00e7ue \u00e0 partir\u00a0de la correspondance que\u00a0Tcha\u00efkovski a entretenue pendant 13 ans avec\u00a0son m\u00e9c\u00e8ne,\u00a0Nadezda von Meck.\u00a0Le r\u00f4le de Tcha\u00efkovski sera jou\u00e9 par Vitali Makarov et celui de Nadezhda von Meck, par Maria Monakhova. La musique de Tcha\u00efkovski, soigneusement s\u00e9lectionn\u00e9e pour l&rsquo;occasion, sera le troisi\u00e8me personnage principal.<\/span><br \/>\n<\/span><\/em>[\/vc_column_text][\/vc_column][vc_column width=\u00a0\u00bb1\/4&Prime;][vc_single_image image=\u00a0\u00bb7613&Prime; img_size=\u00a0\u00bbfull\u00a0\u00bb add_caption=\u00a0\u00bbyes\u00a0\u00bb onclick=\u00a0\u00bblink_image\u00a0\u00bb][\/vc_column][\/vc_row]<\/p>\n<\/div>","protected":false},"excerpt":{"rendered":"<p>[vc_row][vc_column width=\u00a0\u00bb3\/4&Prime;][vc_column_text]Salle de concert Pollack Musique et th\u00e9\u00e2tre en symbiose. Vitali Makarov, Com\u00e9dien Maria Monakhova, Com\u00e9dienne Extraits d\u2019\u0153uvres de Tcha\u00efkovski : S\u00e9r\u00e9nade pour cordes Souvenir de<span class=\"excerpt-hellip\"> [\u2026]<\/span><\/p>\n","protected":false},"author":9,"featured_media":0,"parent":5863,"menu_order":0,"comment_status":"closed","ping_status":"closed","template":"","meta":{"footnotes":""},"class_list":["post-5956","page","type-page","status-publish","hentry"],"_links":{"self":[{"href":"https:\/\/orchestrenouvellegeneration.com\/fr\/wp-json\/wp\/v2\/pages\/5956","targetHints":{"allow":["GET"]}}],"collection":[{"href":"https:\/\/orchestrenouvellegeneration.com\/fr\/wp-json\/wp\/v2\/pages"}],"about":[{"href":"https:\/\/orchestrenouvellegeneration.com\/fr\/wp-json\/wp\/v2\/types\/page"}],"author":[{"embeddable":true,"href":"https:\/\/orchestrenouvellegeneration.com\/fr\/wp-json\/wp\/v2\/users\/9"}],"replies":[{"embeddable":true,"href":"https:\/\/orchestrenouvellegeneration.com\/fr\/wp-json\/wp\/v2\/comments?post=5956"}],"version-history":[{"count":8,"href":"https:\/\/orchestrenouvellegeneration.com\/fr\/wp-json\/wp\/v2\/pages\/5956\/revisions"}],"predecessor-version":[{"id":8004,"href":"https:\/\/orchestrenouvellegeneration.com\/fr\/wp-json\/wp\/v2\/pages\/5956\/revisions\/8004"}],"up":[{"embeddable":true,"href":"https:\/\/orchestrenouvellegeneration.com\/fr\/wp-json\/wp\/v2\/pages\/5863"}],"wp:attachment":[{"href":"https:\/\/orchestrenouvellegeneration.com\/fr\/wp-json\/wp\/v2\/media?parent=5956"}],"curies":[{"name":"wp","href":"https:\/\/api.w.org\/{rel}","templated":true}]}}