{"id":5949,"date":"2017-08-26T21:42:42","date_gmt":"2017-08-26T21:42:42","guid":{"rendered":"https:\/\/orchestrenouvellegeneration.com\/?page_id=5949"},"modified":"2021-03-04T05:46:23","modified_gmt":"2021-03-04T05:46:23","slug":"samedi-18-novembre-2017","status":"publish","type":"page","link":"https:\/\/orchestrenouvellegeneration.com\/fr\/saison-2017-2018\/samedi-18-novembre-2017\/","title":{"rendered":"LES HUIT SAISONS"},"content":{"rendered":"<div class=\"wpb-content-wrapper\"><p>[vc_row][vc_column width=\u00a0\u00bb3\/4&Prime;][vc_column_text]Salle Claude-Champagne<br \/>\n<a href=\"?page_id=6433\"><em> (Pre-Concert, Tomorrow\u2019s Stars 7:00 pm)<\/em><\/a><\/p>\n<p><strong>VIVALDI<\/strong> Les Quatre Saisons pour violon et cordes<br \/>\n<strong><a href=\"https:\/\/fr.wikipedia.org\/wiki\/Leonid_Desyatnikov\" target=\"_blank\" rel=\"noopener noreferrer\">DESYATNIKOV<\/a><\/strong> Les Saisons Russes pour violon, voix et cordes<\/p>\n<blockquote><p>\u00ab\u00a0Trostiansky est un violoniste de tout premier plan : par la technique, la musicalit\u00e9, l&rsquo;intelligence et la personnalit\u00e9.\u00bb La Presse<\/p><\/blockquote>\n<blockquote><p>\u00ab\u00a0&#8230;l&rsquo;impressionnante mezzo russe Olesya Petrova, v\u00e9ritable force de la nature. Tr\u00e8s expressive, dot\u00e9e d&rsquo;une voix puissante et d&rsquo;une forte pr\u00e9sence sur sc\u00e8ne, la chanteuse est le choix id\u00e9al pour personnifier la col\u00e9rique Amneris de fa\u00e7on cr\u00e9dible. On esp\u00e8re la r\u00e9entendre \u00e0 Montr\u00e9al&#8230; \u00bb La Presse<\/p><\/blockquote>\n<blockquote><p>Desyatnikov d\u00e9finit sa musique comme une \u00ab\u00a0\u00e9mancipation de la consonance, une transformation de la banalit\u00e9 et un \u00ab\u00a0minimalisme\u00a0\u00bb \u00e0 face humaine\u00a0\u00bb ou encore \u00ab\u00a0une bagatelle tragiquement l\u00e9g\u00e8re\u00a0\u00bb.<br \/>\nLeonid Desyatnikovfait clairement r\u00e9f\u00e9rence \u00e0 Vivaldi dans Les Saisons Russes avec quatre concertos en trois mouvements pour violon et cordes, auxquels s\u2019ajoute toutefois une soprano. Son \u0153uvre int\u00e8gre autant des th\u00e8mes populaires que des allusions \u00e0 plusieurs compositeurs classiques europ\u00e9ens, dans l\u2019id\u00e9e tant d\u2019une r\u00e9flexion sur l\u2019histoire que d\u2019un ancrage dans la tradition orthodoxe.\u00a0\u00bb \u00a0Yael Heche, Sion<\/p><\/blockquote>\n<p><b><a href=\"http:\/\/www.instantencore.com\/contributor\/bio.aspx?CId=5078056\" target=\"_blank\" rel=\"noopener noreferrer\">Alexander Trostiansky<\/a><\/b>,\u00a0 violon<br \/>\n<b><a href=\"http:\/\/www.cademi.eu\/?post_type=portfolio&amp;p=594\" target=\"_blank\" rel=\"noopener noreferrer\">Olesya Petrova<\/a><\/b>, mezzo-soprano[\/vc_column_text][\/vc_column][vc_column width=\u00a0\u00bb1\/4&Prime;][vc_single_image image=\u00a0\u00bb7611&Prime; img_size=\u00a0\u00bbfull\u00a0\u00bb add_caption=\u00a0\u00bbyes\u00a0\u00bb onclick=\u00a0\u00bblink_image\u00a0\u00bb][vc_single_image image=\u00a0\u00bb7612&Prime; img_size=\u00a0\u00bbfull\u00a0\u00bb add_caption=\u00a0\u00bbyes\u00a0\u00bb onclick=\u00a0\u00bblink_image\u00a0\u00bb][\/vc_column][\/vc_row]<\/p>\n<\/div>","protected":false},"excerpt":{"rendered":"<p>[vc_row][vc_column width=\u00a0\u00bb3\/4&Prime;][vc_column_text]Salle Claude-Champagne (Pre-Concert, Tomorrow\u2019s Stars 7:00 pm) VIVALDI Les Quatre Saisons pour violon et cordes DESYATNIKOV Les Saisons Russes pour violon, voix et cordes \u00ab\u00a0Trostiansky<span class=\"excerpt-hellip\"> [\u2026]<\/span><\/p>\n","protected":false},"author":9,"featured_media":0,"parent":5863,"menu_order":0,"comment_status":"closed","ping_status":"closed","template":"","meta":{"footnotes":""},"class_list":["post-5949","page","type-page","status-publish","hentry"],"_links":{"self":[{"href":"https:\/\/orchestrenouvellegeneration.com\/fr\/wp-json\/wp\/v2\/pages\/5949","targetHints":{"allow":["GET"]}}],"collection":[{"href":"https:\/\/orchestrenouvellegeneration.com\/fr\/wp-json\/wp\/v2\/pages"}],"about":[{"href":"https:\/\/orchestrenouvellegeneration.com\/fr\/wp-json\/wp\/v2\/types\/page"}],"author":[{"embeddable":true,"href":"https:\/\/orchestrenouvellegeneration.com\/fr\/wp-json\/wp\/v2\/users\/9"}],"replies":[{"embeddable":true,"href":"https:\/\/orchestrenouvellegeneration.com\/fr\/wp-json\/wp\/v2\/comments?post=5949"}],"version-history":[{"count":12,"href":"https:\/\/orchestrenouvellegeneration.com\/fr\/wp-json\/wp\/v2\/pages\/5949\/revisions"}],"predecessor-version":[{"id":7991,"href":"https:\/\/orchestrenouvellegeneration.com\/fr\/wp-json\/wp\/v2\/pages\/5949\/revisions\/7991"}],"up":[{"embeddable":true,"href":"https:\/\/orchestrenouvellegeneration.com\/fr\/wp-json\/wp\/v2\/pages\/5863"}],"wp:attachment":[{"href":"https:\/\/orchestrenouvellegeneration.com\/fr\/wp-json\/wp\/v2\/media?parent=5949"}],"curies":[{"name":"wp","href":"https:\/\/api.w.org\/{rel}","templated":true}]}}