{"id":5863,"date":"2017-08-12T20:20:49","date_gmt":"2017-08-12T20:20:49","guid":{"rendered":"https:\/\/orchestrenouvellegeneration.com\/?page_id=5863"},"modified":"2021-03-04T02:47:02","modified_gmt":"2021-03-04T02:47:02","slug":"saison-2017-2018","status":"publish","type":"page","link":"https:\/\/orchestrenouvellegeneration.com\/fr\/saison-2017-2018\/","title":{"rendered":"Saison 2017-2018"},"content":{"rendered":"<div class=\"wpb-content-wrapper\"><p>[vc_row][vc_column width=\u00a0\u00bb2\/3&Prime;][vc_column_text]<\/p>\n<h3><a href=\"\/?page_id=5949\">LES HUIT SAISONS<\/a><\/h3>\n<h4>Samedi 18 novembre 2017 &#8211; 19 h 30<\/h4>\n<p>Salle Claude-Champagne<\/p>\n<p><strong>VIVALDI &amp; <a href=\"https:\/\/fr.wikipedia.org\/wiki\/Leonid_Desyatnikov\" target=\"_blank\" rel=\"noopener noreferrer\">DESYATNIKOV<\/a><\/strong><\/p>\n<p><b><a href=\"http:\/\/www.instantencore.com\/contributor\/bio.aspx?CId=5078056\" target=\"_blank\" rel=\"noopener noreferrer\">Alexander Trostiansky<\/a>,\u00a0<\/b>violon<br \/>\n<b><a href=\"http:\/\/www.cademi.eu\/?post_type=portfolio&amp;p=594\" target=\"_blank\" rel=\"noopener noreferrer\">Olesya Petrova<\/a>,\u00a0<\/b>mezzo-soprano[\/vc_column_text][vc_btn title=\u00a0\u00bbEN SAVOIR PLUS\u00a0\u00bb style=\u00a0\u00bbcustom\u00a0\u00bb custom_background=\u00a0\u00bb#861215&Prime; custom_text=\u00a0\u00bb#fcfcfc\u00a0\u00bb size=\u00a0\u00bbsm\u00a0\u00bb align=\u00a0\u00bbleft\u00a0\u00bb link=\u00a0\u00bburl:https%3A%2F%2Forchestrenouvellegeneration.com%2Ffr%2Fsaison-2017-2018%2Fsamedi-18-novembre-2017%2F|title:15%20d%C3%A9cembre%202018&Prime;][\/vc_column][vc_column width=\u00a0\u00bb1\/3&Prime;][vc_single_image image=\u00a0\u00bb7623&Prime; img_size=\u00a0\u00bbmedium\u00a0\u00bb alignment=\u00a0\u00bbcenter\u00a0\u00bb onclick=\u00a0\u00bbcustom_link\u00a0\u00bb link=\u00a0\u00bbhttps:\/\/orchestrenouvellegeneration.com\/fr\/saison-2017-2018\/samedi-18-novembre-2017\/\u00a0\u00bb][\/vc_column][\/vc_row][vc_row][vc_column][vc_separator][\/vc_column][\/vc_row][vc_row][vc_column width=\u00a0\u00bb2\/3&Prime;][vc_column_text]<\/p>\n<h3><a href=\"\/?page_id=5956\">MON CHER AMI&#8230;<\/a><\/h3>\n<h4>Mercredi 24 janvier 2018 \u2013 19 h 30<\/h4>\n<p>Pollack Hall<\/p>\n<p><strong>MUSIQUE ET TH\u00c9\u00c2TRE EN SYMBIOSE, TCHA\u00cfKOVSKI<\/strong><\/p>\n<p><strong>Vitali Makarov<\/strong>, Com\u00e9dien<br \/>\n<strong>Maria Monakhova<\/strong>, Com\u00e9dienne[\/vc_column_text][vc_btn title=\u00a0\u00bbEN SAVOIR PLUS\u00a0\u00bb style=\u00a0\u00bbcustom\u00a0\u00bb custom_background=\u00a0\u00bb#861215&Prime; custom_text=\u00a0\u00bb#fcfcfc\u00a0\u00bb size=\u00a0\u00bbsm\u00a0\u00bb align=\u00a0\u00bbleft\u00a0\u00bb link=\u00a0\u00bburl:https%3A%2F%2Forchestrenouvellegeneration.com%2Ffr%2Fsaison-2017-2018%2F24-janvier-2018%2F|title:15%20d%C3%A9cembre%202018&Prime;][\/vc_column][vc_column width=\u00a0\u00bb1\/3&Prime;][vc_single_image image=\u00a0\u00bb7624&Prime; img_size=\u00a0\u00bbmedium\u00a0\u00bb alignment=\u00a0\u00bbcenter\u00a0\u00bb onclick=\u00a0\u00bbcustom_link\u00a0\u00bb link=\u00a0\u00bbhttps:\/\/orchestrenouvellegeneration.com\/fr\/saison-2017-2018\/24-janvier-2018\/\u00a0\u00bb][\/vc_column][\/vc_row][vc_row][vc_column][vc_separator][\/vc_column][\/vc_row][vc_row][vc_column width=\u00a0\u00bb2\/3&Prime;][vc_column_text]<\/p>\n<h3><a href=\"\/?page_id=5968\">DE 1 \u00c0 111<\/a><\/h3>\n<h4>Jeudi 8 mars 2018 \u2013 19 h 30<\/h4>\n<p>Salle Claude-Champagne<\/p>\n<p><strong>NEILSEN, POULENC &amp; BRAHMS<\/strong><\/p>\n<p><b><a href=\"https:\/\/www.montrealpianoduo.com\/\" target=\"_blank\" rel=\"noopener noreferrer\">Montreal Piano Duo<\/a><br \/>\nIrina Krasnyanskaya\u00a0<\/b>&amp;<b> Jean-Fabien Schneider<\/b>, piano\u00a0<b><br \/>\n<\/b><b>Alain Aubut,<\/b> chef d\u2019orchestre[\/vc_column_text][vc_btn title=\u00a0\u00bbEN SAVOIR PLUS\u00a0\u00bb style=\u00a0\u00bbcustom\u00a0\u00bb custom_background=\u00a0\u00bb#861215&Prime; custom_text=\u00a0\u00bb#fcfcfc\u00a0\u00bb size=\u00a0\u00bbsm\u00a0\u00bb align=\u00a0\u00bbleft\u00a0\u00bb link=\u00a0\u00bburl:https%3A%2F%2Forchestrenouvellegeneration.com%2Ffr%2Fsaison-2017-2018%2F8-mars-2018%2F|title:5%20avril%202020&Prime;][\/vc_column][vc_column width=\u00a0\u00bb1\/3&Prime;][vc_single_image image=\u00a0\u00bb7622&Prime; img_size=\u00a0\u00bbmedium\u00a0\u00bb alignment=\u00a0\u00bbcenter\u00a0\u00bb onclick=\u00a0\u00bbcustom_link\u00a0\u00bb link=\u00a0\u00bbhttps:\/\/orchestrenouvellegeneration.com\/fr\/saison-2017-2018\/8-mars-2018\/\u00a0\u00bb][\/vc_column][\/vc_row][vc_row][vc_column][vc_separator][\/vc_column][\/vc_row][vc_row][vc_column width=\u00a0\u00bb2\/3&Prime;][vc_column_text]<\/p>\n<h3><a href=\"\/?page_id=5971\">SERIOSO<\/a><\/h3>\n<h4>Samedi 7 avril 2018 &#8211; 19 h 30<\/h4>\n<p>Salle Claude-Champagne<\/p>\n<p><em>Veuillez noter que le programme pour notre concert du 7 avril,\u00a0ADAM&rsquo;S LAMENT\u00a0, a chang\u00e9. Le nouveau programme est intitul\u00e9\u00a0SERIOSO. Les billets pour\u00a0\u00a0ADAM&rsquo;S LAMENT\u00a0\u00a0seront honor\u00e9s.<\/em>[\/vc_column_text][vc_btn title=\u00a0\u00bbEN SAVOIR PLUS\u00a0\u00bb style=\u00a0\u00bbcustom\u00a0\u00bb custom_background=\u00a0\u00bb#861215&Prime; custom_text=\u00a0\u00bb#fcfcfc\u00a0\u00bb size=\u00a0\u00bbsm\u00a0\u00bb align=\u00a0\u00bbleft\u00a0\u00bb link=\u00a0\u00bburl:https%3A%2F%2Forchestrenouvellegeneration.com%2Ffr%2Fsaison-2017-2018%2F7-avril-2018%2F|title:14%20juin%202020&Prime;][\/vc_column][vc_column width=\u00a0\u00bb1\/3&Prime;][vc_single_image image=\u00a0\u00bb7633&Prime; img_size=\u00a0\u00bbmedium\u00a0\u00bb alignment=\u00a0\u00bbcenter\u00a0\u00bb onclick=\u00a0\u00bbcustom_link\u00a0\u00bb link=\u00a0\u00bbhttps:\/\/orchestrenouvellegeneration.com\/fr\/saison-2017-2018\/7-avril-2018\/\u00a0\u00bb][\/vc_column][\/vc_row][vc_row][vc_column][vc_separator][\/vc_column][\/vc_row][vc_row][vc_column width=\u00a0\u00bb2\/3&Prime;][vc_column_text]<\/p>\n<h3><a href=\"\/?page_id=5973\">L&rsquo;\u00c2ME JUIVE<\/a><\/h3>\n<h4>Samedi 2 juin 2018 \u2013 19 h 30<\/h4>\n<p>Salle Claude-Champagne<\/p>\n<p><strong>BLOCH, ICHMOURATOV, MUSIQUE TRADITIONNEL KLEZMER<\/strong><\/p>\n<p><b><a href=\"http:\/\/stephanetetreault.com\/\" target=\"_blank\" rel=\"noopener noreferrer\">St\u00e9phane T\u00e9treault<\/a>,<\/b> violoncelle<br \/>\n<b><a href=\"http:\/\/www.andremoisan.com\/\" target=\"_blank\" rel=\"noopener noreferrer\">Andr\u00e9 Moisan<\/a>,<\/b> clarinet klezmer<br \/>\n<b><a href=\"http:\/\/www.kleztory.com\/\" target=\"_blank\" rel=\"noopener noreferrer\">Kleztory<\/a><\/b>[\/vc_column_text][vc_btn title=\u00a0\u00bbEN SAVOIR PLUS\u00a0\u00bb style=\u00a0\u00bbcustom\u00a0\u00bb custom_background=\u00a0\u00bb#861215&Prime; custom_text=\u00a0\u00bb#fcfcfc\u00a0\u00bb size=\u00a0\u00bbsm\u00a0\u00bb align=\u00a0\u00bbleft\u00a0\u00bb link=\u00a0\u00bburl:https%3A%2F%2Forchestrenouvellegeneration.com%2Ffr%2Fsaison-2017-2018%2Fl-me-juive%2F|title:PRE-CONCERT%2C%20%C3%89toiles%20de%20demain\u00a0\u00bb][\/vc_column][vc_column width=\u00a0\u00bb1\/3&Prime;][vc_single_image image=\u00a0\u00bb7626&Prime; img_size=\u00a0\u00bbmedium\u00a0\u00bb alignment=\u00a0\u00bbcenter\u00a0\u00bb onclick=\u00a0\u00bbcustom_link\u00a0\u00bb link=\u00a0\u00bbhttps:\/\/orchestrenouvellegeneration.com\/fr\/saison-2017-2018\/l-me-juive\/\u00a0\u00bb][\/vc_column][\/vc_row]<\/p>\n<\/div>","protected":false},"excerpt":{"rendered":"<p>[vc_row][vc_column width=\u00a0\u00bb2\/3&Prime;][vc_column_text] LES HUIT SAISONS Samedi 18 novembre 2017 &#8211; 19 h 30 Salle Claude-Champagne VIVALDI &amp; DESYATNIKOV Alexander Trostiansky,\u00a0violon Olesya Petrova,\u00a0mezzo-soprano[\/vc_column_text][vc_btn title=\u00a0\u00bbEN SAVOIR PLUS\u00a0\u00bb style=\u00a0\u00bbcustom\u00a0\u00bb<span class=\"excerpt-hellip\"> [\u2026]<\/span><\/p>\n","protected":false},"author":9,"featured_media":0,"parent":0,"menu_order":0,"comment_status":"closed","ping_status":"closed","template":"","meta":{"footnotes":""},"class_list":["post-5863","page","type-page","status-publish","hentry"],"_links":{"self":[{"href":"https:\/\/orchestrenouvellegeneration.com\/fr\/wp-json\/wp\/v2\/pages\/5863","targetHints":{"allow":["GET"]}}],"collection":[{"href":"https:\/\/orchestrenouvellegeneration.com\/fr\/wp-json\/wp\/v2\/pages"}],"about":[{"href":"https:\/\/orchestrenouvellegeneration.com\/fr\/wp-json\/wp\/v2\/types\/page"}],"author":[{"embeddable":true,"href":"https:\/\/orchestrenouvellegeneration.com\/fr\/wp-json\/wp\/v2\/users\/9"}],"replies":[{"embeddable":true,"href":"https:\/\/orchestrenouvellegeneration.com\/fr\/wp-json\/wp\/v2\/comments?post=5863"}],"version-history":[{"count":13,"href":"https:\/\/orchestrenouvellegeneration.com\/fr\/wp-json\/wp\/v2\/pages\/5863\/revisions"}],"predecessor-version":[{"id":7989,"href":"https:\/\/orchestrenouvellegeneration.com\/fr\/wp-json\/wp\/v2\/pages\/5863\/revisions\/7989"}],"wp:attachment":[{"href":"https:\/\/orchestrenouvellegeneration.com\/fr\/wp-json\/wp\/v2\/media?parent=5863"}],"curies":[{"name":"wp","href":"https:\/\/api.w.org\/{rel}","templated":true}]}}