{"id":5810,"date":"2017-04-28T18:39:06","date_gmt":"2017-04-28T18:39:06","guid":{"rendered":"https:\/\/orchestrenouvellegeneration.com\/?page_id=5810"},"modified":"2017-04-28T19:22:57","modified_gmt":"2017-04-28T19:22:57","slug":"may-21-2017","status":"publish","type":"page","link":"https:\/\/orchestrenouvellegeneration.com\/fr\/may-21-2017\/","title":{"rendered":"21 mai 2017"},"content":{"rendered":"<p>[two_third_column]<\/p>\n<p><strong>Li-Rong Dong<\/strong>, soprano<br \/>\n<strong>Alain Aubut<\/strong>, chef d\u2019orchestre<\/p>\n<p>Li-Rong Dong, soprano chinoise maintenant \u00e9tablie \u00e0 Montr\u00e9al, donnera un concert le 21 mai 2017 \u00e0 la Maison Symphonique de Montr\u00e9al. Elle est la premi\u00e8re chanteuse chinoise \u00e0 donner un concert solo \u00e0 Montr\u00e9al et elle sera accompagn\u00e9e par l\u2019Orchestre Nouvelle G\u00e9n\u00e9ration et la chorale de Li-Rong. Le concert est divis\u00e9 en quatre  styles diff\u00e9rents : \u00ab La Terre passionn\u00e9e \u00bb, \u00ab Le Pays ancien \u00bb, \u00ab Chantons ensemble \u00bb et  \u00ab Amour de la Chine \u00bb. Ces pi\u00e8ces musicales sont multiculturelles, un m\u00e9lange des \u00e9poques \u2019ancienne et contemporaine et des styles de l\u2019Orient et de l\u2019Occident. Son concert va d\u00e9finitivement \u00eatre un \u00e9v\u00e8nement m\u00e9morable.<\/p>\n<p>Li-Rong Dong est une chanteuse tr\u00e8s talentueuse. Elle performe une vari\u00e9t\u00e9 de chansons folkloriques, de l\u2019op\u00e9ra Italienne ainsi que des chansons fran\u00e7aises et anglaises. Elle va nous montrer sa grande compr\u00e9hension de la musique et de la vie en chantant ces magnifiques pi\u00e8ces.<\/p>\n<div class=\"button_align align_left\"><a class=\"button  button_size_small\" href=\"http:\/\/placedesarts.com\/spectacles\/19554\/li-rong-dong.fr.html\"         title=\"\"><span class=\"button_label\">Button<\/span><\/a><\/div>\n\n<p>[\/two_third_column]<br \/>\n[three_column_last]<\/p>\n<div id=\"attachment_5807\" style=\"width: 310px\" class=\"wp-caption alignleft\"><img loading=\"lazy\" decoding=\"async\" aria-describedby=\"caption-attachment-5807\" class=\"alignleft size-full wp-image-5807\" style=\"margin-top: 1px; border: 1px solid #333;\" title=\"Li-Rong Dong, soprano\" src=\"https:\/\/orchestrenouvellegeneration.com\/wp-content\/uploads\/2017\/04\/Li-Rong-Dong.jpg\" alt=\"\" width=\"300\" height=\"258\" srcset=\"https:\/\/orchestrenouvellegeneration.com\/wp-content\/uploads\/2017\/04\/Li-Rong-Dong.jpg 300w, https:\/\/orchestrenouvellegeneration.com\/wp-content\/uploads\/2017\/04\/Li-Rong-Dong-288x248.jpg 288w, https:\/\/orchestrenouvellegeneration.com\/wp-content\/uploads\/2017\/04\/Li-Rong-Dong-250x215.jpg 250w\" sizes=\"auto, (max-width:767px) 300px, 300px\" \/><p id=\"caption-attachment-5807\" class=\"wp-caption-text\">Li-Rong Dong, soprano<\/p><\/div>\n<div id=\"attachment_3344\" style=\"width: 310px\" class=\"wp-caption alignleft\"><img loading=\"lazy\" decoding=\"async\" aria-describedby=\"caption-attachment-3344\" class=\"alignleft size-full wp-image-3344\" style=\"margin-top: 1px; border: 1px solid #333;\" title=\"Alain Aubut, chef d\u2019orchestre\" src=\"https:\/\/orchestrenouvellegeneration.com\/wp-content\/uploads\/2013\/05\/alainaubut2013.jpg\" alt=\"\" width=\"300\" height=\"200\" srcset=\"https:\/\/orchestrenouvellegeneration.com\/wp-content\/uploads\/2013\/05\/alainaubut2013.jpg 300w, https:\/\/orchestrenouvellegeneration.com\/wp-content\/uploads\/2013\/05\/alainaubut2013-288x192.jpg 288w, https:\/\/orchestrenouvellegeneration.com\/wp-content\/uploads\/2013\/05\/alainaubut2013-250x166.jpg 250w\" sizes=\"auto, (max-width:767px) 300px, 300px\" \/><p id=\"caption-attachment-3344\" class=\"wp-caption-text\">Alain Aubut, chef d\u2019orchestre<\/p><\/div>\n<p>[\/three_column_last]<\/p>\n","protected":false},"excerpt":{"rendered":"<p>[two_third_column] Li-Rong Dong, soprano Alain Aubut, chef d\u2019orchestre Li-Rong Dong, soprano chinoise maintenant \u00e9tablie \u00e0 Montr\u00e9al, donnera un concert le 21 mai 2017 \u00e0 la Maison<span class=\"excerpt-hellip\"> [\u2026]<\/span><\/p>\n","protected":false},"author":9,"featured_media":0,"parent":0,"menu_order":0,"comment_status":"closed","ping_status":"closed","template":"","meta":{"footnotes":""},"class_list":["post-5810","page","type-page","status-publish","hentry"],"_links":{"self":[{"href":"https:\/\/orchestrenouvellegeneration.com\/fr\/wp-json\/wp\/v2\/pages\/5810","targetHints":{"allow":["GET"]}}],"collection":[{"href":"https:\/\/orchestrenouvellegeneration.com\/fr\/wp-json\/wp\/v2\/pages"}],"about":[{"href":"https:\/\/orchestrenouvellegeneration.com\/fr\/wp-json\/wp\/v2\/types\/page"}],"author":[{"embeddable":true,"href":"https:\/\/orchestrenouvellegeneration.com\/fr\/wp-json\/wp\/v2\/users\/9"}],"replies":[{"embeddable":true,"href":"https:\/\/orchestrenouvellegeneration.com\/fr\/wp-json\/wp\/v2\/comments?post=5810"}],"version-history":[{"count":7,"href":"https:\/\/orchestrenouvellegeneration.com\/fr\/wp-json\/wp\/v2\/pages\/5810\/revisions"}],"predecessor-version":[{"id":5827,"href":"https:\/\/orchestrenouvellegeneration.com\/fr\/wp-json\/wp\/v2\/pages\/5810\/revisions\/5827"}],"wp:attachment":[{"href":"https:\/\/orchestrenouvellegeneration.com\/fr\/wp-json\/wp\/v2\/media?parent=5810"}],"curies":[{"name":"wp","href":"https:\/\/api.w.org\/{rel}","templated":true}]}}