{"id":5671,"date":"2017-01-07T20:45:51","date_gmt":"2017-01-07T20:45:51","guid":{"rendered":"https:\/\/orchestrenouvellegeneration.com\/?page_id=5671"},"modified":"2017-01-07T21:01:18","modified_gmt":"2017-01-07T21:01:18","slug":"gagnant-du-concours-de-composition-2016","status":"publish","type":"page","link":"https:\/\/orchestrenouvellegeneration.com\/fr\/gagnant-du-concours-de-composition-2016\/","title":{"rendered":"Gagnant du Concours de Composition 2016-2017"},"content":{"rendered":"<p><a href=\"https:\/\/orchestrenouvellegeneration.com\/wp-content\/uploads\/2017\/01\/Leon-Haxby-2016-Composers-Winner.jpg\"><img loading=\"lazy\" decoding=\"async\" class=\"alignright size-medium wp-image-5662\" style=\"margin-top: 1px; margin-left: 10px; margin-bottom: 10px; border-width: 1px; border-style: solid; border-color: #333;\" title=\"Leon Haxby - 2016 Composers Winner\" src=\"https:\/\/orchestrenouvellegeneration.com\/wp-content\/uploads\/2017\/01\/Leon-Haxby-2016-Composers-Winner-225x300.jpg\" alt=\"\" width=\"225\" height=\"300\" srcset=\"https:\/\/orchestrenouvellegeneration.com\/wp-content\/uploads\/2017\/01\/Leon-Haxby-2016-Composers-Winner-225x300.jpg 225w, https:\/\/orchestrenouvellegeneration.com\/wp-content\/uploads\/2017\/01\/Leon-Haxby-2016-Composers-Winner-768x1024.jpg 768w, https:\/\/orchestrenouvellegeneration.com\/wp-content\/uploads\/2017\/01\/Leon-Haxby-2016-Composers-Winner-300x400.jpg 300w, https:\/\/orchestrenouvellegeneration.com\/wp-content\/uploads\/2017\/01\/Leon-Haxby-2016-Composers-Winner-675x900.jpg 675w, https:\/\/orchestrenouvellegeneration.com\/wp-content\/uploads\/2017\/01\/Leon-Haxby-2016-Composers-Winner-720x960.jpg 720w, https:\/\/orchestrenouvellegeneration.com\/wp-content\/uploads\/2017\/01\/Leon-Haxby-2016-Composers-Winner-432x576.jpg 432w, https:\/\/orchestrenouvellegeneration.com\/wp-content\/uploads\/2017\/01\/Leon-Haxby-2016-Composers-Winner-216x288.jpg 216w, https:\/\/orchestrenouvellegeneration.com\/wp-content\/uploads\/2017\/01\/Leon-Haxby-2016-Composers-Winner-187x250.jpg 187w, https:\/\/orchestrenouvellegeneration.com\/wp-content\/uploads\/2017\/01\/Leon-Haxby-2016-Composers-Winner-360x480.jpg 360w, https:\/\/orchestrenouvellegeneration.com\/wp-content\/uploads\/2017\/01\/Leon-Haxby-2016-Composers-Winner.jpg 1536w\" sizes=\"auto, (max-width:767px) 225px, 225px\" \/><\/a>Leon Haxby est un compositeur de 23 ans originaire de Londres. Il a commenc\u00e9 ses \u00e9tudes de composition avec Darren Bloom au lyc\u00e9e de Forest School avant de re\u00e7evoir une bourse du Conservatoire de Birmingham, o\u00f9 il a compl\u00e9t\u00e9 un dipl\u00f4me en composition en 2015. Leon a re\u00e7u des le\u00e7ons de Richard Causton, Edwin Roxburgh, Ed Bennett, Joe Cutler et Howard Skempton. Il a aussi suivi des masterclasses de Mario Garuti, Colin Matthews et Richard Ayres. En troisi\u00e8me ann\u00e9e, Leon a remport\u00e9 le Prix pour Composition Orchestrale du Conservaoire de Birmingham. Quelques uns de ses partitions ont \u00eat\u00e9s acquises par les biblioth\u00e8ques de l&rsquo;Acad\u00e9mie Royale de Musique de Londres et de la Soci\u00e9t\u00e9 Am\u00e9ricaine de l\u2019Alto, et plusi\u00e8res de ses pi\u00e8ces ont \u00e9t\u00e9 interpr\u00e9t\u00e9es \u00e0 travers l&rsquo;Europe, les Etats-Unis et l&rsquo;Afrique du Sud.<\/p>\n<p>En plus de la composition classique, Leon a \u00e9galement r\u00e9alis\u00e9 un certain nombre de partitions pour des courts m\u00e9trages et a compos\u00e9 la bande sonore pour le spectacle de Marianna Jungman \u00e0 la Semaine de la Mode de Londres en 2014. Il a collabor\u00e9 avec Jeff Leyshon, Andrew Delaney, Zena Holloway et le photographe New Yorkais Graeme Montgomery. Leon a \u00e9t\u00e9 command\u00e9 d&rsquo;\u00e9crire des bandes sonores pour <em>Vogue<\/em> japonais, Nowness.com et Cent Magazine.<\/p>\n<p>Leon a jou\u00e9 du basson depuis l\u2019\u00e0ge de huit ans et a \u00eat\u00e9 membre de l&rsquo;Essex Youth Orchestra pendant quatre ans. Il a \u00e9crit des pi\u00e8ces originales pour l&rsquo;instrument, y compris une suite d&rsquo;\u00e9tudes de concert et un quatuor de basson. Il a aussi elabor\u00e9 plusi\u00e8res transcriptions.<\/p>\n<p><em><a title=\"Gagnant du concours de composition 2015\" href=\"https:\/\/orchestrenouvellegeneration.com\/?page_id=5404&amp;lang=fr\">Gagnante 2015-2016 &#8211;\u00a0Laurence Jobidon<\/a><\/em><br \/>\n<em><a title=\"Gagnant du Concours de Composition 2014\" href=\"https:\/\/orchestrenouvellegeneration.com\/?page_id=5057&amp;lang=fr\">Gagnant 2014-2015 &#8211; Roydon Tse<\/a><\/em><\/p>\n","protected":false},"excerpt":{"rendered":"<p>Leon Haxby est un compositeur de 23 ans originaire de Londres. Il a commenc\u00e9 ses \u00e9tudes de composition avec Darren Bloom au lyc\u00e9e de Forest School<span class=\"excerpt-hellip\"> [\u2026]<\/span><\/p>\n","protected":false},"author":9,"featured_media":0,"parent":0,"menu_order":0,"comment_status":"closed","ping_status":"open","template":"","meta":{"footnotes":""},"class_list":["post-5671","page","type-page","status-publish","hentry"],"_links":{"self":[{"href":"https:\/\/orchestrenouvellegeneration.com\/fr\/wp-json\/wp\/v2\/pages\/5671","targetHints":{"allow":["GET"]}}],"collection":[{"href":"https:\/\/orchestrenouvellegeneration.com\/fr\/wp-json\/wp\/v2\/pages"}],"about":[{"href":"https:\/\/orchestrenouvellegeneration.com\/fr\/wp-json\/wp\/v2\/types\/page"}],"author":[{"embeddable":true,"href":"https:\/\/orchestrenouvellegeneration.com\/fr\/wp-json\/wp\/v2\/users\/9"}],"replies":[{"embeddable":true,"href":"https:\/\/orchestrenouvellegeneration.com\/fr\/wp-json\/wp\/v2\/comments?post=5671"}],"version-history":[{"count":5,"href":"https:\/\/orchestrenouvellegeneration.com\/fr\/wp-json\/wp\/v2\/pages\/5671\/revisions"}],"predecessor-version":[{"id":5676,"href":"https:\/\/orchestrenouvellegeneration.com\/fr\/wp-json\/wp\/v2\/pages\/5671\/revisions\/5676"}],"wp:attachment":[{"href":"https:\/\/orchestrenouvellegeneration.com\/fr\/wp-json\/wp\/v2\/media?parent=5671"}],"curies":[{"name":"wp","href":"https:\/\/api.w.org\/{rel}","templated":true}]}}