{"id":5665,"date":"2017-01-07T20:33:16","date_gmt":"2017-01-07T20:33:16","guid":{"rendered":"https:\/\/orchestrenouvellegeneration.com\/?page_id=5665"},"modified":"2017-01-20T16:38:26","modified_gmt":"2017-01-20T16:38:26","slug":"2016-composers-competition-winner","status":"publish","type":"page","link":"https:\/\/orchestrenouvellegeneration.com\/fr\/2016-composers-competition-winner\/","title":{"rendered":"Gagnant du concours de composition 2016-2017"},"content":{"rendered":"<p><a href=\"https:\/\/orchestrenouvellegeneration.com\/wp-content\/uploads\/2017\/01\/Leon-Haxby-2016-Composers-Winner.jpg\"><img loading=\"lazy\" decoding=\"async\" class=\"alignright size-medium wp-image-5662\" style=\"margin-top: 1px; margin-left: 10px; margin-bottom: 10px; border-width: 1px; border-style: solid; border-color: #333;\" title=\"Leon Haxby - 2016 Composers Winner\" src=\"https:\/\/orchestrenouvellegeneration.com\/wp-content\/uploads\/2017\/01\/Leon-Haxby-2016-Composers-Winner-225x300.jpg\" alt=\"\" width=\"225\" height=\"300\" srcset=\"https:\/\/orchestrenouvellegeneration.com\/wp-content\/uploads\/2017\/01\/Leon-Haxby-2016-Composers-Winner-225x300.jpg 225w, https:\/\/orchestrenouvellegeneration.com\/wp-content\/uploads\/2017\/01\/Leon-Haxby-2016-Composers-Winner-768x1024.jpg 768w, https:\/\/orchestrenouvellegeneration.com\/wp-content\/uploads\/2017\/01\/Leon-Haxby-2016-Composers-Winner-300x400.jpg 300w, https:\/\/orchestrenouvellegeneration.com\/wp-content\/uploads\/2017\/01\/Leon-Haxby-2016-Composers-Winner-675x900.jpg 675w, https:\/\/orchestrenouvellegeneration.com\/wp-content\/uploads\/2017\/01\/Leon-Haxby-2016-Composers-Winner-720x960.jpg 720w, https:\/\/orchestrenouvellegeneration.com\/wp-content\/uploads\/2017\/01\/Leon-Haxby-2016-Composers-Winner-432x576.jpg 432w, https:\/\/orchestrenouvellegeneration.com\/wp-content\/uploads\/2017\/01\/Leon-Haxby-2016-Composers-Winner-216x288.jpg 216w, https:\/\/orchestrenouvellegeneration.com\/wp-content\/uploads\/2017\/01\/Leon-Haxby-2016-Composers-Winner-187x250.jpg 187w, https:\/\/orchestrenouvellegeneration.com\/wp-content\/uploads\/2017\/01\/Leon-Haxby-2016-Composers-Winner-360x480.jpg 360w, https:\/\/orchestrenouvellegeneration.com\/wp-content\/uploads\/2017\/01\/Leon-Haxby-2016-Composers-Winner.jpg 1536w\" sizes=\"auto, (max-width:767px) 225px, 225px\" \/><\/a><\/p>\n<p>Leon\u00a0Haxby est un jeune compositeur de 23\u00a0ans, originaire de Wanstead, un quartier de Londres. Il a commenc\u00e9 ses \u00e9tudes de composition avec Darren\u00a0Bloom au lyc\u00e9e de Forest\u00a0School. Il a re\u00e7u une bourse du Conservatoire de Birmingham, o\u00f9 il a obtenu, en 2015, un dipl\u00f4me en composition avec mention d\u2019honneur. Leon a suivi les le\u00e7ons de Richard\u00a0Causton, d\u2019Edwin\u00a0Roxburgh, d\u2019Ed\u00a0Bennett, de Joe\u00a0Cutler et de Howard\u00a0Skempton. Il a \u00e9galement suivi des classes de ma\u00eetre de Mario\u00a0Garuti, de Colin\u00a0Matthews et de Richard\u00a0Ayres. En troisi\u00e8me ann\u00e9e, Leon a remport\u00e9 le Prix de composition orchestrale du Conservatoire de Birmingham. Les biblioth\u00e8ques de l\u2019Acad\u00e9mie royale de musique de Londres et de la American Viola Society (Soci\u00e9t\u00e9 am\u00e9ricaine de l\u2019alto) ont fait l\u2019acquisition de quelques\u2011unes de ses partitions. Plusieurs de ses pi\u00e8ces ont \u00e9t\u00e9 interpr\u00e9t\u00e9es un peu partout en Europe, aux \u00c9tats-Unis et en Afrique du Sud.<\/p>\n<p>Outre la composition classique, Leon a \u00e9galement sign\u00e9 la trame sonore d\u2019un certain nombre de courts\u2011m\u00e9trages et compos\u00e9 la musique pour le spectacle de Marianna\u00a0Jungman lors de la Semaine de la mode londonienne en 2014. Il a \u00e9galement collabor\u00e9 avec Jeff\u00a0Leyshon, Andrew\u00a0Delaney, Zena\u00a0Holloway et le photographe new\u2011yorkais Graeme\u00a0Montgomery. Leon a re\u00e7u la commande d\u2019\u00e9crire les trames sonores pour la version japonaise de Vogue, Nowness.com et Cent Magazine.<\/p>\n<p>D\u00e8s l\u2019\u00e2ge de huit ans, Leon joue du basson. En 2010, il a re\u00e7u une mention d\u2019honneur lors de l\u2019examen international de l\u2019ARBSM (Associated Board of the Royal Schools of Music) de niveau\u00a08. Il a re\u00e7u les le\u00e7ons de Adam\u00a0Mackenzie (New London Chamber Ensemble) et de John\u00a0Orford (London Sinfonietta). Leon a aussi \u00e9t\u00e9 membre de l\u2019Essex Youth Orchestra pendant quatre ans. Il a \u00e9crit des pi\u00e8ces originales pour cet instrument, y compris une suite d\u2019\u00e9tudes de concert ainsi qu\u2019un quatuor de basson. Il est en cours d\u2019\u00e9criture de quelques nouveaux arrangements.<\/p>\n<p><a href=\"http:\/\/www.leonhaxby.com\/\">(leonhaxby.com)<\/a><\/p>\n<p><em><br \/>\n<a title=\"2015 Composers\u2019 Competition Winner\" href=\"\/?page_id=5404&amp;lang=fr\">Gagnante 2015-2016 &#8211; Laurence Jobidon<\/a><br \/>\n<a title=\"2014 Composers\u2019 Competition Winner\" href=\"\/?page_id=5057&amp;lang=fr\"><em>Gagnant 2014-2015 &#8211; Roydon Tse<\/em><\/a><br \/>\n<a title=\"2013 Composers\u2019 Competition Winner\" href=\"\/?page_id=4020&amp;lang=fr\"><em>Gagnant 2013-2014 &#8211; Adam Shugar<\/em><\/a><br \/>\n<\/em><\/p>\n","protected":false},"excerpt":{"rendered":"<p>Leon\u00a0Haxby est un jeune compositeur de 23\u00a0ans, originaire de Wanstead, un quartier de Londres. Il a commenc\u00e9 ses \u00e9tudes de composition avec Darren\u00a0Bloom au lyc\u00e9e de<span class=\"excerpt-hellip\"> [\u2026]<\/span><\/p>\n","protected":false},"author":9,"featured_media":0,"parent":0,"menu_order":0,"comment_status":"closed","ping_status":"open","template":"","meta":{"footnotes":""},"class_list":["post-5665","page","type-page","status-publish","hentry"],"_links":{"self":[{"href":"https:\/\/orchestrenouvellegeneration.com\/fr\/wp-json\/wp\/v2\/pages\/5665","targetHints":{"allow":["GET"]}}],"collection":[{"href":"https:\/\/orchestrenouvellegeneration.com\/fr\/wp-json\/wp\/v2\/pages"}],"about":[{"href":"https:\/\/orchestrenouvellegeneration.com\/fr\/wp-json\/wp\/v2\/types\/page"}],"author":[{"embeddable":true,"href":"https:\/\/orchestrenouvellegeneration.com\/fr\/wp-json\/wp\/v2\/users\/9"}],"replies":[{"embeddable":true,"href":"https:\/\/orchestrenouvellegeneration.com\/fr\/wp-json\/wp\/v2\/comments?post=5665"}],"version-history":[{"count":14,"href":"https:\/\/orchestrenouvellegeneration.com\/fr\/wp-json\/wp\/v2\/pages\/5665\/revisions"}],"predecessor-version":[{"id":5692,"href":"https:\/\/orchestrenouvellegeneration.com\/fr\/wp-json\/wp\/v2\/pages\/5665\/revisions\/5692"}],"wp:attachment":[{"href":"https:\/\/orchestrenouvellegeneration.com\/fr\/wp-json\/wp\/v2\/media?parent=5665"}],"curies":[{"name":"wp","href":"https:\/\/api.w.org\/{rel}","templated":true}]}}