{"id":5650,"date":"2016-12-12T16:06:28","date_gmt":"2016-12-12T16:06:28","guid":{"rendered":"https:\/\/orchestrenouvellegeneration.com\/?page_id=5650"},"modified":"2021-03-02T15:32:59","modified_gmt":"2021-03-02T15:32:59","slug":"un-mot-de-natasha-2016-2017","status":"publish","type":"page","link":"https:\/\/orchestrenouvellegeneration.com\/fr\/un-mot-de-natasha-2016-2017\/","title":{"rendered":"Un mot de Natasha"},"content":{"rendered":"<div class=\"wpb-content-wrapper\"><p>[vc_row][vc_column width=\u00a0\u00bb1\/4&Prime;][vc_single_image image=\u00a0\u00bb7387&Prime; img_size=\u00a0\u00bbfull\u00a0\u00bb add_caption=\u00a0\u00bbyes\u00a0\u00bb alignment=\u00a0\u00bbcenter\u00a0\u00bb onclick=\u00a0\u00bblink_image\u00a0\u00bb][\/vc_column][vc_column width=\u00a0\u00bb3\/4&Prime;][vc_column_text]Je dois l\u2019avouer : jusqu\u2019\u00e0 maintenant, je ne me suis jamais int\u00e9ress\u00e9e \u00e0 tout ce qui est num\u00e9rologie\u2026 \u00a0\u00a0Un jour, par contre, mon sixi\u00e8me sens me conseille de lire la d\u00e9finition du num\u00e9ro 6 et, \u00e0 ma grande surprise, je d\u00e9couvre que la description du num\u00e9ro 6 correspond \u00e0 celle de notre sixi\u00e8me saison.<\/p>\n<p>Le 6, c\u2019est la gr\u00e2ce\u00a0tout en \u00e9tant chaleureux, dr\u00f4le et amusant comme la s\u00e9r\u00e9nade de Dag Wir\u00e9n.<br \/>\nLe 6, c\u2019est le charme, comme le <em>Concerto per archi<\/em> de Nino Rotta.<br \/>\nLe 6, c\u2019est l\u2019id\u00e9al \u00e0 atteindre, comme la <em>S\u00e9r\u00e9nade pour cordes<\/em> de Josef Suk.<br \/>\nLe 6, c\u2019est une profonde r\u00e9flexion, tout comme l\u2019<em>Adagio<\/em> de Barber.<br \/>\nLe 6, c\u2019est le symbole de V\u00e9nus, d\u00e9esse de l\u2019amour, dont le c\u00f4t\u00e9 dramatique nous est souffl\u00e9 \u00e0 l\u2019oreille gr\u00e2ce au romantisme du <em>Quintet pour piano<\/em> de Franck.<br \/>\nLe 6,\u00a0 c\u2019est le terre-\u00e0-terre, comme la sagesse de Lekeu et la profonde sympathie de Mirzoyan.<br \/>\nLe 6, c\u2019est le sacrifice, comme la beaut\u00e9 anxieuse de Chostakovitch, mais c\u2019est aussi l\u2019\u00e9clat enjou\u00e9 de Stravinsky.<br \/>\nLe 6, c\u2019est la lumi\u00e8re, comme l\u2019\u00e9poque et l\u2019\u0153uvre de Mozart.<br \/>\nLe 6, c\u2019est \u00e9galement la r\u00e9solution de la polarit\u00e9, \u00e0 l\u2019image de notre concert de janvier qui unit Vivaldi aux compositeurs des 20<sup>e<\/sup> et 21<sup>e<\/sup> si\u00e8cles.<\/p>\n<p>Enfin, c\u2019est la couleur indigo qui est associ\u00e9e au num\u00e9ro 6\u00a0: une magnifique nuance de bleu comme la <em>Rhapsody in Blue<\/em> de Gershwin qui lance notre saison.<\/p>\n<p>Bien s\u00fbr, il va sans dire que tous les compositeurs de la saison se trouvent \u00e0 six degr\u00e9s de s\u00e9paration.<\/p>\n<p>Qui plus est, le 6, c\u2019est un symbole de la chance, de la beaut\u00e9, des id\u00e9aux les plus \u00e9lev\u00e9s, de la cr\u00e9ation, de la stabilit\u00e9, de l\u2019harmonie, de l\u2019\u00e9quilibre, de la pl\u00e9nitude et de la paix. Le 6, c\u2019est la profondeur des \u00e9motions\u2026 et de la perfection!<\/p>\n<p>Le but de la 6<sup>e<\/sup> saison est simple\u00a0: ensemble avec nos solistes hors pair, notre ambition est de prouver la justesse de la num\u00e9rologie. Alors nous vous souhaitons la bienvenue \u00e0 notre sixi\u00e8me saison.<\/p>\n<p align=\"center\"><img decoding=\"async\" src=\"https:\/\/orchestrenouvellegeneration.com\/wp-content\/uploads\/2013\/06\/signature_NT_FR.gif\" alt=\"\" \/><\/p>\n<p>[\/vc_column_text][\/vc_column][\/vc_row][vc_row][vc_column][vc_column_text]<strong>Lire les mots pr\u00e9c\u00e9dents<\/strong><\/p>\n<p><em><a href=\"\/fr\/un-mot-de-natasha-2018-2019\/\">Mot 2018-2019<\/a><\/em><br \/>\n<em><a href=\"\/fr\/un-mot-de-natasha-2017-2018\/\">Mot 2017-2018<\/a><\/em><br \/>\n<em><a href=\"\/fr\/un-mot-de-natasha-2016-2017\/\">Mot 2016-2017<\/a><\/em><br \/>\n<em><a href=\"\/fr\/un-mot-de-natasha-2015-2016\/\">Mot 2015-2016<\/a><\/em><br \/>\n<em><a href=\"\/fr\/un-mot-de-natasha-2014-2015\/\">Mot 2014-2015<\/a><\/em>[\/vc_column_text][\/vc_column][\/vc_row]<\/p>\n<\/div>","protected":false},"excerpt":{"rendered":"<p>[vc_row][vc_column width=\u00a0\u00bb1\/4&Prime;][vc_single_image image=\u00a0\u00bb7387&Prime; img_size=\u00a0\u00bbfull\u00a0\u00bb add_caption=\u00a0\u00bbyes\u00a0\u00bb alignment=\u00a0\u00bbcenter\u00a0\u00bb onclick=\u00a0\u00bblink_image\u00a0\u00bb][\/vc_column][vc_column width=\u00a0\u00bb3\/4&Prime;][vc_column_text]Je dois l\u2019avouer : jusqu\u2019\u00e0 maintenant, je ne me suis jamais int\u00e9ress\u00e9e \u00e0 tout ce qui est num\u00e9rologie\u2026 \u00a0\u00a0Un<span class=\"excerpt-hellip\"> [\u2026]<\/span><\/p>\n","protected":false},"author":9,"featured_media":0,"parent":0,"menu_order":0,"comment_status":"closed","ping_status":"open","template":"","meta":{"footnotes":""},"class_list":["post-5650","page","type-page","status-publish","hentry"],"_links":{"self":[{"href":"https:\/\/orchestrenouvellegeneration.com\/fr\/wp-json\/wp\/v2\/pages\/5650","targetHints":{"allow":["GET"]}}],"collection":[{"href":"https:\/\/orchestrenouvellegeneration.com\/fr\/wp-json\/wp\/v2\/pages"}],"about":[{"href":"https:\/\/orchestrenouvellegeneration.com\/fr\/wp-json\/wp\/v2\/types\/page"}],"author":[{"embeddable":true,"href":"https:\/\/orchestrenouvellegeneration.com\/fr\/wp-json\/wp\/v2\/users\/9"}],"replies":[{"embeddable":true,"href":"https:\/\/orchestrenouvellegeneration.com\/fr\/wp-json\/wp\/v2\/comments?post=5650"}],"version-history":[{"count":8,"href":"https:\/\/orchestrenouvellegeneration.com\/fr\/wp-json\/wp\/v2\/pages\/5650\/revisions"}],"predecessor-version":[{"id":7816,"href":"https:\/\/orchestrenouvellegeneration.com\/fr\/wp-json\/wp\/v2\/pages\/5650\/revisions\/7816"}],"wp:attachment":[{"href":"https:\/\/orchestrenouvellegeneration.com\/fr\/wp-json\/wp\/v2\/media?parent=5650"}],"curies":[{"name":"wp","href":"https:\/\/api.w.org\/{rel}","templated":true}]}}