{"id":5469,"date":"2016-07-12T22:35:39","date_gmt":"2016-07-12T22:35:39","guid":{"rendered":"https:\/\/orchestrenouvellegeneration.com\/?page_id=5469"},"modified":"2021-03-04T22:48:48","modified_gmt":"2021-03-04T22:48:48","slug":"10-juin-2017","status":"publish","type":"page","link":"https:\/\/orchestrenouvellegeneration.com\/fr\/saison-2016-2017\/10-juin-2017\/","title":{"rendered":"AUTOUR DE YULI"},"content":{"rendered":"<div class=\"wpb-content-wrapper\"><p>[vc_row][vc_column width=\u00a0\u00bb3\/4&Prime;][vc_column_text]<em>Salle Claude Champagne<\/em><\/p>\n<p>Sous la direction d\u2019Airat Ichmouratov et mentant en vedette le jeune prodige du violoncelle St\u00e9phane T\u00e9treault, un \u00e9v\u00e8nement sp\u00e9cial en m\u00e9moire de notre fondateur, Yuli Turovsky! Venez c\u00e9l\u00e9brer avec nous ce grand homme qui a marqu\u00e9 notre \u00e9poque.<\/p>\n<p><a href=\"http:\/\/stephanetetreault.com\/\" target=\"_blank\" rel=\"noopener\"><strong>St\u00e9phane T\u00e9treault<\/strong><\/a>, violoncelle<br \/>\n<strong>Airat\u00a0Ichmouratov<\/strong>,\u00a0 chef d&rsquo;orchestre<\/p>\n<p><strong>Programme<\/strong><br \/>\nDMITRI CHOSTAKOVITCH, Concerto n\u00b0 1 pour violoncelle et orchestre<br \/>\nSERGEI PROKOFIEV, Symphonie \u00ab\u00a0Classique\u00a0\u00bb<br \/>\nDENIS GOUGEON , Coups d\u2019archets<br \/>\nSAMUEL BARBER, Adagio<\/p>\n<p>&nbsp;<\/p>\n<p><a href=\"http:\/\/www.saisons-russes.ca\/\"><img loading=\"lazy\" decoding=\"async\" class=\"alignleft size-full wp-image-7580\" title=\"Les Saisons Russes de Montr\u00e9al\" src=\"https:\/\/orchestrenouvellegeneration.com\/wp-content\/uploads\/2015\/07\/logo_srm.gif\" alt=\"Les Saisons Russes de Montr\u00e9al\" width=\"200\" height=\"149\" \/><\/a>Ce concert fait partie de la programmation 2017 du festival Les Saisons Russes de Montr\u00e9al.[\/vc_column_text][\/vc_column][vc_column width=\u00a0\u00bb1\/4&Prime;][vc_single_image image=\u00a0\u00bb7597&Prime; img_size=\u00a0\u00bbfull\u00a0\u00bb add_caption=\u00a0\u00bbyes\u00a0\u00bb onclick=\u00a0\u00bblink_image\u00a0\u00bb][vc_single_image image=\u00a0\u00bb7592&Prime; img_size=\u00a0\u00bbfull\u00a0\u00bb add_caption=\u00a0\u00bbyes\u00a0\u00bb onclick=\u00a0\u00bblink_image\u00a0\u00bb][\/vc_column][\/vc_row]<\/p>\n<\/div>","protected":false},"excerpt":{"rendered":"<p>[vc_row][vc_column width=\u00a0\u00bb3\/4&Prime;][vc_column_text]Salle Claude Champagne Sous la direction d\u2019Airat Ichmouratov et mentant en vedette le jeune prodige du violoncelle St\u00e9phane T\u00e9treault, un \u00e9v\u00e8nement sp\u00e9cial en m\u00e9moire de<span class=\"excerpt-hellip\"> [\u2026]<\/span><\/p>\n","protected":false},"author":9,"featured_media":0,"parent":5452,"menu_order":0,"comment_status":"closed","ping_status":"open","template":"","meta":{"footnotes":""},"class_list":["post-5469","page","type-page","status-publish","hentry"],"_links":{"self":[{"href":"https:\/\/orchestrenouvellegeneration.com\/fr\/wp-json\/wp\/v2\/pages\/5469","targetHints":{"allow":["GET"]}}],"collection":[{"href":"https:\/\/orchestrenouvellegeneration.com\/fr\/wp-json\/wp\/v2\/pages"}],"about":[{"href":"https:\/\/orchestrenouvellegeneration.com\/fr\/wp-json\/wp\/v2\/types\/page"}],"author":[{"embeddable":true,"href":"https:\/\/orchestrenouvellegeneration.com\/fr\/wp-json\/wp\/v2\/users\/9"}],"replies":[{"embeddable":true,"href":"https:\/\/orchestrenouvellegeneration.com\/fr\/wp-json\/wp\/v2\/comments?post=5469"}],"version-history":[{"count":32,"href":"https:\/\/orchestrenouvellegeneration.com\/fr\/wp-json\/wp\/v2\/pages\/5469\/revisions"}],"predecessor-version":[{"id":8031,"href":"https:\/\/orchestrenouvellegeneration.com\/fr\/wp-json\/wp\/v2\/pages\/5469\/revisions\/8031"}],"up":[{"embeddable":true,"href":"https:\/\/orchestrenouvellegeneration.com\/fr\/wp-json\/wp\/v2\/pages\/5452"}],"wp:attachment":[{"href":"https:\/\/orchestrenouvellegeneration.com\/fr\/wp-json\/wp\/v2\/media?parent=5469"}],"curies":[{"name":"wp","href":"https:\/\/api.w.org\/{rel}","templated":true}]}}