{"id":5464,"date":"2016-07-12T22:21:52","date_gmt":"2016-07-12T22:21:52","guid":{"rendered":"https:\/\/orchestrenouvellegeneration.com\/?page_id=5464"},"modified":"2021-03-04T22:15:38","modified_gmt":"2021-03-04T22:15:38","slug":"25-mars-2017","status":"publish","type":"page","link":"https:\/\/orchestrenouvellegeneration.com\/fr\/saison-2016-2017\/25-mars-2017\/","title":{"rendered":"FRANCKment ROMANTIQUE"},"content":{"rendered":"<div class=\"wpb-content-wrapper\"><p>[vc_row][vc_column width=\u00a0\u00bb3\/4&Prime;][vc_column_text]<em>Salle Claude Champagne<\/em><\/p>\n<p>Sous la direction d\u2019Alain Aubut, venez vous joindre \u00e0 l\u2019Orchestre Nouvelle G\u00e9n\u00e9ration et au pianiste de renomm\u00e9e internationale, Dang Thai Son, laur\u00e9at du prix Opus 2016 \u2013 Concert de l\u2019ann\u00e9e, et passer une soir\u00e9e d\u2019aventure romantique qui enflammera votre imagination et emballera votre c\u0153ur.<\/p>\n<p>Au cours d\u2019une soir\u00e9e qui promet d\u2019\u00eatre m\u00e9morable, la fascination s\u2019effectuera gr\u00e2ce \u00e0 la nostalgie de Fantasia\u2026 sul linguaggio perduto du Canadien Marjan Mozetich, l\u2019enchantement se fera gr\u00e2ce \u00e0 la vitalit\u00e9 exub\u00e9rante et \u00e0 l\u2019\u00e9l\u00e9gance de la S\u00e9r\u00e9nade de Josef Suk et la s\u00e9duction s\u2019op\u00e9rera gr\u00e2ce \u00e0 la passion bouleversante et \u00e0 l\u2019expressivit\u00e9 irr\u00e9pressible du Quintette pour piano de Cesar Franck, pi\u00e8ce d\u2019une grande puissance aux proportions quasi-symphoniques.<\/p>\n<p>Vous tomberez sous la charme de la musique dans une ambiance des plus romantiques!<\/p>\n<p><a href=\"http:\/\/www.dangthaison.net\/\" target=\"_blank\" rel=\"noopener\"><strong>Dang\u00a0Thai\u00a0Son<\/strong><\/a>, piano<br \/>\n<strong>Alain Aubut<\/strong>, chef d\u2019orchestre<\/p>\n<p><strong>Programme<\/strong><br \/>\nC\u00c9SAR FRANCK,\u00a0Quintette pour piano et cordes\u00a0(arr. pour piano et\u00a0orchestre \u00e0 cordes)<br \/>\nJOSEF SUK, Serenade<br \/>\nMARJAN MOZETICH, Fantasia\u2026sul linguaggio perduto[\/vc_column_text][\/vc_column][vc_column width=\u00a0\u00bb1\/4&Prime;][vc_single_image image=\u00a0\u00bb7596&Prime; img_size=\u00a0\u00bbfull\u00a0\u00bb add_caption=\u00a0\u00bbyes\u00a0\u00bb onclick=\u00a0\u00bblink_image\u00a0\u00bb][vc_single_image image=\u00a0\u00bb7595&Prime; img_size=\u00a0\u00bbfull\u00a0\u00bb add_caption=\u00a0\u00bbyes\u00a0\u00bb onclick=\u00a0\u00bblink_image\u00a0\u00bb][\/vc_column][\/vc_row]<\/p>\n<\/div>","protected":false},"excerpt":{"rendered":"<p>[vc_row][vc_column width=\u00a0\u00bb3\/4&Prime;][vc_column_text]Salle Claude Champagne Sous la direction d\u2019Alain Aubut, venez vous joindre \u00e0 l\u2019Orchestre Nouvelle G\u00e9n\u00e9ration et au pianiste de renomm\u00e9e internationale, Dang Thai Son, laur\u00e9at<span class=\"excerpt-hellip\"> [\u2026]<\/span><\/p>\n","protected":false},"author":9,"featured_media":0,"parent":5452,"menu_order":0,"comment_status":"closed","ping_status":"open","template":"","meta":{"footnotes":""},"class_list":["post-5464","page","type-page","status-publish","hentry"],"_links":{"self":[{"href":"https:\/\/orchestrenouvellegeneration.com\/fr\/wp-json\/wp\/v2\/pages\/5464","targetHints":{"allow":["GET"]}}],"collection":[{"href":"https:\/\/orchestrenouvellegeneration.com\/fr\/wp-json\/wp\/v2\/pages"}],"about":[{"href":"https:\/\/orchestrenouvellegeneration.com\/fr\/wp-json\/wp\/v2\/types\/page"}],"author":[{"embeddable":true,"href":"https:\/\/orchestrenouvellegeneration.com\/fr\/wp-json\/wp\/v2\/users\/9"}],"replies":[{"embeddable":true,"href":"https:\/\/orchestrenouvellegeneration.com\/fr\/wp-json\/wp\/v2\/comments?post=5464"}],"version-history":[{"count":23,"href":"https:\/\/orchestrenouvellegeneration.com\/fr\/wp-json\/wp\/v2\/pages\/5464\/revisions"}],"predecessor-version":[{"id":8025,"href":"https:\/\/orchestrenouvellegeneration.com\/fr\/wp-json\/wp\/v2\/pages\/5464\/revisions\/8025"}],"up":[{"embeddable":true,"href":"https:\/\/orchestrenouvellegeneration.com\/fr\/wp-json\/wp\/v2\/pages\/5452"}],"wp:attachment":[{"href":"https:\/\/orchestrenouvellegeneration.com\/fr\/wp-json\/wp\/v2\/media?parent=5464"}],"curies":[{"name":"wp","href":"https:\/\/api.w.org\/{rel}","templated":true}]}}