{"id":5460,"date":"2016-07-12T22:17:16","date_gmt":"2016-07-12T22:17:16","guid":{"rendered":"https:\/\/orchestrenouvellegeneration.com\/?page_id=5460"},"modified":"2021-03-04T22:11:59","modified_gmt":"2021-03-04T22:11:59","slug":"21-janvier-2017","status":"publish","type":"page","link":"https:\/\/orchestrenouvellegeneration.com\/fr\/saison-2016-2017\/21-janvier-2017\/","title":{"rendered":"VIVALDI SANS FRONTI\u00c8RES"},"content":{"rendered":"<div class=\"wpb-content-wrapper\"><p>[vc_row][vc_column width=\u00a0\u00bb3\/4&Prime;][vc_column_text]<em>Salle Claude Champagne<\/em><\/p>\n<p>Sous la direction de Alain Aubut et avec les solistes de l\u2019Orchestre Nouvelle G\u00e9n\u00e9ration, venez vous d\u00e9lecter de l\u2019irr\u00e9sistible musique du flamboyant pr\u00eatre roux v\u00e9nitien du XVIIIe si\u00e8cle \u2013 Antonio Vivaldi. Son g\u00e9nie et son imagination sans fin, parfois ludique, humoristique, lyrique, triste et dramatique, trouveront \u00e9cho tout au long de la soir\u00e9e dans les \u0153uvres du XXe si\u00e8cle de Shostakovich, Barber et Nino Rota.<\/p>\n<p>La soir\u00e9e pr\u00e9sentera \u00e9galement la premi\u00e8re mondiale de \u201cVivaldi Goes Clubbing in London\u201d de Leon Haxby. Jeune compositeur Britannique de 23 ans et vainqueur du concours de composition de l\u2019ONG sous le th\u00e8me cette ann\u00e9e \u00ab Les folles aventures de Vivaldi au 21e si\u00e8cle \u00bb<\/p>\n<p>Ce concert comblera vos oreilles de musique virtuose voyageant d\u2019un pass\u00e9 lointain jusqu\u2019aux rues contemporaine de Londres. Une belle fa\u00e7on de commencer 2017 !<\/p>\n<p><strong>Solistes de l\u2019Orchestre Nouvelle G\u00e9n\u00e9ration<\/strong><br \/>\n<strong>Alain Aubut<\/strong>, chef d\u2019orchestre<\/p>\n<p><strong>Programme<\/strong><br \/>\nANTONIO VIVALDI, Divers Concertos<br \/>\nDMITRI\u00a0CHOSTAKOVITCH,<strong>\u00a0<\/strong>\u00c9l\u00e9gi<wbr \/>e et Polka\u00a0Op.36<br \/>\nNINO ROTA, Concerto per archi<br \/>\nLEON HAXBY,<strong>\u00a0\u00a0<\/strong>Vivaldi Goes Clubbing in London<br \/>\n<em>L\u2019\u0153uvre gagnante de Concours de Composition d\u2019Orchestre Nouvelle G\u00e9n\u00e9ration 2016-2017<\/em>[\/vc_column_text][\/vc_column][vc_column width=\u00a0\u00bb1\/4&Prime;][vc_single_image image=\u00a0\u00bb7595&Prime; img_size=\u00a0\u00bbfull\u00a0\u00bb add_caption=\u00a0\u00bbyes\u00a0\u00bb onclick=\u00a0\u00bblink_image\u00a0\u00bb][\/vc_column][\/vc_row]<\/p>\n<\/div>","protected":false},"excerpt":{"rendered":"<p>[vc_row][vc_column width=\u00a0\u00bb3\/4&Prime;][vc_column_text]Salle Claude Champagne Sous la direction de Alain Aubut et avec les solistes de l\u2019Orchestre Nouvelle G\u00e9n\u00e9ration, venez vous d\u00e9lecter de l\u2019irr\u00e9sistible musique du flamboyant<span class=\"excerpt-hellip\"> [\u2026]<\/span><\/p>\n","protected":false},"author":9,"featured_media":0,"parent":5452,"menu_order":0,"comment_status":"closed","ping_status":"open","template":"","meta":{"footnotes":""},"class_list":["post-5460","page","type-page","status-publish","hentry"],"_links":{"self":[{"href":"https:\/\/orchestrenouvellegeneration.com\/fr\/wp-json\/wp\/v2\/pages\/5460","targetHints":{"allow":["GET"]}}],"collection":[{"href":"https:\/\/orchestrenouvellegeneration.com\/fr\/wp-json\/wp\/v2\/pages"}],"about":[{"href":"https:\/\/orchestrenouvellegeneration.com\/fr\/wp-json\/wp\/v2\/types\/page"}],"author":[{"embeddable":true,"href":"https:\/\/orchestrenouvellegeneration.com\/fr\/wp-json\/wp\/v2\/users\/9"}],"replies":[{"embeddable":true,"href":"https:\/\/orchestrenouvellegeneration.com\/fr\/wp-json\/wp\/v2\/comments?post=5460"}],"version-history":[{"count":23,"href":"https:\/\/orchestrenouvellegeneration.com\/fr\/wp-json\/wp\/v2\/pages\/5460\/revisions"}],"predecessor-version":[{"id":8023,"href":"https:\/\/orchestrenouvellegeneration.com\/fr\/wp-json\/wp\/v2\/pages\/5460\/revisions\/8023"}],"up":[{"embeddable":true,"href":"https:\/\/orchestrenouvellegeneration.com\/fr\/wp-json\/wp\/v2\/pages\/5452"}],"wp:attachment":[{"href":"https:\/\/orchestrenouvellegeneration.com\/fr\/wp-json\/wp\/v2\/media?parent=5460"}],"curies":[{"name":"wp","href":"https:\/\/api.w.org\/{rel}","templated":true}]}}