{"id":5456,"date":"2016-07-12T22:07:47","date_gmt":"2016-07-12T22:07:47","guid":{"rendered":"https:\/\/orchestrenouvellegeneration.com\/?page_id=5456"},"modified":"2021-03-04T22:05:53","modified_gmt":"2021-03-04T22:05:53","slug":"10-decembre-2016","status":"publish","type":"page","link":"https:\/\/orchestrenouvellegeneration.com\/fr\/saison-2016-2017\/10-decembre-2016\/","title":{"rendered":"LES TROIS VISAGES DE L\u2019\u00c9B\u00c8NE"},"content":{"rendered":"<div class=\"wpb-content-wrapper\"><p>[vc_row][vc_column width=\u00a0\u00bb3\/4&Prime;][vc_column_text]<em>Salle Claude Champagne<\/em><\/p>\n<p>L\u2019Orchestre Nouvelle G\u00e9n\u00e9ration , sous la direction du chef Airat Ichmouratov et en compagnie du clarinettiste Mark Simons et du pianiste Matt Herskowitz, ouvre sa saison 2016-2017 avec un concert \u00e9clat\u00e9, mettant en lumi\u00e8re les diff\u00e9rentes facettes et couleurs que ce fantastique instrument qu\u2019est la clarinette.<\/p>\n<p>Musiques classique, klezmer et jazz seront \u00e0 l\u2019honneur, dans un programme b\u00e2ti autour du c\u00e9l\u00e8bre Rhapsody in Blue de Georges Gershwin, dans un arrangement clarinette\/piano et orchestre \u00e0 cordes . \u00c9galement au programme: le vif et color\u00e9 Concerto en r\u00e9 majeur d\u2019Igor Stravinski, le poignant po\u00e8me lyrique Shoushanik du compositeur arm\u00e9nien Edward Mirzoyan et l\u2019exub\u00e9rante S\u00e9r\u00e9nade pour cordes du su\u00e9dois Dag Wir\u00e8n.<\/p>\n<p>Un rendez-vous \u00e0 ne pas manquer!<\/p>\n<p><strong>Mark Simons<\/strong>, clarinette<br \/>\n<strong>Matt Herskowitz<\/strong>, piano<br \/>\n<strong>Airat Ichmouratov<\/strong>, chef d\u2019orchestre<\/p>\n<p><strong>Programme<\/strong><br \/>\nGEORGE GERSHWIN, Rhapsody In Blue\u00a0pour clarinette, piano et orchestre \u00e0 cordes<br \/>\n<em>(arr:\u00a0Mark Simons\/Matt Herskowitz\u00a0&amp; Louis Sauter)<\/em><br \/>\nHAROLD SELETSKY,\u00a0\u00a0Klezmer Fantasy\u00a0pour clarinette\u00a0et orchestre \u00e0 cordes<br \/>\nWOLFGANG\u00a0AMADEUS MOZART, Larghetto pour clarinette\u00a0et orchestre \u00e0 cordes<br \/>\nDAG WIR\u00c8N,\u00a0Serenade<em>\u00a0<\/em>pour cordes<br \/>\nEDWARD MIRZOYAN, Shoushanik<br \/>\nIGOR STRAVINSKY,\u00a0Concerto en r\u00e9 pour orchestre \u00e0 cordes[\/vc_column_text][\/vc_column][vc_column width=\u00a0\u00bb1\/4&Prime;][vc_single_image image=\u00a0\u00bb7593&Prime; img_size=\u00a0\u00bbfull\u00a0\u00bb add_caption=\u00a0\u00bbyes\u00a0\u00bb onclick=\u00a0\u00bblink_image\u00a0\u00bb][vc_single_image image=\u00a0\u00bb7594&Prime; img_size=\u00a0\u00bbfull\u00a0\u00bb add_caption=\u00a0\u00bbyes\u00a0\u00bb onclick=\u00a0\u00bblink_image\u00a0\u00bb][vc_single_image image=\u00a0\u00bb7592&Prime; img_size=\u00a0\u00bbfull\u00a0\u00bb add_caption=\u00a0\u00bbyes\u00a0\u00bb onclick=\u00a0\u00bblink_image\u00a0\u00bb][\/vc_column][\/vc_row]<\/p>\n<\/div>","protected":false},"excerpt":{"rendered":"<p>[vc_row][vc_column width=\u00a0\u00bb3\/4&Prime;][vc_column_text]Salle Claude Champagne L\u2019Orchestre Nouvelle G\u00e9n\u00e9ration , sous la direction du chef Airat Ichmouratov et en compagnie du clarinettiste Mark Simons et du pianiste Matt<span class=\"excerpt-hellip\"> [\u2026]<\/span><\/p>\n","protected":false},"author":9,"featured_media":0,"parent":5452,"menu_order":0,"comment_status":"closed","ping_status":"open","template":"","meta":{"footnotes":""},"class_list":["post-5456","page","type-page","status-publish","hentry"],"_links":{"self":[{"href":"https:\/\/orchestrenouvellegeneration.com\/fr\/wp-json\/wp\/v2\/pages\/5456","targetHints":{"allow":["GET"]}}],"collection":[{"href":"https:\/\/orchestrenouvellegeneration.com\/fr\/wp-json\/wp\/v2\/pages"}],"about":[{"href":"https:\/\/orchestrenouvellegeneration.com\/fr\/wp-json\/wp\/v2\/types\/page"}],"author":[{"embeddable":true,"href":"https:\/\/orchestrenouvellegeneration.com\/fr\/wp-json\/wp\/v2\/users\/9"}],"replies":[{"embeddable":true,"href":"https:\/\/orchestrenouvellegeneration.com\/fr\/wp-json\/wp\/v2\/comments?post=5456"}],"version-history":[{"count":23,"href":"https:\/\/orchestrenouvellegeneration.com\/fr\/wp-json\/wp\/v2\/pages\/5456\/revisions"}],"predecessor-version":[{"id":8020,"href":"https:\/\/orchestrenouvellegeneration.com\/fr\/wp-json\/wp\/v2\/pages\/5456\/revisions\/8020"}],"up":[{"embeddable":true,"href":"https:\/\/orchestrenouvellegeneration.com\/fr\/wp-json\/wp\/v2\/pages\/5452"}],"wp:attachment":[{"href":"https:\/\/orchestrenouvellegeneration.com\/fr\/wp-json\/wp\/v2\/media?parent=5456"}],"curies":[{"name":"wp","href":"https:\/\/api.w.org\/{rel}","templated":true}]}}