{"id":5404,"date":"2016-01-06T00:17:37","date_gmt":"2016-01-06T00:17:37","guid":{"rendered":"https:\/\/orchestrenouvellegeneration.com\/?page_id=5404"},"modified":"2016-01-06T00:17:37","modified_gmt":"2016-01-06T00:17:37","slug":"gagnant-du-concours-de-composition-2015","status":"publish","type":"page","link":"https:\/\/orchestrenouvellegeneration.com\/fr\/lorchestre-de-chambre-nouvelle-generation-concours-de-composition\/gagnant-du-concours-de-composition-2015\/","title":{"rendered":"Gagnant du concours de composition 2015"},"content":{"rendered":"<p><img loading=\"lazy\" decoding=\"async\" src=\"https:\/\/orchestrenouvellegeneration.com\/wp-content\/uploads\/2016\/01\/laurencejobidon.jpg\" alt=\"\" title=\"Laurence Jobidon\" width=\"400\" height=\"300\" class=\"alignright size-full wp-image-5402\" style=\"margin-top: 1px; margin-left: 10px; margin-bottom: 10px; border-width: 1px; border-style: solid; border-color: #333;\" srcset=\"https:\/\/orchestrenouvellegeneration.com\/wp-content\/uploads\/2016\/01\/laurencejobidon.jpg 400w, https:\/\/orchestrenouvellegeneration.com\/wp-content\/uploads\/2016\/01\/laurencejobidon-300x225.jpg 300w, https:\/\/orchestrenouvellegeneration.com\/wp-content\/uploads\/2016\/01\/laurencejobidon-288x216.jpg 288w, https:\/\/orchestrenouvellegeneration.com\/wp-content\/uploads\/2016\/01\/laurencejobidon-250x187.jpg 250w\" sizes=\"auto, (max-width:767px) 400px, 400px\" \/>Compositrice et organiste qu\u00e9b\u00e9coise, Laurence Jobidon a grandi dans la r\u00e9gion de Qu\u00e9bec o\u00f9 elle a poursuivi des \u00e9tudes au Conservatoire de Musique de Qu\u00e9bec en piano (classe de Suzanne Beaubien-Lowe), puis en orgue (classe de Danny B\u00e9lisle). C\u2019est \u00e9galement au sein de cette institution qu\u2019elle a fait ses premi\u00e8res armes en composition, dans la classe de Yannick Plamondon et o\u00f9 elle a fait un passage remarqu\u00e9, en remportant notamment la prestigieuse bourse des professeurs du Conservatoire remise \u00e0 l\u2019\u00e9tudiant le plus prometteur des cycles sup\u00e9rieurs. Dans le milieu de l\u2019orgue, elle s\u2019est illustr\u00e9e dans diff\u00e9rents concours (1e place au Concours de musique du Canada en 2007 et 2013, 1e place au Festival concours de Rivi\u00e8re-du-Loup, finaliste au Concours d\u2019orgue Claude-Lavoie) et a jou\u00e9 en concert lors de diff\u00e9rents \u00e9v\u00e8nements \u00e0 Qu\u00e9bec, Montr\u00e9al et Sherbrooke, notamment. Depuis 2014, elle s\u2019est \u00e9galement remise activement \u00e0 la composition, cette fois comme \u00e9l\u00e8ve du tr\u00e8s renomm\u00e9 compositeur canadien Andrew MacDonald (prix Juno 1995 pour son \u00ab Concerto pour violon \u00bb). Elle a compos\u00e9 pour une vari\u00e9t\u00e9 de formations musicales, notamment pour orgue solo (Fantaisie sur \u00ab \u00c0 la Claire Fontaine \u00bb), pour flute et piano (Suite \u00ab Odysseus \u00bb), pour quatuor \u00e0 cordes (The Gypsy String Quartet) et pour piano solo (Nanokosmos : the Octatonic Drift of a Mechanical World).<\/p>\n","protected":false},"excerpt":{"rendered":"<p>Compositrice et organiste qu\u00e9b\u00e9coise, Laurence Jobidon a grandi dans la r\u00e9gion de Qu\u00e9bec o\u00f9 elle a poursuivi des \u00e9tudes au Conservatoire de Musique de Qu\u00e9bec en<span class=\"excerpt-hellip\"> [\u2026]<\/span><\/p>\n","protected":false},"author":9,"featured_media":0,"parent":5353,"menu_order":0,"comment_status":"closed","ping_status":"open","template":"","meta":{"footnotes":""},"class_list":["post-5404","page","type-page","status-publish","hentry"],"_links":{"self":[{"href":"https:\/\/orchestrenouvellegeneration.com\/fr\/wp-json\/wp\/v2\/pages\/5404","targetHints":{"allow":["GET"]}}],"collection":[{"href":"https:\/\/orchestrenouvellegeneration.com\/fr\/wp-json\/wp\/v2\/pages"}],"about":[{"href":"https:\/\/orchestrenouvellegeneration.com\/fr\/wp-json\/wp\/v2\/types\/page"}],"author":[{"embeddable":true,"href":"https:\/\/orchestrenouvellegeneration.com\/fr\/wp-json\/wp\/v2\/users\/9"}],"replies":[{"embeddable":true,"href":"https:\/\/orchestrenouvellegeneration.com\/fr\/wp-json\/wp\/v2\/comments?post=5404"}],"version-history":[{"count":1,"href":"https:\/\/orchestrenouvellegeneration.com\/fr\/wp-json\/wp\/v2\/pages\/5404\/revisions"}],"predecessor-version":[{"id":5405,"href":"https:\/\/orchestrenouvellegeneration.com\/fr\/wp-json\/wp\/v2\/pages\/5404\/revisions\/5405"}],"up":[{"embeddable":true,"href":"https:\/\/orchestrenouvellegeneration.com\/fr\/wp-json\/wp\/v2\/pages\/5353"}],"wp:attachment":[{"href":"https:\/\/orchestrenouvellegeneration.com\/fr\/wp-json\/wp\/v2\/media?parent=5404"}],"curies":[{"name":"wp","href":"https:\/\/api.w.org\/{rel}","templated":true}]}}