{"id":5370,"date":"2015-10-10T20:16:41","date_gmt":"2015-10-10T20:16:41","guid":{"rendered":"https:\/\/orchestrenouvellegeneration.com\/?page_id=5370"},"modified":"2021-03-12T14:57:09","modified_gmt":"2021-03-12T14:57:09","slug":"un-mot-de-natasha-2015-2016","status":"publish","type":"page","link":"https:\/\/orchestrenouvellegeneration.com\/fr\/un-mot-de-natasha-2015-2016\/","title":{"rendered":"Un mot de Natasha"},"content":{"rendered":"<div class=\"wpb-content-wrapper\"><p>[vc_row][vc_column width=\u00a0\u00bb1\/4&Prime;][vc_single_image image=\u00a0\u00bb7387&Prime; img_size=\u00a0\u00bbfull\u00a0\u00bb add_caption=\u00a0\u00bbyes\u00a0\u00bb alignment=\u00a0\u00bbcenter\u00a0\u00bb onclick=\u00a0\u00bblink_image\u00a0\u00bb][\/vc_column][vc_column width=\u00a0\u00bb3\/4&Prime;][vc_column_text]J\u2019ai toujours \u00e9t\u00e9 curieuse, pas tellement du \u00ab\u00a0quand\u00a0\u00bb, mais plut\u00f4t du \u00ab\u00a0comment\u00a0\u00bb chaque individu franchie la fronti\u00e8re vers la maturit\u00e9. Quel fut le premier signe \u00e0 en t\u00e9moigner?<\/p>\n<p>Enfant, j\u2019aimais jouer, et \u00e9couter, plus particuli\u00e8rement, exclusivement la musique \u00e9crite en mineur. Le plus triste possible \u00e9tait le mieux! Je ne retrouvais pas la beaut\u00e9 dans la musique \u00ab\u00a0joyeuse\u00a0\u00bb, comme si seule la musique triste pouvait me rendre heureuse. Puis un jour, pendant que je choisissais quelle sonate pour violon de Brahms j\u2019allais apprendre, \u00e0 ma grande surprise, je choisie celle en la majeur\u2026 et ai alors r\u00e9alis\u00e9 que j\u2019avais m\u00fbri\u2026 la musique \u00ab\u00a0joyeuse\u00a0\u00bb pouvais me rendre heureuse\u00a0!<\/p>\n<p>Bien s\u00fbr, autant qu\u2019il n\u2019y a pas de couleur purement blanche ou noire dans la nature, (du moins c\u2019est ce qu\u2019on m\u2019a appris \u00e0 l\u2019\u00e9cole des beaux-art), il n\u2019y a pas de musique purement joyeuse ou triste. Mais peu importe l\u2019adjectif que l\u2019on utilise, une bonne musique r\u00e9ussit toujours \u00e0 nous envouter \u00e9motionnellement et parfois m\u00eame, nous permet de d\u00e9couvrir quelque chose de nous-m\u00eame que nous n\u2019aurions pas appris autrement.<\/p>\n<p>Notre cinqui\u00e8me saison d\u00e9bute avec l\u2019un de nos plus beaux souvenirs, celui de notre premier concert de mai 2011 o\u00f9 nous avions jou\u00e9 Souvenir de Florence, de Tchaikovsky. De la musique magnifiquement nostalgique qui ram\u00e8ne des souvenirs nostalgiquement magnifiques\u2026<\/p>\n<p>Tout au long de la saison, en compagnie de Mozart, Chostakovitch, Saint-Sa\u00ebns, Dvorak, Schnittke, Paganini, Belkin, Elgar, Kapustin, Shchedrin, Ichmouratov, Piazzolla, pour n\u2019en nommer que quelques uns, nous allons explorer toute une gamme d\u2019\u00e9motions\u00a0: du chagrin \u00e0 l\u2019\u00e9gaiement, du tragique au comique, du serein \u00e0 la passion, prouvant encore une fois que la musique peut, qu\u2019elle soit \u00e9crite en majeur ou en mineur, nous rendre heureux.<\/p>\n<p>Apr\u00e8s-tout, la beaut\u00e9 n\u2019est-elle pas dans l\u2019oreille du spectateur ?<\/p>\n<p align=\"center\"><img decoding=\"async\" src=\"https:\/\/orchestrenouvellegeneration.com\/wp-content\/uploads\/2013\/06\/signature_NT_FR.gif\" alt=\"\" \/><\/p>\n<p>[\/vc_column_text][\/vc_column][\/vc_row][vc_row][vc_column][vc_column_text]<strong>Lire les mots pr\u00e9c\u00e9dents<\/strong><\/p>\n<p><em><a href=\"\/fr\/un-mot-de-natasha-2018-2019\/\">Mot 2018-2019<\/a><\/em><br \/>\n<em><a href=\"\/fr\/un-mot-de-natasha-2017-2018\/\">Mot 2017-2018<\/a><\/em><br \/>\n<em><a href=\"\/fr\/un-mot-de-natasha-2016-2017\/\">Mot 2016-2017<\/a><\/em><br \/>\n<em><a href=\"\/fr\/un-mot-de-natasha-2015-2016\/\">Mot 2015-2016<\/a><\/em><br \/>\n<em><a href=\"\/fr\/un-mot-de-natasha-2014-2015\/\">Mot 2014-2015<\/a><\/em>[\/vc_column_text][\/vc_column][\/vc_row]<\/p>\n<\/div>","protected":false},"excerpt":{"rendered":"<p>[vc_row][vc_column width=\u00a0\u00bb1\/4&Prime;][vc_single_image image=\u00a0\u00bb7387&Prime; img_size=\u00a0\u00bbfull\u00a0\u00bb add_caption=\u00a0\u00bbyes\u00a0\u00bb alignment=\u00a0\u00bbcenter\u00a0\u00bb onclick=\u00a0\u00bblink_image\u00a0\u00bb][\/vc_column][vc_column width=\u00a0\u00bb3\/4&Prime;][vc_column_text]J\u2019ai toujours \u00e9t\u00e9 curieuse, pas tellement du \u00ab\u00a0quand\u00a0\u00bb, mais plut\u00f4t du \u00ab\u00a0comment\u00a0\u00bb chaque individu franchie la fronti\u00e8re vers la<span class=\"excerpt-hellip\"> [\u2026]<\/span><\/p>\n","protected":false},"author":9,"featured_media":0,"parent":0,"menu_order":0,"comment_status":"closed","ping_status":"open","template":"","meta":{"footnotes":""},"class_list":["post-5370","page","type-page","status-publish","hentry"],"_links":{"self":[{"href":"https:\/\/orchestrenouvellegeneration.com\/fr\/wp-json\/wp\/v2\/pages\/5370","targetHints":{"allow":["GET"]}}],"collection":[{"href":"https:\/\/orchestrenouvellegeneration.com\/fr\/wp-json\/wp\/v2\/pages"}],"about":[{"href":"https:\/\/orchestrenouvellegeneration.com\/fr\/wp-json\/wp\/v2\/types\/page"}],"author":[{"embeddable":true,"href":"https:\/\/orchestrenouvellegeneration.com\/fr\/wp-json\/wp\/v2\/users\/9"}],"replies":[{"embeddable":true,"href":"https:\/\/orchestrenouvellegeneration.com\/fr\/wp-json\/wp\/v2\/comments?post=5370"}],"version-history":[{"count":6,"href":"https:\/\/orchestrenouvellegeneration.com\/fr\/wp-json\/wp\/v2\/pages\/5370\/revisions"}],"predecessor-version":[{"id":8163,"href":"https:\/\/orchestrenouvellegeneration.com\/fr\/wp-json\/wp\/v2\/pages\/5370\/revisions\/8163"}],"wp:attachment":[{"href":"https:\/\/orchestrenouvellegeneration.com\/fr\/wp-json\/wp\/v2\/media?parent=5370"}],"curies":[{"name":"wp","href":"https:\/\/api.w.org\/{rel}","templated":true}]}}