{"id":5353,"date":"2015-09-26T23:41:02","date_gmt":"2015-09-26T23:41:02","guid":{"rendered":"https:\/\/orchestrenouvellegeneration.com\/?page_id=5353"},"modified":"2016-09-25T17:29:42","modified_gmt":"2016-09-25T17:29:42","slug":"lorchestre-de-chambre-nouvelle-generation-concours-de-composition","status":"publish","type":"page","link":"https:\/\/orchestrenouvellegeneration.com\/fr\/lorchestre-de-chambre-nouvelle-generation-concours-de-composition\/","title":{"rendered":"L&rsquo;Orchestre de chambre Nouvelle G\u00e9n\u00e9ration &#8211; Concours de composition"},"content":{"rendered":"<p>L\u2019Orchestre de chambre Nouvelle G\u00e9n\u00e9ration est heureux d\u2019inviter les jeunes compositeurs \u00e2g\u00e9s de 35 ans et moins, de toutes nationalit\u00e9s, \u00e0 soumettre une \u0153uvre nouvelle sur le th\u00e8me \u00a0\u00bb Les folles aventures de Vivaldi au 21e si\u00e8cle \u00a0\u00bb<\/p>\n<p>L\u2019\u0153uvre gagnante sera interpr\u00e9t\u00e9e par l\u2019Orchestre de chambre Nouvelle G\u00e9n\u00e9ration lors de son concert du samedi 21 janvier 2017 \u00e0 la Salle Claude-Champagne de Montr\u00e9al au Canada, et intitul\u00e9e \u00ab<a title=\"21 janvier\u00a02017\" href=\"https:\/\/orchestrenouvellegeneration.com\/?page_id=5460&amp;lang=fr\">VIVALDI SANS FRONTI\u00c8RES<\/a>\u00bb. Le laur\u00e9at recevra un enregistrement professionnel de son \u0153uvre quelques semaines apr\u00e8s le concert.<\/p>\n<p><strong>\u00c0 propos de l&rsquo;oevre<\/strong><\/p>\n<p>Imaginez Vivaldi se promenant\u00a0\u00e0 notre \u00e9poque dans les rues de Montr\u00e9al, New York, Paris, Moscou, Londres \u00a0ou &#8211; de votre ville. L\u2019id\u00e9e est d\u2019\u00e9crire une pi\u00e8ce\u00a0\u00e0 l\u2019image de ce que nous donnerait \u00e0 entendre Vivaldi vivant aujourd\u2019hui. Quelle partition \u00e9mergerait de sa g\u00e9n\u00e9tique musicale avec les influences de notre quotidien. Il ne s\u2019agit pas de faire un pastiche ici mais bien d\u2019entrevoir\u00a0ce que sa marque, sa facture musicale serait sous l\u2019influence de notre \u00e9poque.<\/p>\n<p><strong>Les conditions requises :<\/strong><\/p>\n<ol>\n<li>La dur\u00e9e de l\u2019oeuvre doit varier entre 5 et 7 minutes.<\/li>\n<li>L\u2019instrumentation est celle d\u2019un orchestre \u00e0 cordes (4+4+3+2+1).<\/li>\n<li>Tout en respectant le th\u00e8me de ce concours, une version l\u00e9g\u00e8rement modifi\u00e9e du titre pourrait y \u00eatre ajout\u00e9e, \u00e0 votre discr\u00e9tion.<\/li>\n<\/ol>\n<p><strong>Les exigences et les principes de base :<\/strong><\/p>\n<ul style=\"list-style: disc inside none;\">\n<li>Les \u0153uvres doivent \u00eatre in\u00e9dites (non publi\u00e9es).<\/li>\n<li>Les compositeurs doivent avoir au maximum 35 ans au 1er janvier 2017.<\/li>\n<li>Une seule \u0153uvre par compositeur.<\/li>\n<li>Nous encourageons les envois \u00e9lectroniques \u00e0 info@orchestrenouvellegeneration.com.<\/li>\n<li>Soumissions: Les partitions en format PDF, accompagn\u00e9es par des enregistrements Live ou midi au format MP3 doivent \u00eatre soumises\u00a0\u00e0\u00a0<a href=\"mailto:info@orchestrenouvellegeneration.com\">info@orchestrenouvellegeneration.com<\/a><\/li>\n<li>Le FORMULAIRE D\u2019INSCRIPTION doit \u00eatre rempli et inclus avec votre soumission.<\/li>\n<li>Veuillez s&amp;#39;il vous plait\u00a0 intitul\u00e9 le sujet de courriel\u00a0:\u00a0ONG Concours de Composition 2016-2017<\/li>\n<\/ul>\n<p><strong>DATE LIMITE DU CONCOURS<\/strong><\/p>\n<ul style=\"list-style: disc inside none;\">\n<li>Les documents doivent \u00eatre re\u00e7us au plus tard\u00a0<strong>le 18 d\u00e9cembre 2016<\/strong>.<\/li>\n<\/ul>\n<p><strong>FRAIS DE PARTICIPATION<\/strong><\/p>\n<ul style=\"list-style: disc inside none;\">\n<li>Aucun.<\/li>\n<\/ul>\n<p><strong>S\u00c9LECTION<\/strong><\/p>\n<ul style=\"list-style: disc outside none;\">\n<li>Le gagnant sera avis\u00e9 au plus tard\u00a0<strong>le 26 d\u00e9cembre 2016<\/strong>.<\/li>\n<li>Le gagnant sera tenu de fournir les partitions d\u2019orchestre au plus tard\u00a0<strong>le 5 janvier 2017<\/strong>.<\/li>\n<li>La pr\u00e9sence du compositeur gagnant \u00e0 la performance de l\u2019\u0153uvre serait appr\u00e9ci\u00e9e, mais non obligatoire. Un enregistrement professionnel de la performance sera remis au compositeur sur format CD et\/ou DVD.*Veuillez noter que cet enregistrement est r\u00e9serv\u00e9 uniquement \u00e0 un usage promotionnel.<\/li>\n<li>Le compositeur conserve tous ses droits d\u2019auteur.<\/li>\n<li>L\u2019orchestre de Chambre Nouvelle g\u00e9n\u00e9ration se reserve le droit de ne pas choisir de gagnant.<\/li>\n<\/ul>\n<p>Pour tout renseignement suppl\u00e9mentaire, veuillez nous contacter au\u00a0<a href=\"mailto:info@orchestrenouvellegeneration.com\">info@orchestrenouvellegeneration.com<\/a>.<\/p>\n<p><strong>Bon Succ\u00e8s!<\/strong><\/p>\n<p><a href=\"https:\/\/orchestrenouvellegeneration.com\/wp-content\/uploads\/2016\/09\/ONGCCPDF-Fr.pdf\"><strong>\u00bb\u00bb T\u00e9l\u00e9charger le formulaire d\u2019inscription (PDF)<\/strong><\/a><\/p>\n<p><strong><span style=\"color: #ff0000;\">* Les gagnants des ann\u00e9es pr\u00e9c\u00e9dentes ne peuvent se pr\u00e9senter de nouveau.<\/span><\/strong><\/p>\n","protected":false},"excerpt":{"rendered":"<p>L\u2019Orchestre de chambre Nouvelle G\u00e9n\u00e9ration est heureux d\u2019inviter les jeunes compositeurs \u00e2g\u00e9s de 35 ans et moins, de toutes nationalit\u00e9s, \u00e0 soumettre une \u0153uvre nouvelle sur<span class=\"excerpt-hellip\"> [\u2026]<\/span><\/p>\n","protected":false},"author":9,"featured_media":0,"parent":0,"menu_order":0,"comment_status":"closed","ping_status":"open","template":"","meta":{"footnotes":""},"class_list":["post-5353","page","type-page","status-publish","hentry"],"_links":{"self":[{"href":"https:\/\/orchestrenouvellegeneration.com\/fr\/wp-json\/wp\/v2\/pages\/5353","targetHints":{"allow":["GET"]}}],"collection":[{"href":"https:\/\/orchestrenouvellegeneration.com\/fr\/wp-json\/wp\/v2\/pages"}],"about":[{"href":"https:\/\/orchestrenouvellegeneration.com\/fr\/wp-json\/wp\/v2\/types\/page"}],"author":[{"embeddable":true,"href":"https:\/\/orchestrenouvellegeneration.com\/fr\/wp-json\/wp\/v2\/users\/9"}],"replies":[{"embeddable":true,"href":"https:\/\/orchestrenouvellegeneration.com\/fr\/wp-json\/wp\/v2\/comments?post=5353"}],"version-history":[{"count":7,"href":"https:\/\/orchestrenouvellegeneration.com\/fr\/wp-json\/wp\/v2\/pages\/5353\/revisions"}],"predecessor-version":[{"id":5589,"href":"https:\/\/orchestrenouvellegeneration.com\/fr\/wp-json\/wp\/v2\/pages\/5353\/revisions\/5589"}],"wp:attachment":[{"href":"https:\/\/orchestrenouvellegeneration.com\/fr\/wp-json\/wp\/v2\/media?parent=5353"}],"curies":[{"name":"wp","href":"https:\/\/api.w.org\/{rel}","templated":true}]}}