{"id":5329,"date":"2015-08-17T22:57:48","date_gmt":"2015-08-17T22:57:48","guid":{"rendered":"https:\/\/orchestrenouvellegeneration.com\/?page_id=5329"},"modified":"2015-08-17T22:59:57","modified_gmt":"2015-08-17T22:59:57","slug":"2015-2016-abonnement","status":"publish","type":"page","link":"https:\/\/orchestrenouvellegeneration.com\/fr\/saison-2015-2016\/2015-2016-abonnement\/","title":{"rendered":"2015-2016 abonnement"},"content":{"rendered":"<p>[two_third_column][pricing_table columns=\u00a0\u00bb2&Prime;]<\/p>\n<p>[pricing_column title=\u00a0\u00bbAdulte\u00a0\u00bb]<\/p>\n<form target=\"paypal\" action=\"https:\/\/www.paypal.com\/cgi-bin\/webscr\" method=\"post\">\n<input type=\"hidden\" name=\"cmd\" value=\"_s-xclick\"><br \/>\n<input type=\"hidden\" name=\"hosted_button_id\" value=\"T4ZKRZWSQJMCS\"><\/p>\n<table width=\"100%\">\n<tr>\n<td align=\"center\" valign=\"top\">\n<h3><strong>125.00 $<\/strong><\/h3>\n<\/td>\n<\/tr>\n<tr>\n<td><input type=\"hidden\" name=\"on0\" value=\"Quantit\u00e9\"><strong>Quantit\u00e9<\/strong><\/td>\n<\/tr>\n<tr>\n<td><select name=\"os0\"><option value=\"1\">1 $125.00 CAD<\/option><option value=\"2\">2 $250.00 CAD<\/option><option value=\"3\">3 $375.00 CAD<\/option><option value=\"4\">4 $500.00 CAD<\/option><\/select> <\/td>\n<\/tr>\n<tr>\n<td><input type=\"hidden\" name=\"on1\" value=\"Pr\u00e9f\u00e9rence\"><strong>Pr\u00e9f\u00e9rence<\/strong><\/td>\n<\/tr>\n<tr>\n<td><select name=\"os1\"><option value=\"Meilleur(s) si\u00e8ge(s)\">Meilleur(s) si\u00e8ge(s) <\/option><option value=\"Parterre\">Parterre <\/option><option value=\"Balcon\">Balcon <\/option><\/select> <\/td>\n<\/tr>\n<\/table>\n<p><input type=\"hidden\" name=\"currency_code\" value=\"CAD\"><br \/>\n<input type=\"image\" src=\"https:\/\/orchestrenouvellegeneration.com\/wp-content\/uploads\/2014\/06\/achetez.jpg\" border=\"0\" name=\"submit\" alt=\"PayPal - The safer, easier way to pay online!\"><br \/>\n<img loading=\"lazy\" decoding=\"async\" alt=\"\" border=\"0\" src=\"https:\/\/www.paypalobjects.com\/en_US\/i\/scr\/pixel.gif\" width=\"1\" height=\"1\"><br \/>\n<\/form>\n<p>[\/pricing_column]<\/p>\n<p>[pricing_column title=\u00a0\u00bb\u00c9tudiant\u00a0\u00bb]<\/p>\n<form target=\"paypal\" action=\"https:\/\/www.paypal.com\/cgi-bin\/webscr\" method=\"post\">\n<input type=\"hidden\" name=\"cmd\" value=\"_s-xclick\"><br \/>\n<input type=\"hidden\" name=\"hosted_button_id\" value=\"ZFX3JLJ3D5JZA\"><\/p>\n<table width=\"100%\">\n<tr>\n<td align=\"center\" valign=\"top\">\n<h3><strong>100.00 $<\/strong><\/h3>\n<\/td>\n<\/tr>\n<tr>\n<td><input type=\"hidden\" name=\"on0\" value=\"Quantit\u00e9\"><strong>Quantit\u00e9<\/strong><\/td>\n<\/tr>\n<tr>\n<td><select name=\"os0\"><option value=\"1\">1 $100.00 CAD<\/option><option value=\"2\">2 $200.00 CAD<\/option><option value=\"3\">3 $300.00 CAD<\/option><option value=\"4\">4 $400.00 CAD<\/option><\/select> <\/td>\n<\/tr>\n<tr>\n<td><input type=\"hidden\" name=\"on1\" value=\"Pr\u00e9f\u00e9rence\"><strong>Pr\u00e9f\u00e9rence<\/strong><\/td>\n<\/tr>\n<tr>\n<td><select name=\"os1\"><option value=\"Meilleur(s) si\u00e8ge(s)\">Meilleur(s) si\u00e8ge(s) <\/option><option value=\"Parterre\">Parterre <\/option><option value=\"Balcon\">Balcon <\/option><\/select> <\/td>\n<\/tr>\n<\/table>\n<p><input type=\"hidden\" name=\"currency_code\" value=\"CAD\"><br \/>\n<input type=\"image\" src=\"https:\/\/orchestrenouvellegeneration.com\/wp-content\/uploads\/2014\/06\/achetez.jpg\" border=\"0\" name=\"submit\" alt=\"PayPal - The safer, easier way to pay online!\"><br \/>\n<img loading=\"lazy\" decoding=\"async\" alt=\"\" border=\"0\" src=\"https:\/\/www.paypalobjects.com\/en_US\/i\/scr\/pixel.gif\" width=\"1\" height=\"1\"><br \/>\n<\/form>\n<p>[\/pricing_column]<\/p>\n<p>[\/pricing_table][\/two_third_column]<br \/>\n[three_column_last][error]<strong>La s\u00e9rie de 5 concerts comprends:<\/strong><br \/>\nSouvenir d&rsquo;un souvenir &#8211; 10 octobre 2015<br \/>\nLes pleurs et les rires &#8211; 19 decembre 2015<br \/>\nCarnaval des animaux &#8211; 30 janvier 2016<br \/>\nPaganini Cymbalumesque &#8211; 26 mars 2016<br \/>\nCarmen &#8211; 4 juin 2016<\/p>\n<p>Vous pouvez aussi vous abonner par t\u00e9l\u00e9phone au (514) 587-2477<br \/>\n[\/error]<br \/>\n[\/three_column_last]<\/p>\n","protected":false},"excerpt":{"rendered":"<p>[two_third_column][pricing_table columns=\u00a0\u00bb2&Prime;] [pricing_column title=\u00a0\u00bbAdulte\u00a0\u00bb] 125.00 $ Quantit\u00e9 1 $125.00 CAD2 $250.00 CAD3 $375.00 CAD4 $500.00 CAD Pr\u00e9f\u00e9rence Meilleur(s) si\u00e8ge(s) Parterre Balcon [\/pricing_column] [pricing_column title=\u00a0\u00bb\u00c9tudiant\u00a0\u00bb] 100.00 $<span class=\"excerpt-hellip\"> [\u2026]<\/span><\/p>\n","protected":false},"author":9,"featured_media":0,"parent":5221,"menu_order":0,"comment_status":"closed","ping_status":"open","template":"","meta":{"footnotes":""},"class_list":["post-5329","page","type-page","status-publish","hentry"],"_links":{"self":[{"href":"https:\/\/orchestrenouvellegeneration.com\/fr\/wp-json\/wp\/v2\/pages\/5329","targetHints":{"allow":["GET"]}}],"collection":[{"href":"https:\/\/orchestrenouvellegeneration.com\/fr\/wp-json\/wp\/v2\/pages"}],"about":[{"href":"https:\/\/orchestrenouvellegeneration.com\/fr\/wp-json\/wp\/v2\/types\/page"}],"author":[{"embeddable":true,"href":"https:\/\/orchestrenouvellegeneration.com\/fr\/wp-json\/wp\/v2\/users\/9"}],"replies":[{"embeddable":true,"href":"https:\/\/orchestrenouvellegeneration.com\/fr\/wp-json\/wp\/v2\/comments?post=5329"}],"version-history":[{"count":3,"href":"https:\/\/orchestrenouvellegeneration.com\/fr\/wp-json\/wp\/v2\/pages\/5329\/revisions"}],"predecessor-version":[{"id":5331,"href":"https:\/\/orchestrenouvellegeneration.com\/fr\/wp-json\/wp\/v2\/pages\/5329\/revisions\/5331"}],"up":[{"embeddable":true,"href":"https:\/\/orchestrenouvellegeneration.com\/fr\/wp-json\/wp\/v2\/pages\/5221"}],"wp:attachment":[{"href":"https:\/\/orchestrenouvellegeneration.com\/fr\/wp-json\/wp\/v2\/media?parent=5329"}],"curies":[{"name":"wp","href":"https:\/\/api.w.org\/{rel}","templated":true}]}}