{"id":5268,"date":"2015-07-31T20:36:03","date_gmt":"2015-07-31T20:36:03","guid":{"rendered":"https:\/\/orchestrenouvellegeneration.com\/?page_id=5268"},"modified":"2021-03-05T21:45:56","modified_gmt":"2021-03-05T21:45:56","slug":"4-juin-2016","status":"publish","type":"page","link":"https:\/\/orchestrenouvellegeneration.com\/fr\/saison-2015-2016\/4-juin-2016\/","title":{"rendered":"4 juin 2016"},"content":{"rendered":"<div class=\"wpb-content-wrapper\"><p>[vc_row][vc_column width=\u00a0\u00bb3\/4&Prime;][vc_column_text]<em>Salle Claude-Champagne<\/em><\/p>\n<p>Laissez-vous s\u00e9duire par l\u2019univers musical passionn\u00e9 de Carmen, avec la composition ing\u00e9nieuse et l\u2019adaptation haute en couleur de l\u2019op\u00e9ra de Bizet r\u00e9alis\u00e9e par compositeur russe Rodion Schedrin.Le sourire rus\u00e9 et l\u2019\u0153il scintillant, et au moyen de d\u2019envol\u00e9es de cordes et de percussions, Shchedrin a revisit\u00e9 les airs bien connus du c\u00e9l\u00e8bre op\u00e9ra de Bizet d\u2019une fa\u00e7on que m\u00eame le compositeur du XIXe si\u00e8cle n\u2019aurait pu imaginer !<\/p>\n<p>Sous la direction du chef d\u2019orchestre et compositeur Airat Ichmouratov et de notre talentueuse soliste Elvira Misbahova, le programme de la soir\u00e9e inclut \u00e9galement l\u2019imp\u00e9tueux concerto no2 pour alto, avec orchestre \u00e0 cordes et clavecin et les sublimes Trois Romances pour alto, harpe et cordes d\u2019Airat Ichmouratov, de m\u00eame que l\u2019intense et rafin\u00e9 Mouvement Symphonique pour cordes no2 d\u2019Alan Belkin.<\/p>\n<p>Une soir\u00e9e exhaltante pour couronner la saison !<\/p>\n<p><strong>Elvira Misbahova<\/strong>, alto<br \/>\n<strong>Airat Ichmouratov<\/strong>, chef d\u2019orchestre<\/p>\n<p><strong>Programme<\/strong><br \/>\nBELKIN Movement Symphonique pour cordes no 2<br \/>\nA. ICHMOURATOV Concerto no 2 pour alto, avec orchestre \u00e0 cordes et clavecin, \u00ab\u00a0Rennsteig\u00a0\u00bb Op.41 Premi\u00e8re nord-am\u00e9ricaine<br \/>\nICHMOURATOV Trois Romances pour alto, harpe et cordes, opus 22<br \/>\nSHCHEDRIN Carmen-Suite pour cordes et percussion, d\u2019apr\u00e8s Bizet<\/p>\n<p>&nbsp;<\/p>\n<p><img loading=\"lazy\" decoding=\"async\" class=\"alignleft size-full wp-image-7580\" title=\"Les Saisons Russes de Montr\u00e9al\" src=\"https:\/\/orchestrenouvellegeneration.com\/wp-content\/uploads\/2015\/07\/logo_srm.gif\" alt=\"Les Saisons Russes de Montr\u00e9al\" width=\"200\" height=\"149\" \/>Ce concert fait partie de la programmation 2016 du festival Les Saisons Russes de Montr\u00e9al.<\/p>\n<p><!--[button link=\"http:\/\/www.admission.com\/artist\/orchestre-nouvelle-generation-billets\/945275?language=fr-ca\" size=\"small\" bgcolor=\"red\" textcolor=\"white\"]Achat de billets[\/button]-->[\/vc_column_text][\/vc_column][vc_column width=\u00a0\u00bb1\/4&Prime;][vc_single_image image=\u00a0\u00bb7561&Prime; img_size=\u00a0\u00bbfull\u00a0\u00bb add_caption=\u00a0\u00bbyes\u00a0\u00bb onclick=\u00a0\u00bblink_image\u00a0\u00bb][vc_single_image image=\u00a0\u00bb7562&Prime; img_size=\u00a0\u00bbfull\u00a0\u00bb add_caption=\u00a0\u00bbyes\u00a0\u00bb onclick=\u00a0\u00bblink_image\u00a0\u00bb][\/vc_column][\/vc_row]<\/p>\n<\/div>","protected":false},"excerpt":{"rendered":"<p>[vc_row][vc_column width=\u00a0\u00bb3\/4&Prime;][vc_column_text]Salle Claude-Champagne Laissez-vous s\u00e9duire par l\u2019univers musical passionn\u00e9 de Carmen, avec la composition ing\u00e9nieuse et l\u2019adaptation haute en couleur de l\u2019op\u00e9ra de Bizet r\u00e9alis\u00e9e par<span class=\"excerpt-hellip\"> [\u2026]<\/span><\/p>\n","protected":false},"author":9,"featured_media":0,"parent":5221,"menu_order":0,"comment_status":"closed","ping_status":"open","template":"","meta":{"footnotes":""},"class_list":["post-5268","page","type-page","status-publish","hentry"],"_links":{"self":[{"href":"https:\/\/orchestrenouvellegeneration.com\/fr\/wp-json\/wp\/v2\/pages\/5268","targetHints":{"allow":["GET"]}}],"collection":[{"href":"https:\/\/orchestrenouvellegeneration.com\/fr\/wp-json\/wp\/v2\/pages"}],"about":[{"href":"https:\/\/orchestrenouvellegeneration.com\/fr\/wp-json\/wp\/v2\/types\/page"}],"author":[{"embeddable":true,"href":"https:\/\/orchestrenouvellegeneration.com\/fr\/wp-json\/wp\/v2\/users\/9"}],"replies":[{"embeddable":true,"href":"https:\/\/orchestrenouvellegeneration.com\/fr\/wp-json\/wp\/v2\/comments?post=5268"}],"version-history":[{"count":7,"href":"https:\/\/orchestrenouvellegeneration.com\/fr\/wp-json\/wp\/v2\/pages\/5268\/revisions"}],"predecessor-version":[{"id":8053,"href":"https:\/\/orchestrenouvellegeneration.com\/fr\/wp-json\/wp\/v2\/pages\/5268\/revisions\/8053"}],"up":[{"embeddable":true,"href":"https:\/\/orchestrenouvellegeneration.com\/fr\/wp-json\/wp\/v2\/pages\/5221"}],"wp:attachment":[{"href":"https:\/\/orchestrenouvellegeneration.com\/fr\/wp-json\/wp\/v2\/media?parent=5268"}],"curies":[{"name":"wp","href":"https:\/\/api.w.org\/{rel}","templated":true}]}}