{"id":5258,"date":"2015-07-31T20:22:02","date_gmt":"2015-07-31T20:22:02","guid":{"rendered":"https:\/\/orchestrenouvellegeneration.com\/?page_id=5258"},"modified":"2021-03-05T21:38:18","modified_gmt":"2021-03-05T21:38:18","slug":"26-mars-2016","status":"publish","type":"page","link":"https:\/\/orchestrenouvellegeneration.com\/fr\/saison-2015-2016\/26-mars-2016\/","title":{"rendered":"PAGANINI CYMBALUMESQUE"},"content":{"rendered":"<div class=\"wpb-content-wrapper\"><p>[vc_row][vc_column width=\u00a0\u00bb3\/4&Prime;][vc_column_text]<em>Salle Claude-Champagne<\/em><\/p>\n<p>Incroyable virtuose du cymbalum, Alexandru \u0218ura est bien connu du public d\u2019ONG. Extraordinaire tant en musique traditionnelle qu\u2019en classique, Alexandru brillera le 26 mars en jouant les fameux Rondo Capricioso de Saint-Sa\u00ebns, la Campanella de Paganini et des m\u00e9lodies roumaines. Pour sa part, l&rsquo;orchestre vous pr\u00e9sentera un quatuor jazzy de Kapustin, le tango-ballet passionn\u00e9 de Pianzolla et le Crisantemi romantique de Puccini.Une soir\u00e9e excitante et pas comme les autres sous la direction d\u2019Alain Aubut.<\/p>\n<p><strong>Alexandru Sura<\/strong>, cymabalum<br \/>\n<strong>Alain Aubut<\/strong>, chef d\u2019orchestre<\/p>\n<p><strong>Programme<\/strong><br \/>\nSAINT-SAENS Introduction et rondo capriccioso Op.28 pour cymbalum et cordes (arr.Alexandru Sura)<br \/>\nPAGANINI La Campanella pour cymbalum et cordes (arr.Alexandru Sura)<br \/>\nMELODIES ROUMAINES pour cymbalum et cordes (arr.Alexandru Sura)<br \/>\nKAPUSTIN Quatuor \u00e0 cordes No.1 0p.88 (arr. pour orchestre \u00e0 cordes)<br \/>\nPUCCINI Crisantemi<br \/>\nPIAZZOLLA Tango Ballet<\/p>\n<p><!--[button link=\"http:\/\/www.admission.com\/artist\/orchestre-nouvelle-generation-billets\/945275?language=fr-ca\" size=\"small\" bgcolor=\"red\" textcolor=\"white\"]Achat de billets[\/button]-->[\/vc_column_text][\/vc_column][vc_column width=\u00a0\u00bb1\/4&Prime;][vc_single_image image=\u00a0\u00bb7560&Prime; img_size=\u00a0\u00bbfull\u00a0\u00bb add_caption=\u00a0\u00bbyes\u00a0\u00bb onclick=\u00a0\u00bblink_image\u00a0\u00bb][vc_single_image image=\u00a0\u00bb7595&Prime; img_size=\u00a0\u00bbfull\u00a0\u00bb add_caption=\u00a0\u00bbyes\u00a0\u00bb onclick=\u00a0\u00bblink_image\u00a0\u00bb][\/vc_column][\/vc_row]<\/p>\n<\/div>","protected":false},"excerpt":{"rendered":"<p>[vc_row][vc_column width=\u00a0\u00bb3\/4&Prime;][vc_column_text]Salle Claude-Champagne Incroyable virtuose du cymbalum, Alexandru \u0218ura est bien connu du public d\u2019ONG. Extraordinaire tant en musique traditionnelle qu\u2019en classique, Alexandru brillera le 26<span class=\"excerpt-hellip\"> [\u2026]<\/span><\/p>\n","protected":false},"author":9,"featured_media":0,"parent":5221,"menu_order":0,"comment_status":"closed","ping_status":"open","template":"","meta":{"footnotes":""},"class_list":["post-5258","page","type-page","status-publish","hentry"],"_links":{"self":[{"href":"https:\/\/orchestrenouvellegeneration.com\/fr\/wp-json\/wp\/v2\/pages\/5258","targetHints":{"allow":["GET"]}}],"collection":[{"href":"https:\/\/orchestrenouvellegeneration.com\/fr\/wp-json\/wp\/v2\/pages"}],"about":[{"href":"https:\/\/orchestrenouvellegeneration.com\/fr\/wp-json\/wp\/v2\/types\/page"}],"author":[{"embeddable":true,"href":"https:\/\/orchestrenouvellegeneration.com\/fr\/wp-json\/wp\/v2\/users\/9"}],"replies":[{"embeddable":true,"href":"https:\/\/orchestrenouvellegeneration.com\/fr\/wp-json\/wp\/v2\/comments?post=5258"}],"version-history":[{"count":9,"href":"https:\/\/orchestrenouvellegeneration.com\/fr\/wp-json\/wp\/v2\/pages\/5258\/revisions"}],"predecessor-version":[{"id":8049,"href":"https:\/\/orchestrenouvellegeneration.com\/fr\/wp-json\/wp\/v2\/pages\/5258\/revisions\/8049"}],"up":[{"embeddable":true,"href":"https:\/\/orchestrenouvellegeneration.com\/fr\/wp-json\/wp\/v2\/pages\/5221"}],"wp:attachment":[{"href":"https:\/\/orchestrenouvellegeneration.com\/fr\/wp-json\/wp\/v2\/media?parent=5258"}],"curies":[{"name":"wp","href":"https:\/\/api.w.org\/{rel}","templated":true}]}}