{"id":5249,"date":"2015-07-31T19:55:27","date_gmt":"2015-07-31T19:55:27","guid":{"rendered":"https:\/\/orchestrenouvellegeneration.com\/?page_id=5249"},"modified":"2021-03-05T17:35:44","modified_gmt":"2021-03-05T17:35:44","slug":"30-janvier-2016","status":"publish","type":"page","link":"https:\/\/orchestrenouvellegeneration.com\/fr\/saison-2015-2016\/30-janvier-2016\/","title":{"rendered":"CARNAVAL DES ANIMAUX"},"content":{"rendered":"<div class=\"wpb-content-wrapper\"><p>[vc_row][vc_column][vc_column_text]<em>Salle Claude-Champagne<\/em><\/p>\n<p>L\u2019Orchestre\u00a0Nouvelle\u00a0G\u00e9n\u00e9ration\u00a0,\u00a0sous\u00a0la\u00a0direction\u00a0d\u2019Alain\u00a0Aubut et avec les pianistes Eva Yulin Shen et Zhengyu Chen, revisite le c\u00e9l\u00e8bre Carnaval des animaux de Saint-Sa\u00ebns en faisant dialoguer musique, th\u00e9\u00e2tre et arts visuels. D\u00e9crivant, avec parfois beaucoup d\u2019humour, les caract\u00e8res et particularit\u00e9s de diff\u00e9rents animaux, du kangourou au lion, en passant par le cygne, les tortues, l\u2019\u00e9l\u00e9phant et les oiseaux de la voli\u00e8re, l\u2019\u0153uvre de Saint-Sa\u00ebns sera ici teint\u00e9e de l\u2019imaginaire russe. Des textes sign\u00e9s par Svetlana Migdissova seront pr\u00e9sent\u00e9s par Igor Ovadis et Vitali Makarov et l\u2019interpr\u00e9tation sera appuy\u00e9e sc\u00e9niquement par une s\u00e9rie de vignettes anim\u00e9es, cr\u00e9\u00e9es pour l\u2019occasion sur les oeuvres de\u00a0 Natasha Turovsky. Aussi au programme, la Neuvi\u00e8me Symphonie pour cordes en do majeur de Mendelssohn et, en premi\u00e8re mondiale, l\u2019\u0153uvre laur\u00e9ate de du concours annuel de composition de l\u2019ONG. Une soir\u00e9e riche en d\u00e9couvertes pour petits et grands!<\/p>\n<p><strong>Programme<\/strong><br \/>\nSAINT-SAENS Le Carnaval des Animaux<br \/>\nMENDELSSOHN Symphonie pour cordes n\u00b09<br \/>\nLAURENCE JOBIDON Le Harfang et le Loup<br \/>\n(Oeuvre in\u00e9dite du gagnant de notre Concours de Composition 2015)<\/p>\n<p><strong>Zhengyu Chen<\/strong>, piano<br \/>\n<strong>Eva Yulin Shen<\/strong>, piano<br \/>\n<strong>Vitali Makarov<\/strong>, acteur<br \/>\n<strong>Igor Ovadis<\/strong>, acteur<br \/>\n<strong>Alain Aubut<\/strong>, chef d\u2019orchestre[\/vc_column_text][\/vc_column][\/vc_row][vc_row][vc_column width=\u00a0\u00bb1\/5&Prime;][vc_single_image image=\u00a0\u00bb7555&Prime; img_size=\u00a0\u00bbfull\u00a0\u00bb add_caption=\u00a0\u00bbyes\u00a0\u00bb onclick=\u00a0\u00bblink_image\u00a0\u00bb][\/vc_column][vc_column width=\u00a0\u00bb1\/5&Prime;][vc_single_image image=\u00a0\u00bb7559&Prime; img_size=\u00a0\u00bbfull\u00a0\u00bb add_caption=\u00a0\u00bbyes\u00a0\u00bb onclick=\u00a0\u00bblink_image\u00a0\u00bb][\/vc_column][vc_column width=\u00a0\u00bb1\/5&Prime;][vc_single_image image=\u00a0\u00bb7666&Prime; img_size=\u00a0\u00bbfull\u00a0\u00bb add_caption=\u00a0\u00bbyes\u00a0\u00bb onclick=\u00a0\u00bblink_image\u00a0\u00bb][\/vc_column][vc_column width=\u00a0\u00bb1\/5&Prime;][vc_single_image image=\u00a0\u00bb7558&Prime; img_size=\u00a0\u00bbfull\u00a0\u00bb add_caption=\u00a0\u00bbyes\u00a0\u00bb onclick=\u00a0\u00bblink_image\u00a0\u00bb][\/vc_column][vc_column width=\u00a0\u00bb1\/5&Prime;][vc_single_image image=\u00a0\u00bb7595&Prime; img_size=\u00a0\u00bbfull\u00a0\u00bb add_caption=\u00a0\u00bbyes\u00a0\u00bb onclick=\u00a0\u00bblink_image\u00a0\u00bb][\/vc_column][\/vc_row]<\/p>\n<\/div>","protected":false},"excerpt":{"rendered":"<p>[vc_row][vc_column][vc_column_text]Salle Claude-Champagne L\u2019Orchestre\u00a0Nouvelle\u00a0G\u00e9n\u00e9ration\u00a0,\u00a0sous\u00a0la\u00a0direction\u00a0d\u2019Alain\u00a0Aubut et avec les pianistes Eva Yulin Shen et Zhengyu Chen, revisite le c\u00e9l\u00e8bre Carnaval des animaux de Saint-Sa\u00ebns en faisant dialoguer musique, th\u00e9\u00e2tre<span class=\"excerpt-hellip\"> [\u2026]<\/span><\/p>\n","protected":false},"author":9,"featured_media":0,"parent":5221,"menu_order":0,"comment_status":"closed","ping_status":"open","template":"","meta":{"footnotes":""},"class_list":["post-5249","page","type-page","status-publish","hentry"],"_links":{"self":[{"href":"https:\/\/orchestrenouvellegeneration.com\/fr\/wp-json\/wp\/v2\/pages\/5249","targetHints":{"allow":["GET"]}}],"collection":[{"href":"https:\/\/orchestrenouvellegeneration.com\/fr\/wp-json\/wp\/v2\/pages"}],"about":[{"href":"https:\/\/orchestrenouvellegeneration.com\/fr\/wp-json\/wp\/v2\/types\/page"}],"author":[{"embeddable":true,"href":"https:\/\/orchestrenouvellegeneration.com\/fr\/wp-json\/wp\/v2\/users\/9"}],"replies":[{"embeddable":true,"href":"https:\/\/orchestrenouvellegeneration.com\/fr\/wp-json\/wp\/v2\/comments?post=5249"}],"version-history":[{"count":10,"href":"https:\/\/orchestrenouvellegeneration.com\/fr\/wp-json\/wp\/v2\/pages\/5249\/revisions"}],"predecessor-version":[{"id":8048,"href":"https:\/\/orchestrenouvellegeneration.com\/fr\/wp-json\/wp\/v2\/pages\/5249\/revisions\/8048"}],"up":[{"embeddable":true,"href":"https:\/\/orchestrenouvellegeneration.com\/fr\/wp-json\/wp\/v2\/pages\/5221"}],"wp:attachment":[{"href":"https:\/\/orchestrenouvellegeneration.com\/fr\/wp-json\/wp\/v2\/media?parent=5249"}],"curies":[{"name":"wp","href":"https:\/\/api.w.org\/{rel}","templated":true}]}}