{"id":5219,"date":"2015-07-30T21:04:36","date_gmt":"2015-07-30T21:04:36","guid":{"rendered":"https:\/\/orchestrenouvellegeneration.com\/?page_id=5219"},"modified":"2021-03-05T17:15:36","modified_gmt":"2021-03-05T17:15:36","slug":"10-octobre-2015","status":"publish","type":"page","link":"https:\/\/orchestrenouvellegeneration.com\/fr\/saison-2015-2016\/10-octobre-2015\/","title":{"rendered":"SOUVENIR D\u2019UN SOUVENIR"},"content":{"rendered":"<div class=\"wpb-content-wrapper\"><p>[vc_row][vc_column width=\u00a0\u00bb3\/4&Prime;][vc_column_text]<em><strong>Salle Pollack<\/strong><\/em><\/p>\n<p>Sous la direction d\u2019Airat Ichmouratov, l\u2019Orchestre Nouvelle G\u00e9n\u00e9ration se joint aux brillants solistes Serhiy Salov et Paul Merkelo pour le premier concert de la cinqui\u00e8me saison. La soir\u00e9e vous r\u00e9serve un harmonieux mariage de charme italien et de passion russe avec le magnifique Souvenir De Florence de Tchaikovsky. Ensuite, le concerto pour piano de Chostakovitch saura ravir et surprendre avec son lyrisme \u00e9toff\u00e9 et son humour ludique, en constante \u00e9volution et d\u00e9fiant les attentes. De notre propre ville, le ravissant opus Scherzo and Grave d\u2019Airat Ichmouratov nous ram\u00e8nera \u00e0 l\u2019\u00e8re actuelle avec son univers onirique, \u00e9th\u00e9r\u00e9 et charg\u00e9 d&rsquo;\u00e9motion.<\/p>\n<p>Une lanc\u00e9e de saison merveilleusement dynamique \u00e0 ne pas manquer!<\/p>\n<p><strong>Programme<\/strong><br \/>\nTCHAIKOVSKY Souvenir de Florence, opus 70<br \/>\nAIRAT ICHMOURATOV Scherzo and Grave opus 35 A<br \/>\nCHOSTAKOVITCH Concerto pour piano, trompette et orchestre \u00e0 cordes en do mineur, opus 35<\/p>\n<p><strong>Solistes invit\u00e9s<\/strong><br \/>\nSERHIY SALOV piano ( <a href=\"http:\/\/www.serhiysalov.com\">www.serhiysalov.com<\/a> )<br \/>\nPAUL MERKELO trompette ( <a href=\"http:\/\/www.paulmerkelotrumpet.com\/\">paulmerkelo.flavors.me<\/a> )<br \/>\nAIRAT ICHMOURATOV chef d\u2019orchestre ( <a href=\"http:\/\/www.airatichmouratov.com\/\">www.airatichmouratov.com<\/a> )[\/vc_column_text][\/vc_column][vc_column width=\u00a0\u00bb1\/4&Prime;][vc_single_image image=\u00a0\u00bb7551&Prime; img_size=\u00a0\u00bbfull\u00a0\u00bb add_caption=\u00a0\u00bbyes\u00a0\u00bb onclick=\u00a0\u00bblink_image\u00a0\u00bb][vc_single_image image=\u00a0\u00bb7550&Prime; img_size=\u00a0\u00bbfull\u00a0\u00bb add_caption=\u00a0\u00bbyes\u00a0\u00bb onclick=\u00a0\u00bblink_image\u00a0\u00bb][vc_single_image image=\u00a0\u00bb7549&Prime; img_size=\u00a0\u00bbfull\u00a0\u00bb add_caption=\u00a0\u00bbyes\u00a0\u00bb onclick=\u00a0\u00bblink_image\u00a0\u00bb][\/vc_column][\/vc_row]<\/p>\n<\/div>","protected":false},"excerpt":{"rendered":"<p>[vc_row][vc_column width=\u00a0\u00bb3\/4&Prime;][vc_column_text]Salle Pollack Sous la direction d\u2019Airat Ichmouratov, l\u2019Orchestre Nouvelle G\u00e9n\u00e9ration se joint aux brillants solistes Serhiy Salov et Paul Merkelo pour le premier concert de<span class=\"excerpt-hellip\"> [\u2026]<\/span><\/p>\n","protected":false},"author":9,"featured_media":0,"parent":5221,"menu_order":1,"comment_status":"closed","ping_status":"open","template":"","meta":{"footnotes":""},"class_list":["post-5219","page","type-page","status-publish","hentry"],"_links":{"self":[{"href":"https:\/\/orchestrenouvellegeneration.com\/fr\/wp-json\/wp\/v2\/pages\/5219","targetHints":{"allow":["GET"]}}],"collection":[{"href":"https:\/\/orchestrenouvellegeneration.com\/fr\/wp-json\/wp\/v2\/pages"}],"about":[{"href":"https:\/\/orchestrenouvellegeneration.com\/fr\/wp-json\/wp\/v2\/types\/page"}],"author":[{"embeddable":true,"href":"https:\/\/orchestrenouvellegeneration.com\/fr\/wp-json\/wp\/v2\/users\/9"}],"replies":[{"embeddable":true,"href":"https:\/\/orchestrenouvellegeneration.com\/fr\/wp-json\/wp\/v2\/comments?post=5219"}],"version-history":[{"count":16,"href":"https:\/\/orchestrenouvellegeneration.com\/fr\/wp-json\/wp\/v2\/pages\/5219\/revisions"}],"predecessor-version":[{"id":8041,"href":"https:\/\/orchestrenouvellegeneration.com\/fr\/wp-json\/wp\/v2\/pages\/5219\/revisions\/8041"}],"up":[{"embeddable":true,"href":"https:\/\/orchestrenouvellegeneration.com\/fr\/wp-json\/wp\/v2\/pages\/5221"}],"wp:attachment":[{"href":"https:\/\/orchestrenouvellegeneration.com\/fr\/wp-json\/wp\/v2\/media?parent=5219"}],"curies":[{"name":"wp","href":"https:\/\/api.w.org\/{rel}","templated":true}]}}