{"id":5155,"date":"2015-05-06T04:21:50","date_gmt":"2015-05-06T04:21:50","guid":{"rendered":"https:\/\/orchestrenouvellegeneration.com\/?page_id=5155"},"modified":"2021-03-04T15:35:10","modified_gmt":"2021-03-04T15:35:10","slug":"don","status":"publish","type":"page","link":"https:\/\/orchestrenouvellegeneration.com\/fr\/don\/","title":{"rendered":"Faire un don"},"content":{"rendered":"<h2>Fa\u00e7ons de faire un don<\/h2>\n<p>Nous acceptons les dons via PayPal, par t\u00e9l\u00e9phone ou par ch\u00e8que.<\/p>\n<ul>\n<li>Pour faire un don via PayPal, cliquez sur le bouton <strong>Faire un don<\/strong> ci-dessous<\/li>\n<li>Pour faire un don par t\u00e9l\u00e9phone, composez le (514) 587-2477. Nous acceptons les paiements VISA et MasterCard<\/li>\n<li>Pour faire un don par ch\u00e8que, veuillez libell\u00e9 votre ch\u00e8que \u00e0 \u00ab Orchestre Nouvelle G\u00e9n\u00e9ration \u00bb \u00e0 l\u2019adresse suivante:<\/li>\n<\/ul>\n<p>Orchestre Nouvelle G\u00e9n\u00e9ration<br \/>\n4427 Melrose<br \/>\nMontr\u00e9al (Qu\u00e9bec) H4A 2S7<\/p>\n<p><em>Veuillez inclure votre nom et adresse postale pour que nous puissions vous faire parvenir votre re\u00e7u pour fins d\u2019imp\u00f4t<\/em>.<\/p>\n<p>Pour dons par ch\u00e8que ou par carte de cr\u00e9dit, veuillez t\u00e9l\u00e9charger et compl\u00e9ter le <a title=\"formulaire de don\" href=\"https:\/\/orchestrenouvellegeneration.com\/wp-content\/uploads\/2015\/05\/donationform.pdf\" target=\"_blank\" rel=\"noopener\"><strong>formulaire de don<\/strong><\/a> et l&rsquo;envoyer avec votre don.<\/p>\n<h2>Dons jumel\u00e9s<\/h2>\n<p>Plusieurs employeurs souhaitent encourager les dons de bienfaisance au sein de leur entreprise en mettant sur pied des programmes de dons jumel\u00e9s par lesquels ils s\u2019engagent \u00e0 verser une contribution \u00e9quivalente \u00e0 celles faites par leurs employ\u00e9s. Vous pouvez v\u00e9rifier aupr\u00e8s de votre employeurs si de tels programmes existent.<\/p>\n<h2>Niveaux de don<\/h2>\n<ul>\n<li>Ami : 25 $ +<\/li>\n<li>Soutien : 100 $ +<\/li>\n<li>Protecteur : 500 $ +<\/li>\n<li>Bienfaiteur : 1 000 $ +<\/li>\n<li>Gouverneur : 5 000 $ +<\/li>\n<\/ul>\n<p><em>Les re\u00e7us d\u2019imp\u00f4t seront \u00e9mis pour les dons de 25$ et plus.<\/em><\/p>\n<form action=\"https:\/\/www.paypal.com\/cgi-bin\/webscr\" method=\"post\" target=\"_top\"><input name=\"cmd\" type=\"hidden\" value=\"_s-xclick\" \/><br \/>\n<input name=\"hosted_button_id\" type=\"hidden\" value=\"B436FQZAA5E4A\" \/><br \/>\n<input alt=\"PayPal - la solution de paiement en ligne la plus simple et la plus s\u00e9curis\u00e9e !\" name=\"submit\" src=\"https:\/\/www.paypalobjects.com\/fr_CA\/i\/btn\/btn_donateCC_LG.gif\" type=\"image\" \/><br \/>\n<img loading=\"lazy\" decoding=\"async\" src=\"https:\/\/www.paypalobjects.com\/en_US\/i\/scr\/pixel.gif\" alt=\"\" width=\"1\" height=\"1\" border=\"0\" \/><\/form>\n","protected":false},"excerpt":{"rendered":"<p>Fa\u00e7ons de faire un don Nous acceptons les dons via PayPal, par t\u00e9l\u00e9phone ou par ch\u00e8que. Pour faire un don via PayPal, cliquez sur le bouton<span class=\"excerpt-hellip\"> [\u2026]<\/span><\/p>\n","protected":false},"author":9,"featured_media":0,"parent":0,"menu_order":111,"comment_status":"closed","ping_status":"open","template":"","meta":{"footnotes":""},"class_list":["post-5155","page","type-page","status-publish","hentry"],"_links":{"self":[{"href":"https:\/\/orchestrenouvellegeneration.com\/fr\/wp-json\/wp\/v2\/pages\/5155","targetHints":{"allow":["GET"]}}],"collection":[{"href":"https:\/\/orchestrenouvellegeneration.com\/fr\/wp-json\/wp\/v2\/pages"}],"about":[{"href":"https:\/\/orchestrenouvellegeneration.com\/fr\/wp-json\/wp\/v2\/types\/page"}],"author":[{"embeddable":true,"href":"https:\/\/orchestrenouvellegeneration.com\/fr\/wp-json\/wp\/v2\/users\/9"}],"replies":[{"embeddable":true,"href":"https:\/\/orchestrenouvellegeneration.com\/fr\/wp-json\/wp\/v2\/comments?post=5155"}],"version-history":[{"count":12,"href":"https:\/\/orchestrenouvellegeneration.com\/fr\/wp-json\/wp\/v2\/pages\/5155\/revisions"}],"predecessor-version":[{"id":7999,"href":"https:\/\/orchestrenouvellegeneration.com\/fr\/wp-json\/wp\/v2\/pages\/5155\/revisions\/7999"}],"wp:attachment":[{"href":"https:\/\/orchestrenouvellegeneration.com\/fr\/wp-json\/wp\/v2\/media?parent=5155"}],"curies":[{"name":"wp","href":"https:\/\/api.w.org\/{rel}","templated":true}]}}