{"id":5057,"date":"2015-01-12T15:54:13","date_gmt":"2015-01-12T15:54:13","guid":{"rendered":"https:\/\/orchestrenouvellegeneration.com\/?page_id=5057"},"modified":"2015-01-12T16:01:44","modified_gmt":"2015-01-12T16:01:44","slug":"gagnant-du-concours-de-composition-2014","status":"publish","type":"page","link":"https:\/\/orchestrenouvellegeneration.com\/fr\/gagnant-du-concours-de-composition-2014\/","title":{"rendered":"Gagnant du Concours de Composition 2014"},"content":{"rendered":"<p><img loading=\"lazy\" decoding=\"async\" class=\"alignright  wp-image-5053\" style=\"margin-top: 1px; margin-left: 10px; margin-bottom: 10px; border-width: 1px; border-style: solid; border-color: #333;\" title=\"Roydon Tse\" src=\"https:\/\/orchestrenouvellegeneration.com\/wp-content\/uploads\/2015\/01\/Roydon_Tse.jpg\" alt=\"\" width=\"216\" height=\"324\" srcset=\"https:\/\/orchestrenouvellegeneration.com\/wp-content\/uploads\/2015\/01\/Roydon_Tse.jpg 216w, https:\/\/orchestrenouvellegeneration.com\/wp-content\/uploads\/2015\/01\/Roydon_Tse-200x300.jpg 200w, https:\/\/orchestrenouvellegeneration.com\/wp-content\/uploads\/2015\/01\/Roydon_Tse-192x288.jpg 192w, https:\/\/orchestrenouvellegeneration.com\/wp-content\/uploads\/2015\/01\/Roydon_Tse-166x250.jpg 166w\" sizes=\"auto, (max-width:767px) 216px, 216px\" \/>Compositeur \u00ab scintillant de professionnalisme \u00bb (Vancouver Sun), Roydon Tse est un compositeur et pianiste sino-canadien prim\u00e9. Sa musique a \u00e9t\u00e9 pr\u00e9sent\u00e9e en Am\u00e9rique du Nord, en Europe, en Chine et en Australie par des orchestres tels que le Symphonique de Toronto, le Symphonique de Vancouver, le Symphonique de Victoria, le Symphonique de Winnipeg, le Symphonique d\u2019Edmonton, le Philharmonique de Brno, l\u2019Orchestre de chambre de Kitchener-Waterloo, l\u2019Orchestre Symphonique Jeunesse de Toronto, l\u2019Orchestre Jeunesse de Nouvelle \u00c9cosse, ECM+, Quatuor Bozzini, Trio Anima Mundi, la Chorale du Festival de Mississauga, l\u2019Ensemble de Chambre de Land\u2019s End et les Vanguard Voices.<\/p>\n<p>Parmi les concerts \u00e0 venir, il y aura <em>Three Musings<\/em> avec le Symphonique de Kitchener-Waterloo, le Symphonique de Caroline orientale et le Philharmonique d\u2019Etobicoke; <em>Down The Rabbit Hole<\/em> avec Orchestre Nouvelle G\u00e9n\u00e9ration et <em>Footsteps in Campbell House<\/em> pour le Collectif Opera de l\u2019Universit\u00e9 de Toronto.<\/p>\n<p>Il a re\u00e7u des prix et bourses pour sa musique du Centre Canadien de musique, de l\u2019Universit\u00e9 d\u2019Indiana, d\u2019UBC, de l\u2019Universit\u00e9 de Toronto, de l\u2019Universit\u00e9 d\u2019\u00c9tat de Californie, de l\u2019Edmonton <em>Mayor\u2019s Celebration for the Arts<\/em>, le Conseil du Canada pour les arts, le trio Anima Mundi, la comp\u00e9tition pour compositeurs Robert Avalon, la Chorale de Chambre de Vancouver, la Fondation des Arts de l\u2019Alberta et la Fondation Symphonique d\u2019Edmonton.<\/p>\n<p>Il d\u00e9tient un baccalaur\u00e9at en composition musicale de l\u2019Universit\u00e9 de Colombie Britannique et va compl\u00e9ter sa ma\u00eetrise en composition \u00e0 l\u2019Universit\u00e9 de Toronto. Parmi ses professeurs en composition il y a : Christos Hatzis, Gary Kulesha, Dorothy Chang, Stephen Chatman et Jogn Estacio .<\/p>\n<p>(<a href=\"http:\/\/(www.roydontse.com)\" target=\"_blank\">www.roydontse.com<\/a>)<\/p>\n","protected":false},"excerpt":{"rendered":"<p>Compositeur \u00ab scintillant de professionnalisme \u00bb (Vancouver Sun), Roydon Tse est un compositeur et pianiste sino-canadien prim\u00e9. Sa musique a \u00e9t\u00e9 pr\u00e9sent\u00e9e en Am\u00e9rique du Nord,<span class=\"excerpt-hellip\"> [\u2026]<\/span><\/p>\n","protected":false},"author":9,"featured_media":0,"parent":0,"menu_order":0,"comment_status":"closed","ping_status":"open","template":"","meta":{"footnotes":""},"class_list":["post-5057","page","type-page","status-publish","hentry"],"_links":{"self":[{"href":"https:\/\/orchestrenouvellegeneration.com\/fr\/wp-json\/wp\/v2\/pages\/5057","targetHints":{"allow":["GET"]}}],"collection":[{"href":"https:\/\/orchestrenouvellegeneration.com\/fr\/wp-json\/wp\/v2\/pages"}],"about":[{"href":"https:\/\/orchestrenouvellegeneration.com\/fr\/wp-json\/wp\/v2\/types\/page"}],"author":[{"embeddable":true,"href":"https:\/\/orchestrenouvellegeneration.com\/fr\/wp-json\/wp\/v2\/users\/9"}],"replies":[{"embeddable":true,"href":"https:\/\/orchestrenouvellegeneration.com\/fr\/wp-json\/wp\/v2\/comments?post=5057"}],"version-history":[{"count":5,"href":"https:\/\/orchestrenouvellegeneration.com\/fr\/wp-json\/wp\/v2\/pages\/5057\/revisions"}],"predecessor-version":[{"id":5666,"href":"https:\/\/orchestrenouvellegeneration.com\/fr\/wp-json\/wp\/v2\/pages\/5057\/revisions\/5666"}],"wp:attachment":[{"href":"https:\/\/orchestrenouvellegeneration.com\/fr\/wp-json\/wp\/v2\/media?parent=5057"}],"curies":[{"name":"wp","href":"https:\/\/api.w.org\/{rel}","templated":true}]}}