{"id":4892,"date":"2014-07-18T13:35:24","date_gmt":"2014-07-18T13:35:24","guid":{"rendered":"https:\/\/orchestrenouvellegeneration.com\/?page_id=4892"},"modified":"2014-07-18T13:39:44","modified_gmt":"2014-07-18T13:39:44","slug":"july-17-2014-2","status":"publish","type":"page","link":"https:\/\/orchestrenouvellegeneration.com\/fr\/july-17-2014-2\/","title":{"rendered":"24 juillet 2014"},"content":{"rendered":"<p>[two_third_column]<\/p>\n<h3>L\u2019ORCHESTRE POUR RIRE<\/h3>\n<p><strong>Christopher Hall<\/strong>, com\u00e9dien<br \/>\n<strong>Alain Aubut<\/strong>, chef d&rsquo;orchestre<\/p>\n<p>L\u2019humoriste r\u00e9pond \u00e0 toutes vos interrogations comme : \u00ab \u00c0 quoi pense un musicien lorsqu\u2019il joue ? \u00bb, \u00ab A-t-on vraiment besoin d\u2019un chef d\u2019orchestre? \u00bb ou LA question qui tue\u2026 \u00ab Quand est-ce que je peux d\u00e9baller mon bonbon ? \u00bb. En outre, pour compl\u00e9ter l\u2019exercice, Christopher Hall affrontera aux questions les plus indiscr\u00e8tes du public.<\/p>\n<p>Les n\u00e9ophytes comme les m\u00e9lomanes les plus aguerris y trouveront leur compte, dans un alliage magique de musique et de fantaisie.<\/p>\n<p><em>\u00ab Entre les pi\u00e8ces, Christopher Hall joue au stand-up comic et se paie la gueule des musiciens et du maestro, histoire de rappeler au grand public que la musique symphonique est \u00e0 la port\u00e9e de tous et ne n\u00e9cessite pas un doctorat en musicologie ou un manteau de vison. \u00bb<\/em> \u2014 Nathalie Petrowski, La Presse<\/p>\n<div class=\"button_align align_left\"><a class=\"button  button_size_small\" href=\"http:\/\/www.hahaha.com\/fr\/christopher-hall-lorchestre-pour-rire\"         title=\"\"><span class=\"button_label\">Button<\/span><\/a><\/div>\n\n<p>[\/two_third_column]<br \/>\n[three_column_last]<\/p>\n<div id=\"attachment_4886\" style=\"width: 310px\" class=\"wp-caption alignleft\"><img loading=\"lazy\" decoding=\"async\" aria-describedby=\"caption-attachment-4886\" class=\"alignleft size-full wp-image-4886\" style=\"margin-top: 1px; border-width: 1px; border-style: solid; border-color: #333;\" title=\"Christopher Hall, com\u00e9dien\" src=\"https:\/\/orchestrenouvellegeneration.com\/wp-content\/uploads\/2014\/07\/christopher_hall_300x200.jpg\" alt=\"\" width=\"300\" height=\"200\" srcset=\"https:\/\/orchestrenouvellegeneration.com\/wp-content\/uploads\/2014\/07\/christopher_hall_300x200.jpg 300w, https:\/\/orchestrenouvellegeneration.com\/wp-content\/uploads\/2014\/07\/christopher_hall_300x200-288x192.jpg 288w, https:\/\/orchestrenouvellegeneration.com\/wp-content\/uploads\/2014\/07\/christopher_hall_300x200-250x166.jpg 250w\" sizes=\"auto, (max-width:767px) 300px, 300px\" \/><p id=\"caption-attachment-4886\" class=\"wp-caption-text\">Christopher Hall, com\u00e9dien<\/p><\/div>\n<div id=\"attachment_3344\" style=\"width: 310px\" class=\"wp-caption alignleft\"><img loading=\"lazy\" decoding=\"async\" aria-describedby=\"caption-attachment-3344\" class=\"alignleft size-full wp-image-3344\" style=\"margin-top: 1px; border-width: 1px; border-style: solid; border-color: #333;\" title=\"Alain Aubut, chef d'orchestre\" src=\"https:\/\/orchestrenouvellegeneration.com\/wp-content\/uploads\/2013\/05\/alainaubut2013.jpg\" alt=\"\" width=\"300\" height=\"200\" srcset=\"https:\/\/orchestrenouvellegeneration.com\/wp-content\/uploads\/2013\/05\/alainaubut2013.jpg 300w, https:\/\/orchestrenouvellegeneration.com\/wp-content\/uploads\/2013\/05\/alainaubut2013-288x192.jpg 288w, https:\/\/orchestrenouvellegeneration.com\/wp-content\/uploads\/2013\/05\/alainaubut2013-250x166.jpg 250w\" sizes=\"auto, (max-width:767px) 300px, 300px\" \/><p id=\"caption-attachment-3344\" class=\"wp-caption-text\">Alain Aubut, chef d&rsquo;orchestre<\/p><\/div>\n<p>[\/three_column_last]<\/p>\n","protected":false},"excerpt":{"rendered":"<p>[two_third_column] L\u2019ORCHESTRE POUR RIRE Christopher Hall, com\u00e9dien Alain Aubut, chef d&rsquo;orchestre L\u2019humoriste r\u00e9pond \u00e0 toutes vos interrogations comme : \u00ab \u00c0 quoi pense un musicien lorsqu\u2019il<span class=\"excerpt-hellip\"> [\u2026]<\/span><\/p>\n","protected":false},"author":9,"featured_media":0,"parent":0,"menu_order":0,"comment_status":"closed","ping_status":"open","template":"","meta":{"footnotes":""},"class_list":["post-4892","page","type-page","status-publish","hentry"],"_links":{"self":[{"href":"https:\/\/orchestrenouvellegeneration.com\/fr\/wp-json\/wp\/v2\/pages\/4892","targetHints":{"allow":["GET"]}}],"collection":[{"href":"https:\/\/orchestrenouvellegeneration.com\/fr\/wp-json\/wp\/v2\/pages"}],"about":[{"href":"https:\/\/orchestrenouvellegeneration.com\/fr\/wp-json\/wp\/v2\/types\/page"}],"author":[{"embeddable":true,"href":"https:\/\/orchestrenouvellegeneration.com\/fr\/wp-json\/wp\/v2\/users\/9"}],"replies":[{"embeddable":true,"href":"https:\/\/orchestrenouvellegeneration.com\/fr\/wp-json\/wp\/v2\/comments?post=4892"}],"version-history":[{"count":2,"href":"https:\/\/orchestrenouvellegeneration.com\/fr\/wp-json\/wp\/v2\/pages\/4892\/revisions"}],"predecessor-version":[{"id":4893,"href":"https:\/\/orchestrenouvellegeneration.com\/fr\/wp-json\/wp\/v2\/pages\/4892\/revisions\/4893"}],"wp:attachment":[{"href":"https:\/\/orchestrenouvellegeneration.com\/fr\/wp-json\/wp\/v2\/media?parent=4892"}],"curies":[{"name":"wp","href":"https:\/\/api.w.org\/{rel}","templated":true}]}}